{"id":3208,"date":"2025-08-10T15:56:39","date_gmt":"2025-08-10T13:56:39","guid":{"rendered":"https:\/\/fts.you2.pl\/index.php\/produkt\/koszulka-treningowa-manchester-united-2002-04-l\/"},"modified":"2025-09-19T18:01:35","modified_gmt":"2025-09-19T16:01:35","slug":"koszulka-treningowa-manchester-united-2002-04-l","status":"publish","type":"product","link":"https:\/\/fts.you2.pl\/de\/koszulka-treningowa-manchester-united-2002-04-l\/","title":{"rendered":"Koszulka treningowa Manchester United 2002\/04 [L]"},"content":{"rendered":"<p><strong>Klub:<\/strong> Manchester United<\/p>\n<p><strong>Sezon:<\/strong> 2002\/04<\/p>\n<p><strong>Rozmiar: <\/strong>L<\/p>\n<p><strong>Stan:<\/strong> Doskona\u0142y<\/p>\n<p><strong>Wymiary (szeroko\u015b\u0107 pod pachami\/d\u0142ugo\u015b\u0107) w cm: <\/strong>59\/65<\/p>","protected":false},"excerpt":{"rendered":"<p data-start=\"0\" data-end=\"89\"><strong data-start=\"0\" data-end=\"87\">Oryginalna treningowa koszulka Manchesteru United z lat 2002\u20132004 \u2013 produkcji Nike.<\/strong><\/p>\n<p data-start=\"91\" data-end=\"526\">Ta <strong data-start=\"94\" data-end=\"147\">oryginalna treningowa koszulka Manchesteru United<\/strong> z lat <strong data-start=\"154\" data-end=\"167\">2002\u20132004<\/strong>, wyprodukowana przez <strong data-start=\"189\" data-end=\"197\">Nike<\/strong>, to klasyczny model z pocz\u0105tku XXI wieku, zaprojektowany z my\u015bl\u0105 o sesjach treningowych jednej z najbardziej utytu\u0142owanych dru\u017cyn \u015bwiata. Koszulka wyr\u00f3\u017cnia si\u0119 <strong data-start=\"358\" data-end=\"403\">minimalistycznym i ponadczasowym designem<\/strong>, kt\u00f3ry sprawia, \u017ce doskonale sprawdzi si\u0119 nie tylko na boisku, ale tak\u017ce jako element <strong data-start=\"490\" data-end=\"523\">codziennego, sportowego stylu<\/strong>.<\/p>\n<p data-start=\"528\" data-end=\"915\">Utrzymana w <strong data-start=\"540\" data-end=\"560\">g\u0142\u0119bokiej czerni<\/strong>, koszulka posiada <strong data-start=\"579\" data-end=\"619\">napis \u201eManchester United\u201d<\/strong> na froncie oraz <strong data-start=\"636\" data-end=\"650\">herb klubu<\/strong> umieszczony subtelnie <strong data-start=\"673\" data-end=\"693\">na dolnej cz\u0119\u015bci<\/strong> materia\u0142u, co nadaje jej unikalnego, asymetrycznego charakteru. Brak krzykliwych grafik i sponsorskich logotyp\u00f3w sprawia, \u017ce koszulka prezentuje si\u0119 bardzo <strong data-start=\"850\" data-end=\"874\">czysto i nowocze\u015bnie<\/strong>, nawet z perspektywy dzisiejszej mody.<\/p>\n<p data-start=\"917\" data-end=\"1173\">Wykonana z lekkiego, oddychaj\u0105cego materia\u0142u technicznego, koszulka zapewnia komfort noszenia zar\u00f3wno podczas aktywno\u015bci fizycznej, jak i na co dzie\u0144. <strong data-start=\"1068\" data-end=\"1097\">Lu\u017aniejszy, swobodny kr\u00f3j<\/strong>, typowy dla modeli treningowych z tamtych lat, dodaje jej uniwersalno\u015bci.<\/p>\n<p data-start=\"1175\" data-end=\"1397\">To model noszony przez pi\u0142karzy United w erze takich legend jak <strong data-start=\"1239\" data-end=\"1314\">Ryan Giggs, Paul Scholes, Roy Keane, Rio Ferdinand, Ruud van Nistelrooy<\/strong> czy <strong data-start=\"1319\" data-end=\"1340\">Cristiano Ronaldo<\/strong>, kt\u00f3ry debiutowa\u0142 w barwach klubu w\u0142a\u015bnie w 2003 roku.<\/p>\n<p data-start=\"1399\" data-end=\"1665\" data-is-last-node=\"\" data-is-only-node=\"\">Koszulka ta to \u015bwietny wyb\u00f3r dla fan\u00f3w Manchesteru United, <strong data-start=\"1458\" data-end=\"1496\">kolekcjoner\u00f3w odzie\u017cy z epoki Nike<\/strong>, a tak\u017ce dla tych, kt\u00f3rzy ceni\u0105 <strong data-start=\"1529\" data-end=\"1584\">prosty, funkcjonalny i stylowy look z pi\u0142karskim DNA<\/strong>. Idealna do noszenia na co dzie\u0144 \u2013 z odrobin\u0105 historii Czerwonych Diab\u0142\u00f3w w tle.<\/p>","protected":false},"featured_media":15750,"template":"","meta":{"_kad_blocks_custom_css":"","_kad_blocks_head_custom_js":"","_kad_blocks_body_custom_js":"","_kad_blocks_footer_custom_js":"","_kad_post_transparent":"","_kad_post_title":"","_kad_post_layout":"","_kad_post_sidebar_id":"","_kad_post_content_style":"","_kad_post_vertical_padding":"","_kad_post_feature":"","_kad_post_feature_position":"","_kad_post_header":false,"_kad_post_footer":false},"product_brand":[55],"product_cat":[25,32,31,26,133],"product_tag":[],"class_list":{"0":"post-3208","1":"product","2":"type-product","3":"status-publish","4":"has-post-thumbnail","6":"product_brand-nike","7":"product_cat-inne","8":"product_cat-kluby-angielskie","9":"product_cat-kluby-europejskie","10":"product_cat-kurtki-bluzy-trening","11":"product_cat-manchester-united","12":"pa_rozmiar-l","14":"first","15":"instock","16":"taxable","17":"shipping-taxable","18":"purchasable","19":"product-type-simple","20":"entry","21":"content-bg","22":"loop-entry"},"taxonomy_info":{"product_brand":[{"value":55,"label":"Nike"}],"product_cat":[{"value":25,"label":"Inne"},{"value":32,"label":"Kluby Angielskie"},{"value":31,"label":"Kluby Europejskie"},{"value":26,"label":"Kurtki\/bluzy\/trening"},{"value":133,"label":"Manchester United"}],"pa_rozmiar":[{"value":39,"label":"L"}]},"featured_image_src_large":["https:\/\/fts.you2.pl\/wp-content\/uploads\/2025\/09\/Photoroom_044_20250825_124353-1024x1024.png",1024,1024,true],"author_info":[],"comment_info":"","_links":{"self":[{"href":"https:\/\/fts.you2.pl\/de\/wp-json\/wp\/v2\/product\/3208","targetHints":{"allow":["GET"]}}],"collection":[{"href":"https:\/\/fts.you2.pl\/de\/wp-json\/wp\/v2\/product"}],"about":[{"href":"https:\/\/fts.you2.pl\/de\/wp-json\/wp\/v2\/types\/product"}],"wp:featuredmedia":[{"embeddable":true,"href":"https:\/\/fts.you2.pl\/de\/wp-json\/wp\/v2\/media\/15750"}],"wp:attachment":[{"href":"https:\/\/fts.you2.pl\/de\/wp-json\/wp\/v2\/media?parent=3208"}],"wp:term":[{"taxonomy":"product_brand","embeddable":true,"href":"https:\/\/fts.you2.pl\/de\/wp-json\/wp\/v2\/product_brand?post=3208"},{"taxonomy":"product_cat","embeddable":true,"href":"https:\/\/fts.you2.pl\/de\/wp-json\/wp\/v2\/product_cat?post=3208"},{"taxonomy":"product_tag","embeddable":true,"href":"https:\/\/fts.you2.pl\/de\/wp-json\/wp\/v2\/product_tag?post=3208"}],"curies":[{"name":"wp","href":"https:\/\/api.w.org\/{rel}","templated":true}]}}