{"id":3217,"date":"2025-08-17T15:56:22","date_gmt":"2025-08-17T13:56:22","guid":{"rendered":"https:\/\/fts.you2.pl\/index.php\/produkt\/koszulka-pilkarska-burnley-fc-2017-18-home-s\/"},"modified":"2025-09-19T17:41:21","modified_gmt":"2025-09-19T15:41:21","slug":"koszulka-pilkarska-burnley-fc-2017-18-home-s","status":"publish","type":"product","link":"https:\/\/fts.you2.pl\/de\/koszulka-pilkarska-burnley-fc-2017-18-home-s\/","title":{"rendered":"Koszulka pi\u0142karska Burnley FC 2017\/18 Home [S]"},"content":{"rendered":"<p><strong>Klub:<\/strong> Burnley FC<\/p>\n<p><strong>Sezon:<\/strong> 2017\/18 Home<\/p>\n<p><strong>Rozmiar: <\/strong>S<\/p>\n<p><strong>Stan:<\/strong> Doskona\u0142y<\/p>\n<p><strong>Wymiary (szeroko\u015b\u0107 pod pachami\/d\u0142ugo\u015b\u0107) w cm: <\/strong>45\/70<\/p>","protected":false},"excerpt":{"rendered":"<p data-start=\"0\" data-end=\"81\"><strong data-start=\"0\" data-end=\"79\">Oryginalna koszulka pi\u0142karska Burnley FC z sezonu 2017\/18 \u2013 produkcji Pumy.<\/strong><\/p>\n<p data-start=\"83\" data-end=\"440\">Ta <strong data-start=\"86\" data-end=\"144\">oryginalna domowa koszulka Burnley FC z sezonu 2017\/18<\/strong>, wyprodukowana przez <strong data-start=\"166\" data-end=\"174\">Pum\u0119<\/strong>, to klasyczny model w wersji z <strong data-start=\"206\" data-end=\"224\">d\u0142ugim r\u0119kawem<\/strong>, kt\u00f3ry wyr\u00f3\u017cnia si\u0119 eleganckim designem i solidnym wykonaniem. Utrzymana w tradycyjnych <strong data-start=\"313\" data-end=\"340\">bordowych barwach klubu<\/strong> z jasnoniebieskimi akcentami na r\u0119kawach i ko\u0142nierzyku, doskonale oddaje charakter \u201eThe Clarets\u201d.<\/p>\n<p data-start=\"442\" data-end=\"778\">Na froncie koszulki znajduje si\u0119 <strong data-start=\"475\" data-end=\"494\">herb Burnley FC<\/strong>, logo <strong data-start=\"501\" data-end=\"509\">Pumy<\/strong> oraz znak sponsora <strong data-start=\"529\" data-end=\"540\">Dafabet<\/strong>, co tworzy charakterystyczny zestaw element\u00f3w identyfikuj\u0105cych dru\u017cyn\u0119 w tamtym sezonie. Wykonana z materia\u0142\u00f3w o w\u0142a\u015bciwo\u015bciach oddychaj\u0105cych i dopasowanym kroju, zapewnia\u0142a zawodnikom <strong data-start=\"726\" data-end=\"763\">komfort oraz pe\u0142n\u0105 swobod\u0119 ruch\u00f3w<\/strong> podczas gry.<\/p>\n<p data-start=\"780\" data-end=\"1097\">Sezon <strong data-start=\"786\" data-end=\"797\">2017\/18<\/strong> by\u0142 jednym z najlepszych w historii klubu w erze<strong> Premier League<\/strong> \u2013 zesp\u00f3\u0142 prowadzony przez <strong data-start=\"888\" data-end=\"905\">Seana Dyche\u2019a<\/strong> zako\u0144czy\u0142 rozgrywki na <strong data-start=\"929\" data-end=\"943\">7. miejscu<\/strong>, co da\u0142o Burnley awans do eliminacji Ligi Europy. By\u0142 to wyj\u0105tkowy sukces dla klubu, kt\u00f3ry od lat s\u0142yn\u0105\u0142 z waleczno\u015bci i konsekwentnej gry defensywnej.<\/p>\n<p data-start=\"1099\" data-end=\"1319\">Ta koszulka to \u015bwietny wyb\u00f3r dla <strong data-start=\"1132\" data-end=\"1182\">kolekcjoner\u00f3w oryginalnych stroj\u00f3w pi\u0142karskich<\/strong> oraz <strong data-start=\"1188\" data-end=\"1205\">fan\u00f3w Burnley<\/strong>, kt\u00f3rzy chc\u0105 posiada\u0107 pami\u0105tk\u0119 z sezonu, w kt\u00f3rym klub powr\u00f3ci\u0142 na europejsk\u0105 scen\u0119 po ponad 50 latach przerwy.<\/p>","protected":false},"featured_media":15380,"template":"","meta":{"_kad_blocks_custom_css":"","_kad_blocks_head_custom_js":"","_kad_blocks_body_custom_js":"","_kad_blocks_footer_custom_js":"","_kad_post_transparent":"","_kad_post_title":"","_kad_post_layout":"","_kad_post_sidebar_id":"","_kad_post_content_style":"","_kad_post_vertical_padding":"","_kad_post_feature":"","_kad_post_feature_position":"","_kad_post_header":false,"_kad_post_footer":false},"product_brand":[86],"product_cat":[32,31,33],"product_tag":[],"class_list":{"0":"post-3217","1":"product","2":"type-product","3":"status-publish","4":"has-post-thumbnail","6":"product_brand-puma","7":"product_cat-kluby-angielskie","8":"product_cat-kluby-europejskie","9":"product_cat-pozostale-kluby-angielskie","10":"pa_rozmiar-s","12":"first","13":"instock","14":"taxable","15":"shipping-taxable","16":"purchasable","17":"product-type-simple","18":"entry","19":"content-bg","20":"loop-entry"},"taxonomy_info":{"product_brand":[{"value":86,"label":"Puma"}],"product_cat":[{"value":32,"label":"Kluby Angielskie"},{"value":31,"label":"Kluby Europejskie"},{"value":33,"label":"Pozosta\u0142e kluby angielskie"}],"pa_rozmiar":[{"value":19,"label":"S"}]},"featured_image_src_large":["https:\/\/fts.you2.pl\/wp-content\/uploads\/2025\/09\/Photoroom_058_20250815_123937-1024x1024.png",1024,1024,true],"author_info":[],"comment_info":"","_links":{"self":[{"href":"https:\/\/fts.you2.pl\/de\/wp-json\/wp\/v2\/product\/3217","targetHints":{"allow":["GET"]}}],"collection":[{"href":"https:\/\/fts.you2.pl\/de\/wp-json\/wp\/v2\/product"}],"about":[{"href":"https:\/\/fts.you2.pl\/de\/wp-json\/wp\/v2\/types\/product"}],"wp:featuredmedia":[{"embeddable":true,"href":"https:\/\/fts.you2.pl\/de\/wp-json\/wp\/v2\/media\/15380"}],"wp:attachment":[{"href":"https:\/\/fts.you2.pl\/de\/wp-json\/wp\/v2\/media?parent=3217"}],"wp:term":[{"taxonomy":"product_brand","embeddable":true,"href":"https:\/\/fts.you2.pl\/de\/wp-json\/wp\/v2\/product_brand?post=3217"},{"taxonomy":"product_cat","embeddable":true,"href":"https:\/\/fts.you2.pl\/de\/wp-json\/wp\/v2\/product_cat?post=3217"},{"taxonomy":"product_tag","embeddable":true,"href":"https:\/\/fts.you2.pl\/de\/wp-json\/wp\/v2\/product_tag?post=3217"}],"curies":[{"name":"wp","href":"https:\/\/api.w.org\/{rel}","templated":true}]}}