{"id":3219,"date":"2025-08-17T15:56:20","date_gmt":"2025-08-17T13:56:20","guid":{"rendered":"https:\/\/fts.you2.pl\/index.php\/produkt\/koszulka-treningowa-burnley-fc-2018-19-l\/"},"modified":"2025-09-19T17:42:08","modified_gmt":"2025-09-19T15:42:08","slug":"koszulka-treningowa-burnley-fc-2018-19-l","status":"publish","type":"product","link":"https:\/\/fts.you2.pl\/de\/koszulka-treningowa-burnley-fc-2018-19-l\/","title":{"rendered":"Koszulka treningowa Burnley FC 2018\/19 [L]"},"content":{"rendered":"<p><strong>Klub:<\/strong> Burnley FC<\/p>\n<p><strong>Sezon:<\/strong> 2018\/19<\/p>\n<p><strong>Rozmiar: <\/strong>L<\/p>\n<p><strong>Stan:<\/strong> Bardzo dobry &#8211; nieznacznie pop\u0119kany nadruk sponsora na froncie.<\/p>\n<p><strong>Wymiary (szeroko\u015b\u0107 pod pachami\/d\u0142ugo\u015b\u0107) w cm: <\/strong>55\/72<\/p>","protected":false},"excerpt":{"rendered":"<p data-start=\"0\" data-end=\"83\"><strong data-start=\"0\" data-end=\"81\">Oryginalna koszulka treningowa Burnley FC z sezonu 2018\/19 \u2013 produkcji Umbro.<\/strong><\/p>\n<p data-start=\"85\" data-end=\"451\">Ta <strong data-start=\"88\" data-end=\"150\">oryginalna koszulka treningowa Burnley FC z sezonu 2018\/19<\/strong>, wyprodukowana przez <strong data-start=\"172\" data-end=\"181\">Umbro<\/strong>, to stylowy model w charakterystycznych barwach klubu. Utrzymana w eleganckim <strong data-start=\"260\" data-end=\"286\">ciemnobordowym kolorze<\/strong> z <strong data-start=\"289\" data-end=\"311\">czarnymi r\u0119kawkami<\/strong>, \u0142\u0105czy nowoczesny design z funkcjonalno\u015bci\u0105, dzi\u0119ki czemu \u015bwietnie sprawdza si\u0119 zar\u00f3wno podczas treningu, jak i w codziennym u\u017cytkowaniu.<\/p>\n<p data-start=\"453\" data-end=\"757\">Na piersi znajduje si\u0119 <strong data-start=\"476\" data-end=\"495\">herb Burnley FC<\/strong> oraz logo <strong data-start=\"506\" data-end=\"515\">Umbro<\/strong>, a ca\u0142o\u015b\u0107 wykonana zosta\u0142a z lekkiego, oddychaj\u0105cego materia\u0142u, kt\u00f3ry zapewnia <strong data-start=\"595\" data-end=\"625\">komfort, wygod\u0119 i trwa\u0142o\u015b\u0107<\/strong>. Prosty kr\u00f3j i kontrastowe zestawienie kolor\u00f3w podkre\u015blaj\u0105 sportowy charakter koszulki, jednocze\u015bnie zachowuj\u0105c elegancki wygl\u0105d.<\/p>\n<p data-start=\"759\" data-end=\"1065\">Sezon <strong data-start=\"765\" data-end=\"776\">2018\/19<\/strong> by\u0142 dla Burnley wyj\u0105tkowym czasem, poniewa\u017c klub rywalizowa\u0142 w <strong data-start=\"840\" data-end=\"866\">europejskich pucharach<\/strong> po raz pierwszy od ponad 50 lat. \u201eThe Clarets\u201d rozpocz\u0119li sezon od udzia\u0142u w eliminacjach Ligi Europy, a w <strong>Premier League<\/strong> walczyli o utrzymanie w wymagaj\u0105cej stawce najlepszych angielskich dru\u017cyn.<\/p>\n<p data-start=\"1067\" data-end=\"1262\">Ta koszulka to \u015bwietny wyb\u00f3r dla <strong data-start=\"1100\" data-end=\"1134\">kolekcjoner\u00f3w klubowej odzie\u017cy<\/strong> oraz <strong data-start=\"1140\" data-end=\"1160\">fan\u00f3w Burnley FC<\/strong>, kt\u00f3rzy chc\u0105 posiada\u0107 pami\u0105tk\u0119 z sezonu, w kt\u00f3rym klub ponownie zapisa\u0142 si\u0119 na europejskiej scenie.<\/p>","protected":false},"featured_media":15394,"template":"","meta":{"_kad_blocks_custom_css":"","_kad_blocks_head_custom_js":"","_kad_blocks_body_custom_js":"","_kad_blocks_footer_custom_js":"","_kad_post_transparent":"","_kad_post_title":"","_kad_post_layout":"","_kad_post_sidebar_id":"","_kad_post_content_style":"","_kad_post_vertical_padding":"","_kad_post_feature":"","_kad_post_feature_position":"","_kad_post_header":false,"_kad_post_footer":false},"product_brand":[86],"product_cat":[25,32,31,26,33],"product_tag":[],"class_list":{"0":"post-3219","1":"product","2":"type-product","3":"status-publish","4":"has-post-thumbnail","6":"product_brand-puma","7":"product_cat-inne","8":"product_cat-kluby-angielskie","9":"product_cat-kluby-europejskie","10":"product_cat-kurtki-bluzy-trening","11":"product_cat-pozostale-kluby-angielskie","12":"pa_rozmiar-l","14":"first","15":"instock","16":"taxable","17":"shipping-taxable","18":"purchasable","19":"product-type-simple","20":"entry","21":"content-bg","22":"loop-entry"},"taxonomy_info":{"product_brand":[{"value":86,"label":"Puma"}],"product_cat":[{"value":25,"label":"Inne"},{"value":32,"label":"Kluby Angielskie"},{"value":31,"label":"Kluby Europejskie"},{"value":26,"label":"Kurtki\/bluzy\/trening"},{"value":33,"label":"Pozosta\u0142e kluby angielskie"}],"pa_rozmiar":[{"value":39,"label":"L"}]},"featured_image_src_large":["https:\/\/fts.you2.pl\/wp-content\/uploads\/2025\/09\/Photoroom_010_20250815_123937-1024x1024.png",1024,1024,true],"author_info":[],"comment_info":"","_links":{"self":[{"href":"https:\/\/fts.you2.pl\/de\/wp-json\/wp\/v2\/product\/3219","targetHints":{"allow":["GET"]}}],"collection":[{"href":"https:\/\/fts.you2.pl\/de\/wp-json\/wp\/v2\/product"}],"about":[{"href":"https:\/\/fts.you2.pl\/de\/wp-json\/wp\/v2\/types\/product"}],"wp:featuredmedia":[{"embeddable":true,"href":"https:\/\/fts.you2.pl\/de\/wp-json\/wp\/v2\/media\/15394"}],"wp:attachment":[{"href":"https:\/\/fts.you2.pl\/de\/wp-json\/wp\/v2\/media?parent=3219"}],"wp:term":[{"taxonomy":"product_brand","embeddable":true,"href":"https:\/\/fts.you2.pl\/de\/wp-json\/wp\/v2\/product_brand?post=3219"},{"taxonomy":"product_cat","embeddable":true,"href":"https:\/\/fts.you2.pl\/de\/wp-json\/wp\/v2\/product_cat?post=3219"},{"taxonomy":"product_tag","embeddable":true,"href":"https:\/\/fts.you2.pl\/de\/wp-json\/wp\/v2\/product_tag?post=3219"}],"curies":[{"name":"wp","href":"https:\/\/api.w.org\/{rel}","templated":true}]}}