{"id":3230,"date":"2025-08-17T15:56:41","date_gmt":"2025-08-17T13:56:41","guid":{"rendered":"https:\/\/fts.you2.pl\/index.php\/produkt\/koszulka-pilkarska-leeds-united-fc-2001-03-third-17-smith-s\/"},"modified":"2025-09-19T17:47:31","modified_gmt":"2025-09-19T15:47:31","slug":"koszulka-pilkarska-leeds-united-fc-2001-03-third-17-smith-s","status":"publish","type":"product","link":"https:\/\/fts.you2.pl\/de\/koszulka-pilkarska-leeds-united-fc-2001-03-third-17-smith-s\/","title":{"rendered":"Koszulka pi\u0142karska Leeds United FC 2001\/03 Third 17 Smith [S]"},"content":{"rendered":"<p><strong>Klub:<\/strong> Leeds United FC<\/p>\n<p><strong>Sezon:<\/strong> 2001\/03 Third<\/p>\n<p><strong>Rozmiar: <\/strong>S<\/p>\n<p><strong>Stan:<\/strong> Doskona\u0142y<\/p>\n<p><strong>Wymiary (szeroko\u015b\u0107 pod pachami\/d\u0142ugo\u015b\u0107) w cm: <\/strong>50\/66<\/p>","protected":false},"excerpt":{"rendered":"<article class=\"text-token-text-primary w-full focus:outline-none scroll-mt-[calc(var(--header-height)+min(200px,max(70px,20svh)))]\" dir=\"auto\" tabindex=\"-1\" data-turn-id=\"request-6889f6f2-4b18-832f-a18d-67852bf3e672-13\" data-testid=\"conversation-turn-212\" data-scroll-anchor=\"true\" data-turn=\"assistant\">\n<div class=\"text-base my-auto mx-auto pb-10 [--thread-content-margin:--spacing(4)] @[37rem]:[--thread-content-margin:--spacing(6)] @[72rem]:[--thread-content-margin:--spacing(16)] px-(--thread-content-margin)\">\n<div class=\"[--thread-content-max-width:32rem] @[34rem]:[--thread-content-max-width:40rem] @[64rem]:[--thread-content-max-width:48rem] mx-auto max-w-(--thread-content-max-width) flex-1 group\/turn-messages focus-visible:outline-hidden relative flex w-full min-w-0 flex-col agent-turn\" tabindex=\"-1\">\n<div class=\"flex max-w-full flex-col grow\">\n<div class=\"min-h-8 text-message relative flex w-full flex-col items-end gap-2 text-start break-words whitespace-normal [.text-message+&amp;]:mt-5\" dir=\"auto\" data-message-author-role=\"assistant\" data-message-id=\"13e3a024-4b9a-46fc-a659-d7b270ef10c2\" data-message-model-slug=\"gpt-5\">\n<div class=\"flex w-full flex-col gap-1 empty:hidden first:pt-[3px]\">\n<div class=\"markdown prose dark:prose-invert w-full break-words light markdown-new-styling\">\n<p data-start=\"0\" data-end=\"109\"><strong data-start=\"0\" data-end=\"107\">Oryginalna trzecia koszulka Leeds United FC z lat 2001-2003 \u2013 produkcji Nike, z nadrukiem Alana Smitha.<\/strong><\/p>\n<p data-start=\"111\" data-end=\"489\">Ta <strong data-start=\"114\" data-end=\"177\">oryginalna trzecia koszulka Leeds United FC z lat 2001-2003<\/strong>, wyprodukowana przez <strong data-start=\"199\" data-end=\"207\">Nike<\/strong>, wyr\u00f3\u017cnia si\u0119 <strong data-start=\"222\" data-end=\"240\">niebiesk\u0105 baz\u0105<\/strong> uzupe\u0142nion\u0105 <strong data-start=\"253\" data-end=\"275\">\u017c\u00f3\u0142tymi elementami<\/strong> na ko\u0142nierzyku, mankietach i bocznych panelach. Na froncie widnieje sponsor g\u0142\u00f3wny <strong data-start=\"359\" data-end=\"372\">Strongbow<\/strong>, a na plecach umieszczono <strong data-start=\"399\" data-end=\"422\">nadruk Alana Smitha<\/strong> \u2013 jednego z najbardziej rozpoznawalnych zawodnik\u00f3w tamtej epoki.<\/p>\n<p data-start=\"491\" data-end=\"743\">Koszulka zosta\u0142a zaprojektowana w nowoczesnym jak na pocz\u0105tek XXI wieku kroju, z lekkiego materia\u0142u zapewniaj\u0105cego <strong data-start=\"606\" data-end=\"632\">komfort i przewiewno\u015b\u0107<\/strong>. Zastosowanie kontrastowych barw podkre\u015bla jej dynamiczny charakter, a detale klubowe dodaj\u0105 autentyczno\u015bci.<\/p>\n<p data-start=\"745\" data-end=\"1028\"><strong data-start=\"745\" data-end=\"759\">Alan Smith<\/strong> by\u0142 wychowankiem <strong>Leeds United<\/strong> i ulubie\u0144cem kibic\u00f3w, znanym z ogromnej determinacji, waleczno\u015bci i umiej\u0119tno\u015bci gry zar\u00f3wno jako napastnik, jak i pomocnik. W latach 2001-2003 nale\u017ca\u0142 do kluczowych postaci dru\u017cyny, wyst\u0119puj\u0105c w Premier League i europejskich pucharach.<\/p>\n<p data-start=\"1030\" data-end=\"1212\" data-is-last-node=\"\" data-is-only-node=\"\">To koszulka, kt\u00f3ra \u0142\u0105czy <strong data-start=\"1055\" data-end=\"1116\">atrakcyjny design, klubow\u0105 histori\u0119 i pi\u0142karsk\u0105 osobowo\u015b\u0107<\/strong>, b\u0119d\u0105c wyj\u0105tkowym egzemplarzem dla kolekcjoner\u00f3w oraz fan\u00f3w Leeds United i samego <strong>Alana Smitha<\/strong>.<\/p>\n<\/div>\n<\/div>\n<\/div>\n<\/div>\n<\/div>\n<\/div>\n<\/article>","protected":false},"featured_media":15492,"template":"","meta":{"_kad_blocks_custom_css":"","_kad_blocks_head_custom_js":"","_kad_blocks_body_custom_js":"","_kad_blocks_footer_custom_js":"","_kad_post_transparent":"","_kad_post_title":"","_kad_post_layout":"","_kad_post_sidebar_id":"","_kad_post_content_style":"","_kad_post_vertical_padding":"","_kad_post_feature":"","_kad_post_feature_position":"","_kad_post_header":false,"_kad_post_footer":false},"product_brand":[55],"product_cat":[32,31,33],"product_tag":[],"class_list":{"0":"post-3230","1":"product","2":"type-product","3":"status-publish","4":"has-post-thumbnail","6":"product_brand-nike","7":"product_cat-kluby-angielskie","8":"product_cat-kluby-europejskie","9":"product_cat-pozostale-kluby-angielskie","10":"pa_rozmiar-s","12":"first","13":"instock","14":"taxable","15":"shipping-taxable","16":"purchasable","17":"product-type-simple","18":"entry","19":"content-bg","20":"loop-entry"},"taxonomy_info":{"product_brand":[{"value":55,"label":"Nike"}],"product_cat":[{"value":32,"label":"Kluby Angielskie"},{"value":31,"label":"Kluby Europejskie"},{"value":33,"label":"Pozosta\u0142e kluby angielskie"}],"pa_rozmiar":[{"value":19,"label":"S"}]},"featured_image_src_large":["https:\/\/fts.you2.pl\/wp-content\/uploads\/2025\/09\/Photoroom_071_20250815_123937-1024x1024.png",1024,1024,true],"author_info":[],"comment_info":"","_links":{"self":[{"href":"https:\/\/fts.you2.pl\/de\/wp-json\/wp\/v2\/product\/3230","targetHints":{"allow":["GET"]}}],"collection":[{"href":"https:\/\/fts.you2.pl\/de\/wp-json\/wp\/v2\/product"}],"about":[{"href":"https:\/\/fts.you2.pl\/de\/wp-json\/wp\/v2\/types\/product"}],"wp:featuredmedia":[{"embeddable":true,"href":"https:\/\/fts.you2.pl\/de\/wp-json\/wp\/v2\/media\/15492"}],"wp:attachment":[{"href":"https:\/\/fts.you2.pl\/de\/wp-json\/wp\/v2\/media?parent=3230"}],"wp:term":[{"taxonomy":"product_brand","embeddable":true,"href":"https:\/\/fts.you2.pl\/de\/wp-json\/wp\/v2\/product_brand?post=3230"},{"taxonomy":"product_cat","embeddable":true,"href":"https:\/\/fts.you2.pl\/de\/wp-json\/wp\/v2\/product_cat?post=3230"},{"taxonomy":"product_tag","embeddable":true,"href":"https:\/\/fts.you2.pl\/de\/wp-json\/wp\/v2\/product_tag?post=3230"}],"curies":[{"name":"wp","href":"https:\/\/api.w.org\/{rel}","templated":true}]}}