{"id":3242,"date":"2025-08-17T15:56:29","date_gmt":"2025-08-17T13:56:29","guid":{"rendered":"https:\/\/fts.you2.pl\/index.php\/produkt\/koszulka-pilkarska-portsmouth-fc-2013-14-third-s\/"},"modified":"2025-09-19T17:52:43","modified_gmt":"2025-09-19T15:52:43","slug":"koszulka-pilkarska-portsmouth-fc-2013-14-third-s","status":"publish","type":"product","link":"https:\/\/fts.you2.pl\/de\/koszulka-pilkarska-portsmouth-fc-2013-14-third-s\/","title":{"rendered":"Koszulka pi\u0142karska Portsmouth FC 2013\/14 Third [S]"},"content":{"rendered":"<p><strong>Klub:<\/strong> Portsmouth FC<\/p>\n<p><strong>Sezon:<\/strong> 2013\/14 Third<\/p>\n<p><strong>Rozmiar: <\/strong>S<\/p>\n<p><strong>Stan:<\/strong> Doskona\u0142y<\/p>\n<p><strong>Wymiary (szeroko\u015b\u0107 pod pachami\/d\u0142ugo\u015b\u0107) w cm: <\/strong>49\/66<\/p>","protected":false},"excerpt":{"rendered":"<p data-start=\"0\" data-end=\"91\"><strong data-start=\"0\" data-end=\"89\">Oryginalna trzecia koszulka Portsmouth FC z sezonu 2013\/14 \u2013 produkcji marki Sondico.<\/strong><\/p>\n<p data-start=\"93\" data-end=\"438\">Ta <strong data-start=\"96\" data-end=\"168\">oryginalna trzecia koszulka pi\u0142karska Portsmouth FC z sezonu 2013\/14<\/strong>, wyprodukowana przez mark\u0119 <strong data-start=\"196\" data-end=\"207\">Sondico<\/strong>, to jeden z najbardziej nietypowych i charakterystycznych modeli w historii klubu. Utrzymana w odwa\u017cnej kolorystyce <strong data-start=\"324\" data-end=\"345\">fioletowo-r\u00f3\u017cowej<\/strong>, od razu przyci\u0105ga uwag\u0119 swoim unikalnym designem, kt\u00f3ry wyr\u00f3\u017cnia\u0142 \u201ePompey\u201d na tle rywali.<\/p>\n<p data-start=\"440\" data-end=\"746\">Na froncie koszulki znajduje si\u0119 <strong data-start=\"473\" data-end=\"495\">herb Portsmouth FC<\/strong>, logo producenta <strong data-start=\"513\" data-end=\"524\">Sondico<\/strong> oraz sponsor g\u0142\u00f3wny <strong data-start=\"545\" data-end=\"556\">Jobsite<\/strong>, a ca\u0142o\u015b\u0107 dope\u0142nia nowoczesny kr\u00f3j dopasowany do \u00f3wczesnych trend\u00f3w. Koszulka zosta\u0142a wykonana z lekkiego, oddychaj\u0105cego materia\u0142u, co zapewnia komfort podczas gry i codziennego noszenia.<\/p>\n<p data-start=\"748\" data-end=\"1003\">Sezon 2013\/14 by\u0142 dla Portsmouth czasem odbudowy po trudnych latach \u2013 klub wyst\u0119powa\u0142 w\u00f3wczas w <strong data-start=\"844\" data-end=\"858\">League Two<\/strong>, a mimo problem\u00f3w organizacyjnych i sportowych m\u00f3g\u0142 liczy\u0107 na wsparcie oddanych kibic\u00f3w, dla kt\u00f3rych ka\u017cdy mecz stanowi\u0142 wyj\u0105tkowe wydarzenie.<\/p>\n<p data-start=\"1005\" data-end=\"1182\" data-is-last-node=\"\" data-is-only-node=\"\">To koszulka o du\u017cej <strong data-start=\"1025\" data-end=\"1054\">warto\u015bci kolekcjonerskiej<\/strong>, idealna dla fan\u00f3w Portsmouth i pasjonat\u00f3w pi\u0142karskich trykot\u00f3w, kt\u00f3rzy ceni\u0105 sobie <strong data-start=\"1139\" data-end=\"1181\">nietuzinkowe projekty i rzadkie edycje<\/strong>.<\/p>","protected":false},"featured_media":15586,"template":"","meta":{"_kad_blocks_custom_css":"","_kad_blocks_head_custom_js":"","_kad_blocks_body_custom_js":"","_kad_blocks_footer_custom_js":"","_kad_post_transparent":"","_kad_post_title":"","_kad_post_layout":"","_kad_post_sidebar_id":"","_kad_post_content_style":"","_kad_post_vertical_padding":"","_kad_post_feature":"","_kad_post_feature_position":"","_kad_post_header":false,"_kad_post_footer":false},"product_brand":[460],"product_cat":[32,31,33],"product_tag":[],"class_list":{"0":"post-3242","1":"product","2":"type-product","3":"status-publish","4":"has-post-thumbnail","6":"product_brand-sondico","7":"product_cat-kluby-angielskie","8":"product_cat-kluby-europejskie","9":"product_cat-pozostale-kluby-angielskie","10":"pa_rozmiar-s","12":"first","13":"instock","14":"taxable","15":"shipping-taxable","16":"purchasable","17":"product-type-simple","18":"entry","19":"content-bg","20":"loop-entry"},"taxonomy_info":{"product_brand":[{"value":460,"label":"Sondico"}],"product_cat":[{"value":32,"label":"Kluby Angielskie"},{"value":31,"label":"Kluby Europejskie"},{"value":33,"label":"Pozosta\u0142e kluby angielskie"}],"pa_rozmiar":[{"value":19,"label":"S"}]},"featured_image_src_large":["https:\/\/fts.you2.pl\/wp-content\/uploads\/2025\/09\/Photoroom_060_20250815_123937-1024x1024.png",1024,1024,true],"author_info":[],"comment_info":"","_links":{"self":[{"href":"https:\/\/fts.you2.pl\/de\/wp-json\/wp\/v2\/product\/3242","targetHints":{"allow":["GET"]}}],"collection":[{"href":"https:\/\/fts.you2.pl\/de\/wp-json\/wp\/v2\/product"}],"about":[{"href":"https:\/\/fts.you2.pl\/de\/wp-json\/wp\/v2\/types\/product"}],"wp:featuredmedia":[{"embeddable":true,"href":"https:\/\/fts.you2.pl\/de\/wp-json\/wp\/v2\/media\/15586"}],"wp:attachment":[{"href":"https:\/\/fts.you2.pl\/de\/wp-json\/wp\/v2\/media?parent=3242"}],"wp:term":[{"taxonomy":"product_brand","embeddable":true,"href":"https:\/\/fts.you2.pl\/de\/wp-json\/wp\/v2\/product_brand?post=3242"},{"taxonomy":"product_cat","embeddable":true,"href":"https:\/\/fts.you2.pl\/de\/wp-json\/wp\/v2\/product_cat?post=3242"},{"taxonomy":"product_tag","embeddable":true,"href":"https:\/\/fts.you2.pl\/de\/wp-json\/wp\/v2\/product_tag?post=3242"}],"curies":[{"name":"wp","href":"https:\/\/api.w.org\/{rel}","templated":true}]}}