{"id":3245,"date":"2025-08-17T15:56:33","date_gmt":"2025-08-17T13:56:33","guid":{"rendered":"https:\/\/fts.you2.pl\/index.php\/produkt\/koszulka-pilkarska-match-issue-shrewsbury-town-fc-2008-09-home-3-ashton-m\/"},"modified":"2025-09-19T17:54:05","modified_gmt":"2025-09-19T15:54:05","slug":"koszulka-pilkarska-match-issue-shrewsbury-town-fc-2008-09-home-3-ashton-m","status":"publish","type":"product","link":"https:\/\/fts.you2.pl\/de\/koszulka-pilkarska-match-issue-shrewsbury-town-fc-2008-09-home-3-ashton-m\/","title":{"rendered":"Koszulka pi\u0142karska MATCH ISSUE Shrewsbury Town FC 2008\/09 Home 3 Ashton [M]"},"content":{"rendered":"<p><strong>Klub:<\/strong> Shrewsbury Town FC<\/p>\n<p><strong>Sezon:<\/strong> 2008\/09 Home<\/p>\n<p><strong>Rozmiar: <\/strong>M<\/p>\n<p><strong>Stan:<\/strong> Dobry &#8211; drobna dziurka na froncie.<\/p>\n<p><strong>Wymiary (szeroko\u015b\u0107 pod pachami\/d\u0142ugo\u015b\u0107) w cm: <\/strong>52\/70<\/p>","protected":false},"excerpt":{"rendered":"<p data-start=\"0\" data-end=\"123\"><strong data-start=\"0\" data-end=\"121\">Oryginalna domowa koszulka Shrewsbury Town z sezonu 2008\/09 \u2013 meczowa, z patchami ligowymi i nadrukiem Neila Ashtona.<\/strong><\/p>\n<p data-start=\"125\" data-end=\"640\">Ta <strong data-start=\"128\" data-end=\"202\">oryginalna meczowa koszulka pi\u0142karska Shrewsbury Town z sezonu 2008\/09<\/strong> to wyj\u0105tkowy egzemplarz, kt\u00f3ry by\u0142 cz\u0119\u015bci\u0105 oficjalnego wyposa\u017cenia zawodnik\u00f3w \u201eThe Shrews\u201d. Utrzymana w charakterystycznych <strong data-start=\"327\" data-end=\"356\">niebiesko-\u017c\u00f3\u0142tych barwach<\/strong>, stanowi klasyczny przyk\u0142ad klubowego designu z ko\u0144c\u00f3wki pierwszej dekady XXI wieku. Na froncie znajduje si\u0119 <strong data-start=\"466\" data-end=\"490\">herb Shrewsbury Town<\/strong>, logo producenta oraz sponsora g\u0142\u00f3wnego, a ca\u0142o\u015b\u0107 uzupe\u0142niaj\u0105 <strong data-start=\"553\" data-end=\"592\">oficjalne patche ligowe na r\u0119kawach<\/strong>, co podkre\u015bla autentyczno\u015b\u0107 tego egzemplarza.<\/p>\n<p data-start=\"642\" data-end=\"896\">Koszulka posiada <strong data-start=\"659\" data-end=\"704\">oficjalny nadruk Neila Ashtona na plecach<\/strong> \u2013 obro\u0144cy, kt\u00f3ry w tamtym sezonie odgrywa\u0142 wa\u017cn\u0105 rol\u0119 w zespole. Ashton znany by\u0142 ze swojej solidno\u015bci w defensywie i zaanga\u017cowania, co czyni\u0142o go jednym z istotnych ogniw dru\u017cyny.<\/p>\n<p data-start=\"898\" data-end=\"1188\">Sezon 2008\/09 to dla Shrewsbury Town czas rywalizacji w <strong data-start=\"954\" data-end=\"968\">League Two<\/strong>, gdzie klub stara\u0142 si\u0119 budowa\u0107 mocn\u0105 pozycj\u0119 w angielskich rozgrywkach ligowych. Koszulka meczowa z tego okresu jest dzi\u015b nie tylko elementem sportowej odzie\u017cy, ale r\u00f3wnie\u017c <strong data-start=\"1142\" data-end=\"1185\">pami\u0105tk\u0105 z wa\u017cnego etapu historii klubu<\/strong>.<\/p>\n<p data-start=\"1190\" data-end=\"1343\" data-is-last-node=\"\" data-is-only-node=\"\">To \u015bwietna propozycja dla kolekcjoner\u00f3w i wiernych fan\u00f3w Shrewsbury Town, kt\u00f3rzy poszukuj\u0105 <strong data-start=\"1281\" data-end=\"1342\">rzadkich, oryginalnych i autentycznych koszulek meczowych<\/strong>.<\/p>","protected":false},"featured_media":15609,"template":"","meta":{"_kad_blocks_custom_css":"","_kad_blocks_head_custom_js":"","_kad_blocks_body_custom_js":"","_kad_blocks_footer_custom_js":"","_kad_post_transparent":"","_kad_post_title":"","_kad_post_layout":"","_kad_post_sidebar_id":"","_kad_post_content_style":"","_kad_post_vertical_padding":"","_kad_post_feature":"","_kad_post_feature_position":"","_kad_post_header":false,"_kad_post_footer":false},"product_brand":[461],"product_cat":[32,31,173,33],"product_tag":[],"class_list":{"0":"post-3245","1":"product","2":"type-product","3":"status-publish","4":"has-post-thumbnail","6":"product_brand-prostar","7":"product_cat-kluby-angielskie","8":"product_cat-kluby-europejskie","9":"product_cat-match-worn-issue","10":"product_cat-pozostale-kluby-angielskie","11":"pa_rozmiar-m","13":"first","14":"instock","15":"taxable","16":"shipping-taxable","17":"purchasable","18":"product-type-simple","19":"entry","20":"content-bg","21":"loop-entry"},"taxonomy_info":{"product_brand":[{"value":461,"label":"Prostar"}],"product_cat":[{"value":32,"label":"Kluby Angielskie"},{"value":31,"label":"Kluby Europejskie"},{"value":173,"label":"MATCH WORN &amp; ISSUE"},{"value":33,"label":"Pozosta\u0142e kluby angielskie"}],"pa_rozmiar":[{"value":28,"label":"M"}]},"featured_image_src_large":["https:\/\/fts.you2.pl\/wp-content\/uploads\/2025\/09\/Photoroom_055_20250815_123937-1024x1024.png",1024,1024,true],"author_info":[],"comment_info":"","_links":{"self":[{"href":"https:\/\/fts.you2.pl\/de\/wp-json\/wp\/v2\/product\/3245","targetHints":{"allow":["GET"]}}],"collection":[{"href":"https:\/\/fts.you2.pl\/de\/wp-json\/wp\/v2\/product"}],"about":[{"href":"https:\/\/fts.you2.pl\/de\/wp-json\/wp\/v2\/types\/product"}],"wp:featuredmedia":[{"embeddable":true,"href":"https:\/\/fts.you2.pl\/de\/wp-json\/wp\/v2\/media\/15609"}],"wp:attachment":[{"href":"https:\/\/fts.you2.pl\/de\/wp-json\/wp\/v2\/media?parent=3245"}],"wp:term":[{"taxonomy":"product_brand","embeddable":true,"href":"https:\/\/fts.you2.pl\/de\/wp-json\/wp\/v2\/product_brand?post=3245"},{"taxonomy":"product_cat","embeddable":true,"href":"https:\/\/fts.you2.pl\/de\/wp-json\/wp\/v2\/product_cat?post=3245"},{"taxonomy":"product_tag","embeddable":true,"href":"https:\/\/fts.you2.pl\/de\/wp-json\/wp\/v2\/product_tag?post=3245"}],"curies":[{"name":"wp","href":"https:\/\/api.w.org\/{rel}","templated":true}]}}