{"id":3250,"date":"2025-08-17T15:56:43","date_gmt":"2025-08-17T13:56:43","guid":{"rendered":"https:\/\/fts.you2.pl\/index.php\/produkt\/koszulka-pilkarska-west-ham-united-fc-2021-22-home-s\/"},"modified":"2025-09-19T17:56:21","modified_gmt":"2025-09-19T15:56:21","slug":"koszulka-pilkarska-west-ham-united-fc-2021-22-home-s","status":"publish","type":"product","link":"https:\/\/fts.you2.pl\/de\/koszulka-pilkarska-west-ham-united-fc-2021-22-home-s\/","title":{"rendered":"Koszulka pi\u0142karska West Ham United FC 2021\/22 Home [S]"},"content":{"rendered":"<p><strong>Klub:<\/strong> West Ham United FC<\/p>\n<p><strong>Sezon:<\/strong> 2021\/22 Home<\/p>\n<p><strong>Rozmiar: <\/strong>S<\/p>\n<p><strong>Stan:<\/strong> Bardzo dobry &#8211; kilka mikro zaci\u0105gni\u0119\u0107 na plecach.<\/p>\n<p><strong>Wymiary (szeroko\u015b\u0107 pod pachami\/d\u0142ugo\u015b\u0107) w cm: <\/strong>46\/66<\/p>","protected":false},"excerpt":{"rendered":"<article class=\"text-token-text-primary w-full focus:outline-none scroll-mt-[calc(var(--header-height)+min(200px,max(70px,20svh)))]\" dir=\"auto\" tabindex=\"-1\" data-turn-id=\"request-6889f6f2-4b18-832f-a18d-67852bf3e672-8\" data-testid=\"conversation-turn-202\" data-scroll-anchor=\"true\" data-turn=\"assistant\">\n<div class=\"text-base my-auto mx-auto pb-10 [--thread-content-margin:--spacing(4)] @[37rem]:[--thread-content-margin:--spacing(6)] @[72rem]:[--thread-content-margin:--spacing(16)] px-(--thread-content-margin)\">\n<div class=\"[--thread-content-max-width:32rem] @[34rem]:[--thread-content-max-width:40rem] @[64rem]:[--thread-content-max-width:48rem] mx-auto max-w-(--thread-content-max-width) flex-1 group\/turn-messages focus-visible:outline-hidden relative flex w-full min-w-0 flex-col agent-turn\" tabindex=\"-1\">\n<div class=\"flex max-w-full flex-col grow\">\n<div class=\"min-h-8 text-message relative flex w-full flex-col items-end gap-2 text-start break-words whitespace-normal [.text-message+&amp;]:mt-5\" dir=\"auto\" data-message-author-role=\"assistant\" data-message-id=\"1353239d-aca9-4d40-84ac-c9292b17a081\" data-message-model-slug=\"gpt-5\">\n<div class=\"flex w-full flex-col gap-1 empty:hidden first:pt-[3px]\">\n<div class=\"markdown prose dark:prose-invert w-full break-words light markdown-new-styling\">\n<p data-start=\"0\" data-end=\"84\"><strong data-start=\"0\" data-end=\"82\">Oryginalna domowa koszulka West Ham United z sezonu 2021\/22 \u2013 produkcji Umbro.<\/strong><\/p>\n<p data-start=\"86\" data-end=\"418\">Ta <strong data-start=\"89\" data-end=\"153\">oryginalna domowa koszulka West Hamu United z sezonu 2021\/22<\/strong>, wyprodukowana przez <strong data-start=\"175\" data-end=\"184\">Umbro<\/strong>, to klasyczny model w <strong data-start=\"207\" data-end=\"237\">bordowo-b\u0142\u0119kitnych barwach<\/strong>, kt\u00f3re od lat s\u0105 znakiem rozpoznawczym \u201eM\u0142ot\u00f3w\u201d. Projekt uzupe\u0142nia <strong data-start=\"305\" data-end=\"327\">stylowy ko\u0142nierzyk<\/strong>, co nadaje koszulce eleganckiego, retro charakteru.<\/p>\n<p data-start=\"420\" data-end=\"737\">Na piersi umieszczono <strong data-start=\"442\" data-end=\"477\">haftowany herb West Hamu United<\/strong>, logo <strong data-start=\"484\" data-end=\"493\">Umbro<\/strong> oraz sponsora g\u0142\u00f3wnego <strong data-start=\"517\" data-end=\"527\">Betway<\/strong> w kontrastowej bieli. Koszulka zosta\u0142a wykonana z technicznego materia\u0142u o w\u0142a\u015bciwo\u015bciach <strong data-start=\"618\" data-end=\"661\">oddychaj\u0105cych i odprowadzaj\u0105cych wilgo\u0107<\/strong>, zapewniaj\u0105cego komfort zar\u00f3wno podczas gry, jak i w codziennym noszeniu.<\/p>\n<p data-start=\"739\" data-end=\"1010\">Sezon 2021\/22 by\u0142 dla West Hamu bardzo udany \u2013 dru\u017cyna prowadzona przez <strong data-start=\"811\" data-end=\"828\">Davida Moyesa<\/strong> dotar\u0142a do p\u00f3\u0142fina\u0142u Ligi Europy, a w lidze walczy\u0142a o europejskie puchary, maj\u0105c w sk\u0142adzie takie gwiazdy jak <strong data-start=\"940\" data-end=\"986\">Declan Rice, Michail Antonio, Jarrod Bowen<\/strong> czy <strong data-start=\"991\" data-end=\"1007\">Tom\u00e1\u0161 Sou\u010dek<\/strong>.<\/p>\n<p data-start=\"1012\" data-end=\"1185\" data-is-last-node=\"\" data-is-only-node=\"\">To koszulka, kt\u00f3ra \u0142\u0105czy <strong data-start=\"1037\" data-end=\"1089\">tradycj\u0119 klubowych barw z nowoczesnym wykonaniem<\/strong> i stanowi \u015bwietny wyb\u00f3r dla kibic\u00f3w \u201eM\u0142ot\u00f3w\u201d oraz kolekcjoner\u00f3w oryginalnych stroj\u00f3w meczowych.<\/p>\n<\/div>\n<\/div>\n<\/div>\n<\/div>\n<\/div>\n<\/div>\n<\/article>","protected":false},"featured_media":15653,"template":"","meta":{"_kad_blocks_custom_css":"","_kad_blocks_head_custom_js":"","_kad_blocks_body_custom_js":"","_kad_blocks_footer_custom_js":"","_kad_post_transparent":"","_kad_post_title":"","_kad_post_layout":"","_kad_post_sidebar_id":"","_kad_post_content_style":"","_kad_post_vertical_padding":"","_kad_post_feature":"","_kad_post_feature_position":"","_kad_post_header":false,"_kad_post_footer":false},"product_brand":[21],"product_cat":[32,31,33],"product_tag":[],"class_list":{"0":"post-3250","1":"product","2":"type-product","3":"status-publish","4":"has-post-thumbnail","6":"product_brand-umbro","7":"product_cat-kluby-angielskie","8":"product_cat-kluby-europejskie","9":"product_cat-pozostale-kluby-angielskie","10":"pa_rozmiar-s","12":"first","13":"instock","14":"taxable","15":"shipping-taxable","16":"purchasable","17":"product-type-simple","18":"entry","19":"content-bg","20":"loop-entry"},"taxonomy_info":{"product_brand":[{"value":21,"label":"Umbro"}],"product_cat":[{"value":32,"label":"Kluby Angielskie"},{"value":31,"label":"Kluby Europejskie"},{"value":33,"label":"Pozosta\u0142e kluby angielskie"}],"pa_rozmiar":[{"value":19,"label":"S"}]},"featured_image_src_large":["https:\/\/fts.you2.pl\/wp-content\/uploads\/2025\/09\/Photoroom_002_20250815_123937-1024x1024.png",1024,1024,true],"author_info":[],"comment_info":"","_links":{"self":[{"href":"https:\/\/fts.you2.pl\/de\/wp-json\/wp\/v2\/product\/3250","targetHints":{"allow":["GET"]}}],"collection":[{"href":"https:\/\/fts.you2.pl\/de\/wp-json\/wp\/v2\/product"}],"about":[{"href":"https:\/\/fts.you2.pl\/de\/wp-json\/wp\/v2\/types\/product"}],"wp:featuredmedia":[{"embeddable":true,"href":"https:\/\/fts.you2.pl\/de\/wp-json\/wp\/v2\/media\/15653"}],"wp:attachment":[{"href":"https:\/\/fts.you2.pl\/de\/wp-json\/wp\/v2\/media?parent=3250"}],"wp:term":[{"taxonomy":"product_brand","embeddable":true,"href":"https:\/\/fts.you2.pl\/de\/wp-json\/wp\/v2\/product_brand?post=3250"},{"taxonomy":"product_cat","embeddable":true,"href":"https:\/\/fts.you2.pl\/de\/wp-json\/wp\/v2\/product_cat?post=3250"},{"taxonomy":"product_tag","embeddable":true,"href":"https:\/\/fts.you2.pl\/de\/wp-json\/wp\/v2\/product_tag?post=3250"}],"curies":[{"name":"wp","href":"https:\/\/api.w.org\/{rel}","templated":true}]}}