{"id":3251,"date":"2025-08-17T15:56:43","date_gmt":"2025-08-17T13:56:43","guid":{"rendered":"https:\/\/fts.you2.pl\/index.php\/produkt\/koszulka-pilkarska-wigan-athletic-2021-22-away-m\/"},"modified":"2025-09-19T17:56:48","modified_gmt":"2025-09-19T15:56:48","slug":"koszulka-pilkarska-wigan-athletic-2021-22-away-m","status":"publish","type":"product","link":"https:\/\/fts.you2.pl\/de\/koszulka-pilkarska-wigan-athletic-2021-22-away-m\/","title":{"rendered":"Koszulka pi\u0142karska Wigan Athletic 2021\/22 Away [M]"},"content":{"rendered":"<p><strong>Klub:<\/strong> Wigan Athletic<\/p>\n<p><strong>Sezon:<\/strong> 2021\/22 Away<\/p>\n<p><strong>Rozmiar: <\/strong>M<\/p>\n<p><strong>Stan:<\/strong> Dobry &#8211; dwie mikro plamki na froncie.<\/p>\n<p><strong>Wymiary (szeroko\u015b\u0107 pod pachami\/d\u0142ugo\u015b\u0107) w cm: <\/strong>47\/68<\/p>","protected":false},"excerpt":{"rendered":"<article class=\"text-token-text-primary w-full focus:outline-none scroll-mt-[calc(var(--header-height)+min(200px,max(70px,20svh)))]\" dir=\"auto\" tabindex=\"-1\" data-turn-id=\"request-6889f6f2-4b18-832f-a18d-67852bf3e672-9\" data-testid=\"conversation-turn-204\" data-scroll-anchor=\"true\" data-turn=\"assistant\">\n<div class=\"text-base my-auto mx-auto pb-10 [--thread-content-margin:--spacing(4)] @[37rem]:[--thread-content-margin:--spacing(6)] @[72rem]:[--thread-content-margin:--spacing(16)] px-(--thread-content-margin)\">\n<div class=\"[--thread-content-max-width:32rem] @[34rem]:[--thread-content-max-width:40rem] @[64rem]:[--thread-content-max-width:48rem] mx-auto max-w-(--thread-content-max-width) flex-1 group\/turn-messages focus-visible:outline-hidden relative flex w-full min-w-0 flex-col agent-turn\" tabindex=\"-1\">\n<div class=\"flex max-w-full flex-col grow\">\n<div class=\"min-h-8 text-message relative flex w-full flex-col items-end gap-2 text-start break-words whitespace-normal [.text-message+&amp;]:mt-5\" dir=\"auto\" data-message-author-role=\"assistant\" data-message-id=\"363ef51a-2873-45dc-b737-7fb752c94a31\" data-message-model-slug=\"gpt-5\">\n<div class=\"flex w-full flex-col gap-1 empty:hidden first:pt-[3px]\">\n<div class=\"markdown prose dark:prose-invert w-full break-words light markdown-new-styling\">\n<p data-start=\"0\" data-end=\"109\"><strong data-start=\"0\" data-end=\"107\">Oryginalna wyjazdowa koszulka Wigan Athletic z sezonu 2021\/22 \u2013 produkcji Pumy, z emblematami ligowymi.<\/strong><\/p>\n<p data-start=\"111\" data-end=\"473\">Ta <strong data-start=\"114\" data-end=\"179\">oryginalna wyjazdowa koszulka Wigan Athletic z sezonu 2021\/22<\/strong>, wyprodukowana przez <strong data-start=\"201\" data-end=\"209\">Pum\u0119<\/strong>, to oficjalny model noszony przez \u201eThe Latics\u201d w rozgrywkach ligowych, wyr\u00f3\u017cniaj\u0105cy si\u0119 <strong data-start=\"298\" data-end=\"325\">pe\u0142nymi emblematami EFL<\/strong> na r\u0119kawkach. Utrzymana w <strong data-start=\"352\" data-end=\"385\">intensywnym czerwonym kolorze<\/strong>, posiada subtelne detale i nowoczesny kr\u00f3j, kt\u00f3ry nadaje jej dynamicznego charakteru.<\/p>\n<p data-start=\"475\" data-end=\"774\">Na piersi znajduje si\u0119<strong data-start=\"498\" data-end=\"531\">\u00a0herb Wigan Athletic<\/strong>, logo <strong data-start=\"538\" data-end=\"546\">Pumy<\/strong> oraz sponsor g\u0142\u00f3wny w kontrastowej bieli. Wykonana z lekkiego, technicznego materia\u0142u o w\u0142a\u015bciwo\u015bciach <strong data-start=\"650\" data-end=\"693\">oddychaj\u0105cych i odprowadzaj\u0105cych wilgo\u0107<\/strong>, koszulka zapewnia komfort zar\u00f3wno podczas gry, jak i codziennego u\u017cytkowania.<\/p>\n<p data-start=\"776\" data-end=\"970\">Sezon 2021\/22 by\u0142 dla Wigan wyj\u0105tkowy \u2013 zesp\u00f3\u0142 wywalczy\u0142 <strong data-start=\"833\" data-end=\"859\">mistrzostwo League One<\/strong> i awansowa\u0142 do Championship, a w dru\u017cynie wyst\u0119powali m.in. <strong data-start=\"920\" data-end=\"947\">Will Keane, Callum Lang<\/strong> i <strong data-start=\"950\" data-end=\"967\">James McClean<\/strong>.<\/p>\n<p data-start=\"972\" data-end=\"1148\" data-is-last-node=\"\" data-is-only-node=\"\">To model, kt\u00f3ry \u0142\u0105czy <strong data-start=\"994\" data-end=\"1068\">nowoczesny design, autentyczne detale meczowe i warto\u015b\u0107 kolekcjonersk\u0105<\/strong>, b\u0119d\u0105c \u015bwietnym wyborem dla kibic\u00f3w Wigan oraz pasjonat\u00f3w pi\u0142karskich koszulek.<\/p>\n<\/div>\n<\/div>\n<\/div>\n<\/div>\n<\/div>\n<\/div>\n<\/article>","protected":false},"featured_media":15662,"template":"","meta":{"_kad_blocks_custom_css":"","_kad_blocks_head_custom_js":"","_kad_blocks_body_custom_js":"","_kad_blocks_footer_custom_js":"","_kad_post_transparent":"","_kad_post_title":"","_kad_post_layout":"","_kad_post_sidebar_id":"","_kad_post_content_style":"","_kad_post_vertical_padding":"","_kad_post_feature":"","_kad_post_feature_position":"","_kad_post_header":false,"_kad_post_footer":false},"product_brand":[86],"product_cat":[32,31,33],"product_tag":[],"class_list":{"0":"post-3251","1":"product","2":"type-product","3":"status-publish","4":"has-post-thumbnail","6":"product_brand-puma","7":"product_cat-kluby-angielskie","8":"product_cat-kluby-europejskie","9":"product_cat-pozostale-kluby-angielskie","10":"pa_rozmiar-m","12":"first","13":"instock","14":"taxable","15":"shipping-taxable","16":"purchasable","17":"product-type-simple","18":"entry","19":"content-bg","20":"loop-entry"},"taxonomy_info":{"product_brand":[{"value":86,"label":"Puma"}],"product_cat":[{"value":32,"label":"Kluby Angielskie"},{"value":31,"label":"Kluby Europejskie"},{"value":33,"label":"Pozosta\u0142e kluby angielskie"}],"pa_rozmiar":[{"value":28,"label":"M"}]},"featured_image_src_large":["https:\/\/fts.you2.pl\/wp-content\/uploads\/2025\/09\/Photoroom_018_20250815_123937-1024x1024.png",1024,1024,true],"author_info":[],"comment_info":"","_links":{"self":[{"href":"https:\/\/fts.you2.pl\/de\/wp-json\/wp\/v2\/product\/3251","targetHints":{"allow":["GET"]}}],"collection":[{"href":"https:\/\/fts.you2.pl\/de\/wp-json\/wp\/v2\/product"}],"about":[{"href":"https:\/\/fts.you2.pl\/de\/wp-json\/wp\/v2\/types\/product"}],"wp:featuredmedia":[{"embeddable":true,"href":"https:\/\/fts.you2.pl\/de\/wp-json\/wp\/v2\/media\/15662"}],"wp:attachment":[{"href":"https:\/\/fts.you2.pl\/de\/wp-json\/wp\/v2\/media?parent=3251"}],"wp:term":[{"taxonomy":"product_brand","embeddable":true,"href":"https:\/\/fts.you2.pl\/de\/wp-json\/wp\/v2\/product_brand?post=3251"},{"taxonomy":"product_cat","embeddable":true,"href":"https:\/\/fts.you2.pl\/de\/wp-json\/wp\/v2\/product_cat?post=3251"},{"taxonomy":"product_tag","embeddable":true,"href":"https:\/\/fts.you2.pl\/de\/wp-json\/wp\/v2\/product_tag?post=3251"}],"curies":[{"name":"wp","href":"https:\/\/api.w.org\/{rel}","templated":true}]}}