{"id":3252,"date":"2025-08-17T15:56:42","date_gmt":"2025-08-17T13:56:42","guid":{"rendered":"https:\/\/fts.you2.pl\/index.php\/produkt\/koszulka-pilkarska-wigan-athletic-2011-12-away-s\/"},"modified":"2025-09-19T17:57:20","modified_gmt":"2025-09-19T15:57:20","slug":"koszulka-pilkarska-wigan-athletic-2011-12-away-s","status":"publish","type":"product","link":"https:\/\/fts.you2.pl\/de\/koszulka-pilkarska-wigan-athletic-2011-12-away-s\/","title":{"rendered":"Koszulka pi\u0142karska Wigan Athletic 2011\/12 Away [S]"},"content":{"rendered":"<p><strong>Klub:<\/strong> Wigan Athletic<\/p>\n<p><strong>Sezon:<\/strong> 2011\/12 Away<\/p>\n<p><strong>Rozmiar: <\/strong>S<\/p>\n<p><strong>Stan:<\/strong> Bardzo dobry &#8211; nieznacznie uszkodzony nadruk na karku.<\/p>\n<p><strong>Wymiary (szeroko\u015b\u0107 pod pachami\/d\u0142ugo\u015b\u0107) w cm: <\/strong>50\/72<\/p>","protected":false},"excerpt":{"rendered":"<p data-start=\"89\" data-end=\"490\">Ta <strong data-start=\"92\" data-end=\"157\">oryginalna wyjazdowa koszulka Wigan Athletic z sezonu 2011\/12<\/strong>, wyprodukowana przez <strong data-start=\"179\" data-end=\"189\">mi.fit<\/strong>, wyr\u00f3\u017cnia si\u0119 <strong data-start=\"204\" data-end=\"228\">ciemnogranatow\u0105 baz\u0105<\/strong> prze\u0142aman\u0105 <strong data-start=\"240\" data-end=\"263\">neonowymi wstawkami<\/strong> na ramionach, ko\u0142nierzyku i bocznych panelach, co nadaje jej nowoczesny i dynamiczny wygl\u0105d. Na piersi umieszczono <strong data-start=\"379\" data-end=\"402\">herb Wigan Athletic<\/strong>, logo <strong data-start=\"409\" data-end=\"419\">mi.fit<\/strong> oraz sponsora g\u0142\u00f3wnego <strong data-start=\"443\" data-end=\"453\">188BET<\/strong> w kontrastowej bieli i pomara\u0144czy.<\/p>\n<p data-start=\"492\" data-end=\"749\">Koszulka zosta\u0142a wykonana z technicznego materia\u0142u o w\u0142a\u015bciwo\u015bciach <strong data-start=\"560\" data-end=\"603\">oddychaj\u0105cych i odprowadzaj\u0105cych wilgo\u0107<\/strong>, dzi\u0119ki czemu zapewnia komfort w trakcie gry oraz codziennego noszenia. Dopasowany kr\u00f3j i lekka konstrukcja podkre\u015blaj\u0105 jej sportowy charakter.<\/p>\n<p data-start=\"751\" data-end=\"997\">Sezon <strong>2011\/12<\/strong> by\u0142 dla <strong>Wigan<\/strong> pe\u0142en emocji \u2013 dru\u017cyna prowadzona przez <strong data-start=\"819\" data-end=\"840\">Roberto Mart\u00edneza<\/strong> w spektakularny spos\u00f3b utrzyma\u0142a si\u0119 w Premier League, pokonuj\u0105c m.in. <strong data-start=\"912\" data-end=\"942\">Manchester United, Arsenal<\/strong> i <strong data-start=\"945\" data-end=\"958\">Liverpool<\/strong> w decyduj\u0105cych tygodniach rozgrywek.<\/p>\n<p data-start=\"999\" data-end=\"1180\" data-is-last-node=\"\" data-is-only-node=\"\">To koszulka, kt\u00f3ra \u0142\u0105czy <strong data-start=\"1024\" data-end=\"1088\">atrakcyjny design, klubow\u0105 histori\u0119 i kolekcjonersk\u0105 warto\u015b\u0107<\/strong>, b\u0119d\u0105c \u015bwietnym wyborem dla fan\u00f3w \u201eThe Latics\u201d i mi\u0142o\u015bnik\u00f3w unikalnych stroj\u00f3w pi\u0142karskich.<\/p>","protected":false},"featured_media":15672,"template":"","meta":{"_kad_blocks_custom_css":"","_kad_blocks_head_custom_js":"","_kad_blocks_body_custom_js":"","_kad_blocks_footer_custom_js":"","_kad_post_transparent":"","_kad_post_title":"","_kad_post_layout":"","_kad_post_sidebar_id":"","_kad_post_content_style":"","_kad_post_vertical_padding":"","_kad_post_feature":"","_kad_post_feature_position":"","_kad_post_header":false,"_kad_post_footer":false},"product_brand":[462],"product_cat":[32,31,33],"product_tag":[],"class_list":{"0":"post-3252","1":"product","2":"type-product","3":"status-publish","4":"has-post-thumbnail","6":"product_brand-mi-fit","7":"product_cat-kluby-angielskie","8":"product_cat-kluby-europejskie","9":"product_cat-pozostale-kluby-angielskie","10":"pa_rozmiar-s","12":"first","13":"instock","14":"taxable","15":"shipping-taxable","16":"purchasable","17":"product-type-simple","18":"entry","19":"content-bg","20":"loop-entry"},"taxonomy_info":{"product_brand":[{"value":462,"label":"Mi.Fit"}],"product_cat":[{"value":32,"label":"Kluby Angielskie"},{"value":31,"label":"Kluby Europejskie"},{"value":33,"label":"Pozosta\u0142e kluby angielskie"}],"pa_rozmiar":[{"value":19,"label":"S"}]},"featured_image_src_large":["https:\/\/fts.you2.pl\/wp-content\/uploads\/2025\/09\/Photoroom_012_20250815_123937-1024x1024.png",1024,1024,true],"author_info":[],"comment_info":"","_links":{"self":[{"href":"https:\/\/fts.you2.pl\/de\/wp-json\/wp\/v2\/product\/3252","targetHints":{"allow":["GET"]}}],"collection":[{"href":"https:\/\/fts.you2.pl\/de\/wp-json\/wp\/v2\/product"}],"about":[{"href":"https:\/\/fts.you2.pl\/de\/wp-json\/wp\/v2\/types\/product"}],"wp:featuredmedia":[{"embeddable":true,"href":"https:\/\/fts.you2.pl\/de\/wp-json\/wp\/v2\/media\/15672"}],"wp:attachment":[{"href":"https:\/\/fts.you2.pl\/de\/wp-json\/wp\/v2\/media?parent=3252"}],"wp:term":[{"taxonomy":"product_brand","embeddable":true,"href":"https:\/\/fts.you2.pl\/de\/wp-json\/wp\/v2\/product_brand?post=3252"},{"taxonomy":"product_cat","embeddable":true,"href":"https:\/\/fts.you2.pl\/de\/wp-json\/wp\/v2\/product_cat?post=3252"},{"taxonomy":"product_tag","embeddable":true,"href":"https:\/\/fts.you2.pl\/de\/wp-json\/wp\/v2\/product_tag?post=3252"}],"curies":[{"name":"wp","href":"https:\/\/api.w.org\/{rel}","templated":true}]}}