{"id":3260,"date":"2025-08-25T15:56:23","date_gmt":"2025-08-25T13:56:23","guid":{"rendered":"https:\/\/fts.you2.pl\/index.php\/produkt\/koszulka-pilkarska-match-issue-oldham-athletic-afc-1998-00-home-3-holt-xl\/"},"modified":"2025-09-19T18:01:05","modified_gmt":"2025-09-19T16:01:05","slug":"koszulka-pilkarska-match-issue-oldham-athletic-afc-1998-00-home-3-holt-xl","status":"publish","type":"product","link":"https:\/\/fts.you2.pl\/de\/koszulka-pilkarska-match-issue-oldham-athletic-afc-1998-00-home-3-holt-xl\/","title":{"rendered":"Koszulka pi\u0142karska MATCH ISSUE Oldham Athletic AFC 1998\/00 Home 3 Holt [XL]"},"content":{"rendered":"<p><strong>Klub:<\/strong> Oldham Athletic AFC<\/p>\n<p><strong>Sezon:<\/strong> 1998\/00 Home<\/p>\n<p><strong>Rozmiar: <\/strong>XL<\/p>\n<p><strong>Stan:<\/strong> Bardzo dobry &#8211; mikro zaci\u0105gni\u0119cie na froncie oraz nieznacznie pop\u0119kane nadruki na plecach.<\/p>\n<p><strong>Wymiary (szeroko\u015b\u0107 pod pachami\/d\u0142ugo\u015b\u0107) w cm: <\/strong>62\/74(prz\u00f3d), 80(ty\u0142)<\/p>","protected":false},"excerpt":{"rendered":"<p data-start=\"0\" data-end=\"91\"><strong data-start=\"0\" data-end=\"89\">Oryginalna koszulka meczowa Oldham Athletic AFC z sezon\u00f3w 1998\u20132000 \u2013 produkcji Pony.<\/strong><\/p>\n<p data-start=\"93\" data-end=\"411\">Ta <strong data-start=\"96\" data-end=\"167\">oryginalna meczowa koszulka Oldham Athletic AFC z sezon\u00f3w 1998\u20132000<\/strong>, wyprodukowana przez <strong data-start=\"189\" data-end=\"197\">Pony<\/strong>, to wyj\u0105tkowy model w <strong data-start=\"220\" data-end=\"247\">wersji z d\u0142ugim r\u0119kawem<\/strong>, wyposa\u017cony w oficjalne <strong data-start=\"272\" data-end=\"289\">patche ligowe<\/strong> oraz nadruk <strong data-start=\"302\" data-end=\"320\">Andy\u2019ego Holta<\/strong> \u2013 solidnego obro\u0144cy, kt\u00f3ry w tamtym okresie regularnie reprezentowa\u0142 barwy \u201eThe Latics\u201d.<\/p>\n<p data-start=\"413\" data-end=\"856\">Koszulka utrzymana jest w tradycyjnych klubowych barwach, z charakterystycznym <strong data-start=\"492\" data-end=\"515\">niebieskim korpusem<\/strong> i detalami typowymi dla projekt\u00f3w Pony z ko\u0144ca lat 90. Na froncie widnieje <strong data-start=\"591\" data-end=\"615\">herb Oldham Athletic<\/strong>, logo <strong data-start=\"622\" data-end=\"630\">Pony<\/strong> oraz znak sponsora <strong data-start=\"650\" data-end=\"659\">Slumberland<\/strong>, dobrze kojarzony przez fan\u00f3w z tamtych lat. Wersja meczowa zosta\u0142a wykonana z trwa\u0142ego materia\u0142u o zwi\u0119kszonej wytrzyma\u0142o\u015bci, gwarantuj\u0105cego zawodnikom <strong data-start=\"813\" data-end=\"841\">komfort i swobod\u0119 ruch\u00f3w<\/strong> podczas gry.<\/p>\n<p data-start=\"858\" data-end=\"1259\">Sezony <strong data-start=\"865\" data-end=\"888\">1998\/99 i 1999\/2000<\/strong> to czas wyst\u0119p\u00f3w Oldham Athletic na poziomie <strong data-start=\"934\" data-end=\"950\">Division Two<\/strong> (dzisiejsza League One). Klub walczy\u0142 w\u00f3wczas o stabilizacj\u0119 po trudniejszych latach, a zawodnicy tacy jak <strong data-start=\"1058\" data-end=\"1071\">Andy Holt<\/strong> stanowili trzon dru\u017cyny. Holt, graj\u0105cy g\u0142\u00f3wnie na lewej stronie defensywy, zas\u0142yn\u0105\u0142 z waleczno\u015bci, solidno\u015bci i pracowito\u015bci, kt\u00f3re czyni\u0142y go cennym elementem zespo\u0142u w tamtym okresie.<\/p>\n<p data-start=\"1261\" data-end=\"1502\">Ta koszulka to niezwykle cenna pami\u0105tka dla <strong data-start=\"1305\" data-end=\"1365\">kolekcjoner\u00f3w oryginalnych meczowych stroj\u00f3w pi\u0142karskich<\/strong> oraz wiernych <strong data-start=\"1380\" data-end=\"1405\">fan\u00f3w Oldham Athletic<\/strong>, kt\u00f3rzy chc\u0105 posiada\u0107 autentyczny egzemplarz z ko\u0144ca lat 90., okresu pe\u0142nego wyzwa\u0144 i ambicji.<\/p>","protected":false},"featured_media":15740,"template":"","meta":{"_kad_blocks_custom_css":"","_kad_blocks_head_custom_js":"","_kad_blocks_body_custom_js":"","_kad_blocks_footer_custom_js":"","_kad_post_transparent":"","_kad_post_title":"","_kad_post_layout":"","_kad_post_sidebar_id":"","_kad_post_content_style":"","_kad_post_vertical_padding":"","_kad_post_feature":"","_kad_post_feature_position":"","_kad_post_header":false,"_kad_post_footer":false},"product_brand":[411],"product_cat":[32,31,173,33],"product_tag":[],"class_list":{"0":"post-3260","1":"product","2":"type-product","3":"status-publish","4":"has-post-thumbnail","6":"product_brand-pony","7":"product_cat-kluby-angielskie","8":"product_cat-kluby-europejskie","9":"product_cat-match-worn-issue","10":"product_cat-pozostale-kluby-angielskie","11":"pa_rozmiar-xl","13":"first","14":"instock","15":"taxable","16":"shipping-taxable","17":"purchasable","18":"product-type-simple","19":"entry","20":"content-bg","21":"loop-entry"},"taxonomy_info":{"product_brand":[{"value":411,"label":"Pony"}],"product_cat":[{"value":32,"label":"Kluby Angielskie"},{"value":31,"label":"Kluby Europejskie"},{"value":173,"label":"MATCH WORN &amp; ISSUE"},{"value":33,"label":"Pozosta\u0142e kluby angielskie"}],"pa_rozmiar":[{"value":57,"label":"XL"}]},"featured_image_src_large":["https:\/\/fts.you2.pl\/wp-content\/uploads\/2025\/09\/Photoroom_075_20250825_124353-1024x1024.png",1024,1024,true],"author_info":[],"comment_info":"","_links":{"self":[{"href":"https:\/\/fts.you2.pl\/de\/wp-json\/wp\/v2\/product\/3260","targetHints":{"allow":["GET"]}}],"collection":[{"href":"https:\/\/fts.you2.pl\/de\/wp-json\/wp\/v2\/product"}],"about":[{"href":"https:\/\/fts.you2.pl\/de\/wp-json\/wp\/v2\/types\/product"}],"wp:featuredmedia":[{"embeddable":true,"href":"https:\/\/fts.you2.pl\/de\/wp-json\/wp\/v2\/media\/15740"}],"wp:attachment":[{"href":"https:\/\/fts.you2.pl\/de\/wp-json\/wp\/v2\/media?parent=3260"}],"wp:term":[{"taxonomy":"product_brand","embeddable":true,"href":"https:\/\/fts.you2.pl\/de\/wp-json\/wp\/v2\/product_brand?post=3260"},{"taxonomy":"product_cat","embeddable":true,"href":"https:\/\/fts.you2.pl\/de\/wp-json\/wp\/v2\/product_cat?post=3260"},{"taxonomy":"product_tag","embeddable":true,"href":"https:\/\/fts.you2.pl\/de\/wp-json\/wp\/v2\/product_tag?post=3260"}],"curies":[{"name":"wp","href":"https:\/\/api.w.org\/{rel}","templated":true}]}}