{"id":3261,"date":"2025-08-25T15:56:22","date_gmt":"2025-08-25T13:56:22","guid":{"rendered":"https:\/\/fts.you2.pl\/index.php\/produkt\/koszulka-treningowa-manchester-united-2002-04-l-2\/"},"modified":"2025-09-17T13:25:38","modified_gmt":"2025-09-17T11:25:38","slug":"koszulka-treningowa-manchester-united-2002-04-l-2","status":"publish","type":"product","link":"https:\/\/fts.you2.pl\/de\/koszulka-treningowa-manchester-united-2002-04-l-2\/","title":{"rendered":"Koszulka treningowa Manchester United 2002\/04 [L]"},"content":{"rendered":"<p><strong>Klub:<\/strong> Manchester United<\/p>\n<p><strong>Sezon:<\/strong> 2002\/04<\/p>\n<p><strong>Rozmiar: <\/strong>L<\/p>\n<p><strong>Stan:<\/strong> Dobry &#8211; kilka mikro zaci\u0105gni\u0119\u0107.<\/p>\n<p><strong>Wymiary (szeroko\u015b\u0107 pod pachami\/d\u0142ugo\u015b\u0107) w cm: <\/strong>60\/75<\/p>","protected":false},"excerpt":{"rendered":"<p data-start=\"0\" data-end=\"93\"><strong data-start=\"0\" data-end=\"91\">Oryginalna koszulka treningowa Manchesteru United z sezon\u00f3w 2002\u20132004 \u2013 produkcji Nike.<\/strong><\/p>\n<p data-start=\"95\" data-end=\"500\">Ta <strong data-start=\"98\" data-end=\"171\">oryginalna treningowa koszulka Manchesteru United z sezon\u00f3w 2002\u20132004<\/strong>, wyprodukowana przez <strong data-start=\"193\" data-end=\"201\">Nike<\/strong>, to klasyczny model w <strong data-start=\"224\" data-end=\"242\">szarym kolorze<\/strong>, b\u0119d\u0105cy cz\u0119\u015bci\u0105 oficjalnej kolekcji treningowej \u201eCzerwonych Diab\u0142\u00f3w\u201d z pocz\u0105tku XXI wieku. Minimalistyczny design podkre\u015blaj\u0105 kontrastowe r\u0119kawki charakterystyczne dla projekt\u00f3w Nike z tamtego okresu, co nadaje koszulce nowoczesnego i ponadczasowego stylu.<\/p>\n<p data-start=\"502\" data-end=\"861\">Na piersi znajduje si\u0119 <strong data-start=\"525\" data-end=\"552\">herb Manchesteru United<\/strong> oraz logo <strong data-start=\"563\" data-end=\"571\">Nike. <\/strong>Koszulka zosta\u0142a wykonana w technologii <strong data-start=\"740\" data-end=\"756\">Nike Dri-FIT<\/strong>, gwarantuj\u0105cej <strong data-start=\"772\" data-end=\"816\">lekko\u015b\u0107, odprowadzanie wilgoci i komfort<\/strong> podczas trening\u00f3w i przygotowa\u0144 do mecz\u00f3w.<\/p>\n<p data-start=\"863\" data-end=\"1287\">Lata <strong data-start=\"868\" data-end=\"881\">2002\u20132004<\/strong> to czas intensywnej rywalizacji Manchesteru United w Premier League i Europie pod wodz\u0105 <strong data-start=\"970\" data-end=\"993\">Sir Alexa Fergusona<\/strong>. Klub zdoby\u0142 w tym okresie <strong data-start=\"1021\" data-end=\"1061\">mistrzostwo Anglii w sezonie 2002\/03<\/strong>, a w dru\u017cynie b\u0142yszczeli tacy pi\u0142karze jak <strong data-start=\"1105\" data-end=\"1208\">Ryan Giggs, Paul Scholes, Ruud van Nistelrooy, Roy Keane, Rio Ferdinand czy m\u0142ody Cristiano Ronaldo<\/strong>, kt\u00f3ry do\u0142\u0105czy\u0142 do zespo\u0142u w 2003 roku i rozpocz\u0105\u0142 swoj\u0105 drog\u0119 ku wielko\u015bci.<\/p>\n<p data-start=\"1289\" data-end=\"1536\">Ta koszulka to \u015bwietna propozycja dla <strong data-start=\"1327\" data-end=\"1376\">kolekcjoner\u00f3w oryginalnej odzie\u017cy pi\u0142karskiej<\/strong> oraz wiernych <strong data-start=\"1391\" data-end=\"1419\">fan\u00f3w Manchesteru United<\/strong>, kt\u00f3rzy chc\u0105 posiada\u0107 autentyczny element klubowej kolekcji z okresu jednej z najwa\u017cniejszych er w historii klubu.<\/p>","protected":false},"featured_media":0,"template":"","meta":{"_kad_blocks_custom_css":"","_kad_blocks_head_custom_js":"","_kad_blocks_body_custom_js":"","_kad_blocks_footer_custom_js":"","_kad_post_transparent":"","_kad_post_title":"","_kad_post_layout":"","_kad_post_sidebar_id":"","_kad_post_content_style":"","_kad_post_vertical_padding":"","_kad_post_feature":"","_kad_post_feature_position":"","_kad_post_header":false,"_kad_post_footer":false},"product_brand":[55],"product_cat":[25,32,31,26,133],"product_tag":[],"class_list":{"0":"post-3261","1":"product","2":"type-product","3":"status-publish","5":"product_brand-nike","6":"product_cat-inne","7":"product_cat-kluby-angielskie","8":"product_cat-kluby-europejskie","9":"product_cat-kurtki-bluzy-trening","10":"product_cat-manchester-united","11":"pa_rozmiar-l","13":"first","14":"instock","15":"taxable","16":"shipping-taxable","17":"purchasable","18":"product-type-simple","19":"entry","20":"content-bg","21":"loop-entry"},"taxonomy_info":{"product_brand":[{"value":55,"label":"Nike"}],"product_cat":[{"value":25,"label":"Inne"},{"value":32,"label":"Kluby Angielskie"},{"value":31,"label":"Kluby Europejskie"},{"value":26,"label":"Kurtki\/bluzy\/trening"},{"value":133,"label":"Manchester United"}],"pa_rozmiar":[{"value":39,"label":"L"}]},"featured_image_src_large":false,"author_info":[],"comment_info":"","_links":{"self":[{"href":"https:\/\/fts.you2.pl\/de\/wp-json\/wp\/v2\/product\/3261","targetHints":{"allow":["GET"]}}],"collection":[{"href":"https:\/\/fts.you2.pl\/de\/wp-json\/wp\/v2\/product"}],"about":[{"href":"https:\/\/fts.you2.pl\/de\/wp-json\/wp\/v2\/types\/product"}],"wp:attachment":[{"href":"https:\/\/fts.you2.pl\/de\/wp-json\/wp\/v2\/media?parent=3261"}],"wp:term":[{"taxonomy":"product_brand","embeddable":true,"href":"https:\/\/fts.you2.pl\/de\/wp-json\/wp\/v2\/product_brand?post=3261"},{"taxonomy":"product_cat","embeddable":true,"href":"https:\/\/fts.you2.pl\/de\/wp-json\/wp\/v2\/product_cat?post=3261"},{"taxonomy":"product_tag","embeddable":true,"href":"https:\/\/fts.you2.pl\/de\/wp-json\/wp\/v2\/product_tag?post=3261"}],"curies":[{"name":"wp","href":"https:\/\/api.w.org\/{rel}","templated":true}]}}