{"id":3265,"date":"2025-08-25T15:56:19","date_gmt":"2025-08-25T13:56:19","guid":{"rendered":"https:\/\/fts.you2.pl\/index.php\/produkt\/koszulka-treningowa-manchester-city-2016-17-s\/"},"modified":"2025-09-19T18:03:49","modified_gmt":"2025-09-19T16:03:49","slug":"koszulka-treningowa-manchester-city-2016-17-s","status":"publish","type":"product","link":"https:\/\/fts.you2.pl\/de\/koszulka-treningowa-manchester-city-2016-17-s\/","title":{"rendered":"Koszulka treningowa Manchester City 2016\/17 [S]"},"content":{"rendered":"<p><strong>Klub:<\/strong> Manchester City<\/p>\n<p><strong>Sezon:<\/strong> 2016\/17<\/p>\n<p><strong>Rozmiar: <\/strong>S<\/p>\n<p><strong>Stan:<\/strong> Dobry &#8211; kilka mikro zaci\u0105gni\u0119\u0107.<\/p>\n<p><strong>Wymiary (szeroko\u015b\u0107 pod pachami\/d\u0142ugo\u015b\u0107) w cm: <\/strong>45\/68<\/p>","protected":false},"excerpt":{"rendered":"<p data-start=\"0\" data-end=\"87\"><strong data-start=\"0\" data-end=\"85\">Oryginalna koszulka treningowa Manchester City z sezonu 2016\/17 \u2013 produkcji Nike.<\/strong><\/p>\n<p data-start=\"89\" data-end=\"493\">Ta <strong data-start=\"92\" data-end=\"159\">oryginalna treningowa koszulka Manchester City z sezonu 2016\/17<\/strong>, wyprodukowana przez <strong data-start=\"181\" data-end=\"189\">Nike<\/strong>, to elegancki i funkcjonalny model w <strong data-start=\"227\" data-end=\"255\">ciemnogranatowym kolorze<\/strong>, wyr\u00f3\u017cniaj\u0105cy si\u0119 charakterystycznymi <strong data-start=\"294\" data-end=\"334\">jasnoniebieskimi paskami na r\u0119kawach<\/strong>. Minimalistyczny, nowoczesny design doskonale wpisywa\u0142 si\u0119 w estetyk\u0119 klubowej kolekcji treningowej w pierwszym sezonie pracy Pepa Guardioli w Manchesterze.<\/p>\n<p data-start=\"495\" data-end=\"764\">Na piersi umieszczono <strong data-start=\"517\" data-end=\"542\">herb Manchesteru City<\/strong> oraz logo <strong data-start=\"553\" data-end=\"561\">Nike<\/strong>, a koszulka zosta\u0142a wykonana z materia\u0142u w technologii <strong data-start=\"617\" data-end=\"633\">Nike Dri-FIT<\/strong>, co zapewnia\u0142o zawodnikom <strong data-start=\"660\" data-end=\"717\">lekko\u015b\u0107, przewiewno\u015b\u0107 i szybkie odprowadzanie wilgoci<\/strong> podczas intensywnych jednostek treningowych.<\/p>\n<p data-start=\"766\" data-end=\"1183\">Sezon <strong data-start=\"772\" data-end=\"783\">2016\/17<\/strong> by\u0142 pocz\u0105tkiem nowej ery na Etihad Stadium \u2013 wraz z przyj\u015bciem <strong data-start=\"847\" data-end=\"866\">Pep\u2019a Guardioli<\/strong> dru\u017cyna zacz\u0119\u0142a przechodzi\u0107 transformacj\u0119 w kierunku dominuj\u0105cego stylu gry. City zako\u0144czy\u0142o rozgrywki na <strong data-start=\"973\" data-end=\"1004\">3. miejscu w Premier League<\/strong>, a w dru\u017cynie wyr\u00f3\u017cniali si\u0119 m.in. <strong data-start=\"1040\" data-end=\"1118\">Kevin De Bruyne, David Silva, Sergio Ag\u00fcero, Raheem Sterling i Fernandinho<\/strong>, kt\u00f3rzy stanowili fundament budowanej przez Guardiol\u0119 maszyny.<\/p>\n<p data-start=\"1185\" data-end=\"1429\">Ta koszulka to doskona\u0142y wyb\u00f3r dla <strong data-start=\"1220\" data-end=\"1272\">kolekcjoner\u00f3w oryginalnych koszulek treningowych<\/strong> oraz wiernych <strong data-start=\"1287\" data-end=\"1313\">fan\u00f3w Manchesteru City<\/strong>, kt\u00f3rzy chc\u0105 posiada\u0107 pami\u0105tk\u0119 z pierwszego sezonu pracy jednego z najwybitniejszych trener\u00f3w w historii futbolu.<\/p>","protected":false},"featured_media":15781,"template":"","meta":{"_kad_blocks_custom_css":"","_kad_blocks_head_custom_js":"","_kad_blocks_body_custom_js":"","_kad_blocks_footer_custom_js":"","_kad_post_transparent":"","_kad_post_title":"","_kad_post_layout":"","_kad_post_sidebar_id":"","_kad_post_content_style":"","_kad_post_vertical_padding":"","_kad_post_feature":"","_kad_post_feature_position":"","_kad_post_header":false,"_kad_post_footer":false},"product_brand":[55],"product_cat":[32,31,308],"product_tag":[],"class_list":{"0":"post-3265","1":"product","2":"type-product","3":"status-publish","4":"has-post-thumbnail","6":"product_brand-nike","7":"product_cat-kluby-angielskie","8":"product_cat-kluby-europejskie","9":"product_cat-manchester-city","10":"pa_rozmiar-s","12":"first","13":"instock","14":"taxable","15":"shipping-taxable","16":"purchasable","17":"product-type-simple","18":"entry","19":"content-bg","20":"loop-entry"},"taxonomy_info":{"product_brand":[{"value":55,"label":"Nike"}],"product_cat":[{"value":32,"label":"Kluby Angielskie"},{"value":31,"label":"Kluby Europejskie"},{"value":308,"label":"Manchester City"}],"pa_rozmiar":[{"value":19,"label":"S"}]},"featured_image_src_large":["https:\/\/fts.you2.pl\/wp-content\/uploads\/2025\/09\/Photoroom_054_20250825_124353-1024x1024.png",1024,1024,true],"author_info":[],"comment_info":"","_links":{"self":[{"href":"https:\/\/fts.you2.pl\/de\/wp-json\/wp\/v2\/product\/3265","targetHints":{"allow":["GET"]}}],"collection":[{"href":"https:\/\/fts.you2.pl\/de\/wp-json\/wp\/v2\/product"}],"about":[{"href":"https:\/\/fts.you2.pl\/de\/wp-json\/wp\/v2\/types\/product"}],"wp:featuredmedia":[{"embeddable":true,"href":"https:\/\/fts.you2.pl\/de\/wp-json\/wp\/v2\/media\/15781"}],"wp:attachment":[{"href":"https:\/\/fts.you2.pl\/de\/wp-json\/wp\/v2\/media?parent=3265"}],"wp:term":[{"taxonomy":"product_brand","embeddable":true,"href":"https:\/\/fts.you2.pl\/de\/wp-json\/wp\/v2\/product_brand?post=3265"},{"taxonomy":"product_cat","embeddable":true,"href":"https:\/\/fts.you2.pl\/de\/wp-json\/wp\/v2\/product_cat?post=3265"},{"taxonomy":"product_tag","embeddable":true,"href":"https:\/\/fts.you2.pl\/de\/wp-json\/wp\/v2\/product_tag?post=3265"}],"curies":[{"name":"wp","href":"https:\/\/api.w.org\/{rel}","templated":true}]}}