{"id":3268,"date":"2025-08-25T15:56:17","date_gmt":"2025-08-25T13:56:17","guid":{"rendered":"https:\/\/fts.you2.pl\/index.php\/produkt\/koszulka-okolicznosciowa-manchester-city-2011-12-m\/"},"modified":"2025-09-19T18:05:43","modified_gmt":"2025-09-19T16:05:43","slug":"koszulka-okolicznosciowa-manchester-city-2011-12-m","status":"publish","type":"product","link":"https:\/\/fts.you2.pl\/de\/koszulka-okolicznosciowa-manchester-city-2011-12-m\/","title":{"rendered":"Koszulka okoliczno\u015bciowa Manchester City 2011\/12 [M]"},"content":{"rendered":"<p><strong>Klub:<\/strong> Manchester City<\/p>\n<p><strong>Sezon:<\/strong> 2011\/12<\/p>\n<p><strong>Rozmiar: <\/strong>M<\/p>\n<p><strong>Stan:<\/strong> Doskona\u0142y<\/p>\n<p><strong>Wymiary (szeroko\u015b\u0107 pod pachami\/d\u0142ugo\u015b\u0107) w cm: <\/strong>50\/72<\/p>","protected":false},"excerpt":{"rendered":"<p data-start=\"0\" data-end=\"87\"><strong data-start=\"0\" data-end=\"85\">Oryginalna koszulka pi\u0142karska Manchester City z sezonu 2011\/12 \u2013 produkcji Umbro.<\/strong><\/p>\n<p data-start=\"89\" data-end=\"560\">Ta <strong data-start=\"92\" data-end=\"173\">oryginalna domowa, okoliczno\u015bciowa koszulka Manchesteru City z sezonu 2011\/12<\/strong>, wyprodukowana przez <strong data-start=\"195\" data-end=\"204\">Umbro<\/strong>, to wyj\u0105tkowy model w klasycznym dla \u201eThe Citizens\u201d <strong data-start=\"257\" data-end=\"278\">b\u0142\u0119kitnym kolorze<\/strong>. Koszulka wyr\u00f3\u017cnia si\u0119 specjalnym <strong data-start=\"313\" data-end=\"338\">emblematem na froncie<\/strong>, kt\u00f3ry upami\u0119tnia historyczne zwyci\u0119stwo w <strong data-start=\"382\" data-end=\"412\">finale Pucharu Anglii 2011<\/strong> \u2013 wygran\u0105 1:0 nad <strong data-start=\"431\" data-end=\"445\">Stoke City<\/strong> na Wembley, po bramce Yayi Tour\u00e9. By\u0142 to moment prze\u0142omowy dla klubu, symbolizuj\u0105cy pocz\u0105tek nowej ery sukces\u00f3w.<\/p>\n<p data-start=\"562\" data-end=\"919\">Na piersi znajduj\u0105 si\u0119 <strong data-start=\"585\" data-end=\"610\">herb Manchesteru City <\/strong>oraz logo <strong data-start=\"617\" data-end=\"626\">Umbro<\/strong>, a ca\u0142o\u015b\u0107 zosta\u0142a wykonana z wysokiej jako\u015bci materia\u0142u o klasycznym kroju. Koszulka, zgodnie z filozofi\u0105 Umbro z tego okresu, \u0142\u0105czy w sobie <strong data-start=\"806\" data-end=\"845\">retro styl i nowoczesne technologie<\/strong>, zapewniaj\u0105c <strong data-start=\"859\" data-end=\"882\">komfort i elegancj\u0119<\/strong> zar\u00f3wno na boisku, jak i poza nim.<\/p>\n<p data-start=\"921\" data-end=\"1335\">Sezon <strong data-start=\"927\" data-end=\"938\">2011\/12<\/strong> przeszed\u0142 do historii futbolu \u2013 Manchester City zdoby\u0142 swoje pierwsze od 44 lat <strong data-start=\"1019\" data-end=\"1041\">mistrzostwo Anglii<\/strong>, w dramatycznych okoliczno\u015bciach ostatniej kolejki, pokonuj\u0105c <strong>Queens Park Rangers 3:2<\/strong> dzi\u0119ki bramce Sergio Ag\u00fcero w doliczonym czasie gry. Ten triumf w<strong> Premier League<\/strong> dope\u0142ni\u0142 okres odrodzenia klubu po zdobyciu Pucharu Anglii w 2011 roku, kt\u00f3rego pami\u0105tk\u0105 jest w\u0142a\u015bnie ta wyj\u0105tkowa koszulka.<\/p>\n<p data-start=\"1337\" data-end=\"1557\">To niezwykle cenna propozycja dla <strong data-start=\"1371\" data-end=\"1422\">kolekcjoner\u00f3w oryginalnych koszulek pi\u0142karskich<\/strong> oraz wiernych <strong data-start=\"1437\" data-end=\"1463\">fan\u00f3w Manchesteru City<\/strong>, kt\u00f3rzy chc\u0105 posiada\u0107 unikatowy egzemplarz zwi\u0105zany z pocz\u0105tkiem z\u0142otej ery \u201eThe Citizens\u201d.<\/p>","protected":false},"featured_media":15804,"template":"","meta":{"_kad_blocks_custom_css":"","_kad_blocks_head_custom_js":"","_kad_blocks_body_custom_js":"","_kad_blocks_footer_custom_js":"","_kad_post_transparent":"","_kad_post_title":"","_kad_post_layout":"","_kad_post_sidebar_id":"","_kad_post_content_style":"","_kad_post_vertical_padding":"","_kad_post_feature":"","_kad_post_feature_position":"","_kad_post_header":false,"_kad_post_footer":false},"product_brand":[21],"product_cat":[32,31,308],"product_tag":[],"class_list":{"0":"post-3268","1":"product","2":"type-product","3":"status-publish","4":"has-post-thumbnail","6":"product_brand-umbro","7":"product_cat-kluby-angielskie","8":"product_cat-kluby-europejskie","9":"product_cat-manchester-city","10":"pa_rozmiar-m","12":"first","13":"instock","14":"taxable","15":"shipping-taxable","16":"purchasable","17":"product-type-simple","18":"entry","19":"content-bg","20":"loop-entry"},"taxonomy_info":{"product_brand":[{"value":21,"label":"Umbro"}],"product_cat":[{"value":32,"label":"Kluby Angielskie"},{"value":31,"label":"Kluby Europejskie"},{"value":308,"label":"Manchester City"}],"pa_rozmiar":[{"value":28,"label":"M"}]},"featured_image_src_large":["https:\/\/fts.you2.pl\/wp-content\/uploads\/2025\/09\/Photoroom_058_20250825_124353-1024x1024.png",1024,1024,true],"author_info":[],"comment_info":"","_links":{"self":[{"href":"https:\/\/fts.you2.pl\/de\/wp-json\/wp\/v2\/product\/3268","targetHints":{"allow":["GET"]}}],"collection":[{"href":"https:\/\/fts.you2.pl\/de\/wp-json\/wp\/v2\/product"}],"about":[{"href":"https:\/\/fts.you2.pl\/de\/wp-json\/wp\/v2\/types\/product"}],"wp:featuredmedia":[{"embeddable":true,"href":"https:\/\/fts.you2.pl\/de\/wp-json\/wp\/v2\/media\/15804"}],"wp:attachment":[{"href":"https:\/\/fts.you2.pl\/de\/wp-json\/wp\/v2\/media?parent=3268"}],"wp:term":[{"taxonomy":"product_brand","embeddable":true,"href":"https:\/\/fts.you2.pl\/de\/wp-json\/wp\/v2\/product_brand?post=3268"},{"taxonomy":"product_cat","embeddable":true,"href":"https:\/\/fts.you2.pl\/de\/wp-json\/wp\/v2\/product_cat?post=3268"},{"taxonomy":"product_tag","embeddable":true,"href":"https:\/\/fts.you2.pl\/de\/wp-json\/wp\/v2\/product_tag?post=3268"}],"curies":[{"name":"wp","href":"https:\/\/api.w.org\/{rel}","templated":true}]}}