{"id":3272,"date":"2025-08-25T15:56:14","date_gmt":"2025-08-25T13:56:14","guid":{"rendered":"https:\/\/fts.you2.pl\/index.php\/produkt\/koszulka-pilkarska-liverpool-fc-2008-10-home-s\/"},"modified":"2025-09-19T18:07:43","modified_gmt":"2025-09-19T16:07:43","slug":"koszulka-pilkarska-liverpool-fc-2008-10-home-s","status":"publish","type":"product","link":"https:\/\/fts.you2.pl\/de\/koszulka-pilkarska-liverpool-fc-2008-10-home-s\/","title":{"rendered":"Koszulka pi\u0142karska Liverpool FC 2008\/10 Home [S]"},"content":{"rendered":"<p><strong>Klub:<\/strong> Liverpool FC<\/p>\n<p><strong>Sezon:<\/strong> 2008\/10 Home<\/p>\n<p><strong>Rozmiar: <\/strong>S<\/p>\n<p><strong>Stan:<\/strong> Zadowalaj\u0105cy &#8211; rozerwany ko\u0142nierzyk oraz mikro p\u0119kni\u0119cia na nadruku sponsora.<\/p>\n<p><strong>Wymiary (szeroko\u015b\u0107 pod pachami\/d\u0142ugo\u015b\u0107) w cm: <\/strong>49\/69(prz\u00f3d), 74(ty\u0142)<\/p>","protected":false},"excerpt":{"rendered":"<p data-start=\"0\" data-end=\"89\"><strong data-start=\"0\" data-end=\"87\">Oryginalna koszulka pi\u0142karska Liverpool FC z sezon\u00f3w 2008\u20132010 \u2013 produkcji Adidasa.<\/strong><\/p>\n<p data-start=\"91\" data-end=\"604\">Ta <strong data-start=\"94\" data-end=\"157\">oryginalna domowa koszulka Liverpool FC z sezon\u00f3w 2008\u20132010<\/strong>, wyprodukowana przez <strong data-start=\"179\" data-end=\"190\">Adidasa<\/strong>, to klasyczny model w tradycyjnych <strong data-start=\"226\" data-end=\"259\">czerwonych barwach \u201eThe Reds\u201d<\/strong>, kt\u00f3ry doskonale oddaje charakter futbolu prze\u0142omu pierwszej dekady XXI wieku. Projekt wyr\u00f3\u017cnia si\u0119 eleganckim <strong data-start=\"371\" data-end=\"408\">ko\u0142nierzykiem<\/strong>\u00a0oraz charakterystycznymi <strong data-start=\"434\" data-end=\"461\">bia\u0142ymi paskami Adidasa<\/strong> biegn\u0105cymi po ramionach. Na froncie umieszczono logo sponsora <strong data-start=\"524\" data-end=\"537\">Carlsberg<\/strong>, znak <strong data-start=\"544\" data-end=\"555\">Adidasa<\/strong> oraz <strong data-start=\"561\" data-end=\"583\">herb Liverpoolu FC.<\/strong><\/p>\n<p data-start=\"606\" data-end=\"878\">Koszulka zosta\u0142a wykonana w technologii <strong data-start=\"646\" data-end=\"666\">Adidas ClimaCool<\/strong>, co gwarantowa\u0142o pi\u0142karzom <strong data-start=\"694\" data-end=\"729\">lekko\u015b\u0107, przewiewno\u015b\u0107 i komfort<\/strong> podczas gry na najwy\u017cszym poziomie. Jej solidne wykonanie i klasyczny design sprawiaj\u0105, \u017ce do dzi\u015b pozostaje cenionym modelem w\u015br\u00f3d kolekcjoner\u00f3w.<\/p>\n<p data-start=\"880\" data-end=\"1396\">Lata <strong data-start=\"885\" data-end=\"898\">2008\u20132010<\/strong> to okres, w kt\u00f3rym Liverpool rywalizowa\u0142 w Premier League oraz Lidze Mistrz\u00f3w pod wodz\u0105 <strong data-start=\"987\" data-end=\"1007\">Rafaela Ben\u00edteza<\/strong>. Sezon 2008\/09 by\u0142 szczeg\u00f3lnie pami\u0119tny \u2013 dru\u017cyna zako\u0144czy\u0142a lig\u0119 na <strong data-start=\"1077\" data-end=\"1091\">2. miejscu<\/strong>, ust\u0119puj\u0105c jedynie Manchesterowi United, a kibice mogli podziwia\u0107 w akcji duet <strong data-start=\"1171\" data-end=\"1207\">Steven Gerrard \u2013 Fernando Torres<\/strong>, kt\u00f3ry sia\u0142a postrach w\u015br\u00f3d rywali. W sk\u0142adzie znajdowali si\u0119 r\u00f3wnie\u017c tacy zawodnicy jak <strong data-start=\"1297\" data-end=\"1357\">Xabi Alonso, Dirk Kuyt, Javier Mascherano czy Pepe Reina<\/strong>, kt\u00f3rzy nale\u017celi do filar\u00f3w zespo\u0142u.<\/p>\n<p data-start=\"1398\" data-end=\"1649\">Ta koszulka to wyj\u0105tkowa propozycja dla <strong data-start=\"1438\" data-end=\"1489\">kolekcjoner\u00f3w oryginalnych koszulek pi\u0142karskich<\/strong> oraz wiernych fan\u00f3w Liverpoolu, kt\u00f3rzy chc\u0105 posiada\u0107 pami\u0105tk\u0119 z ery Gerrarda, Torresa i Ben\u00edteza \u2013 jednego z najlepszych okres\u00f3w klubu w erze Premier League.<\/p>","protected":false},"featured_media":15844,"template":"","meta":{"_kad_blocks_custom_css":"","_kad_blocks_head_custom_js":"","_kad_blocks_body_custom_js":"","_kad_blocks_footer_custom_js":"","_kad_post_transparent":"","_kad_post_title":"","_kad_post_layout":"","_kad_post_sidebar_id":"","_kad_post_content_style":"","_kad_post_vertical_padding":"","_kad_post_feature":"","_kad_post_feature_position":"","_kad_post_header":false,"_kad_post_footer":false},"product_brand":[45],"product_cat":[32,31,125],"product_tag":[],"class_list":{"0":"post-3272","1":"product","2":"type-product","3":"status-publish","4":"has-post-thumbnail","6":"product_brand-adidas","7":"product_cat-kluby-angielskie","8":"product_cat-kluby-europejskie","9":"product_cat-liverpool-fc","10":"pa_rozmiar-s","12":"first","13":"instock","14":"taxable","15":"shipping-taxable","16":"purchasable","17":"product-type-simple","18":"entry","19":"content-bg","20":"loop-entry"},"taxonomy_info":{"product_brand":[{"value":45,"label":"Adidas"}],"product_cat":[{"value":32,"label":"Kluby Angielskie"},{"value":31,"label":"Kluby Europejskie"},{"value":125,"label":"Liverpool FC"}],"pa_rozmiar":[{"value":19,"label":"S"}]},"featured_image_src_large":["https:\/\/fts.you2.pl\/wp-content\/uploads\/2025\/09\/Photoroom_018_20250825_124353-1024x1024.png",1024,1024,true],"author_info":[],"comment_info":"","_links":{"self":[{"href":"https:\/\/fts.you2.pl\/de\/wp-json\/wp\/v2\/product\/3272","targetHints":{"allow":["GET"]}}],"collection":[{"href":"https:\/\/fts.you2.pl\/de\/wp-json\/wp\/v2\/product"}],"about":[{"href":"https:\/\/fts.you2.pl\/de\/wp-json\/wp\/v2\/types\/product"}],"wp:featuredmedia":[{"embeddable":true,"href":"https:\/\/fts.you2.pl\/de\/wp-json\/wp\/v2\/media\/15844"}],"wp:attachment":[{"href":"https:\/\/fts.you2.pl\/de\/wp-json\/wp\/v2\/media?parent=3272"}],"wp:term":[{"taxonomy":"product_brand","embeddable":true,"href":"https:\/\/fts.you2.pl\/de\/wp-json\/wp\/v2\/product_brand?post=3272"},{"taxonomy":"product_cat","embeddable":true,"href":"https:\/\/fts.you2.pl\/de\/wp-json\/wp\/v2\/product_cat?post=3272"},{"taxonomy":"product_tag","embeddable":true,"href":"https:\/\/fts.you2.pl\/de\/wp-json\/wp\/v2\/product_tag?post=3272"}],"curies":[{"name":"wp","href":"https:\/\/api.w.org\/{rel}","templated":true}]}}