{"id":3277,"date":"2025-08-25T15:56:31","date_gmt":"2025-08-25T13:56:31","guid":{"rendered":"https:\/\/fts.you2.pl\/index.php\/produkt\/koszulka-treningowa-liverpool-fc-2010-11-m\/"},"modified":"2025-09-19T18:09:46","modified_gmt":"2025-09-19T16:09:46","slug":"koszulka-treningowa-liverpool-fc-2010-11-m","status":"publish","type":"product","link":"https:\/\/fts.you2.pl\/de\/koszulka-treningowa-liverpool-fc-2010-11-m\/","title":{"rendered":"Koszulka treningowa Liverpool FC 2010\/11 [M]"},"content":{"rendered":"<p><strong>Klub:<\/strong> Liverpool FC<\/p>\n<p><strong>Sezon:<\/strong> 2010\/11<\/p>\n<p><strong>Rozmiar: <\/strong>M<\/p>\n<p><strong>Stan:<\/strong> Zadowalaj\u0105cy &#8211; zabrudzenie na plecach oraz na r\u0119kawku.<\/p>\n<p><strong>Wymiary (szeroko\u015b\u0107 pod pachami\/d\u0142ugo\u015b\u0107) w cm: <\/strong>48\/70(prz\u00f3d), 75(ty\u0142)<\/p>","protected":false},"excerpt":{"rendered":"<p data-start=\"0\" data-end=\"87\"><strong data-start=\"0\" data-end=\"85\">Oryginalna koszulka treningowa Liverpool FC z sezonu 2010\/11 \u2013 produkcji Adidasa.<\/strong><\/p>\n<p data-start=\"89\" data-end=\"511\">Ta <strong data-start=\"92\" data-end=\"156\">oryginalna koszulka treningowa Liverpool FC z sezonu 2010\/11<\/strong>, wyprodukowana przez <strong data-start=\"178\" data-end=\"189\">Adidasa<\/strong>, to stylowy i funkcjonalny model utrzymany w <strong data-start=\"235\" data-end=\"253\">bia\u0142ym kolorze<\/strong> z wyrazistymi <strong data-start=\"268\" data-end=\"292\">czerwonymi wstawkami<\/strong>\u00a0oraz kontrastuj\u0105cym <strong data-start=\"323\" data-end=\"345\">czarnym ko\u0142nierzem<\/strong>. Klasyczny, nowoczesny design \u0142\u0105czy w sobie prostot\u0119 i sportow\u0105 elegancj\u0119, charakterystyczn\u0105 dla kolekcji treningowych Adidasa z pocz\u0105tku drugiej dekady XXI wieku.<\/p>\n<p data-start=\"513\" data-end=\"874\">Na piersi znajduje si\u0119 <strong data-start=\"536\" data-end=\"555\">herb Liverpoolu<\/strong>, logo <strong data-start=\"562\" data-end=\"573\">Adidasa<\/strong> oraz znak sponsora <strong data-start=\"593\" data-end=\"615\">Standard Chartered<\/strong>, kt\u00f3ry w sezonie 2010\/11 po raz pierwszy pojawi\u0142 si\u0119 na oficjalnych strojach klubu. Koszulka zosta\u0142a wykonana w technologii <strong data-start=\"740\" data-end=\"760\">Adidas Formotion<\/strong>, co zapewnia\u0142o zawodnikom <strong data-start=\"787\" data-end=\"828\">oddychalno\u015b\u0107, lekko\u015b\u0107 i pe\u0142en komfort<\/strong> podczas trening\u00f3w i przygotowa\u0144 do spotka\u0144.<\/p>\n<p data-start=\"876\" data-end=\"1304\">Sezon <strong data-start=\"882\" data-end=\"893\">2010\/11<\/strong> by\u0142 dla Liverpoolu czasem du\u017cych zmian \u2013 dru\u017cyn\u0119 prowadzili kolejno <strong data-start=\"962\" data-end=\"994\">Roy Hodgson i Kenny Dalglish<\/strong>, a klub zako\u0144czy\u0142 rozgrywki Premier League na <strong data-start=\"1041\" data-end=\"1055\">6. miejscu<\/strong>, pokazuj\u0105c oznaki odrodzenia pod wodz\u0105 klubowej legendy. W barwach \u201eThe Reds\u201d wyst\u0119powali w\u00f3wczas m.in. <strong data-start=\"1160\" data-end=\"1245\">Steven Gerrard, Dirk Kuyt, Jamie Carragher, Pepe Reina oraz m\u0142ody Raheem Sterling<\/strong>, kt\u00f3ry stawia\u0142 swoje pierwsze kroki w seniorskiej pi\u0142ce.<\/p>\n<p data-start=\"1306\" data-end=\"1555\">Ta koszulka to \u015bwietny wyb\u00f3r dla <strong data-start=\"1339\" data-end=\"1391\">kolekcjoner\u00f3w oryginalnych koszulek treningowych<\/strong> oraz wiernych <strong data-start=\"1406\" data-end=\"1426\">fan\u00f3w Liverpoolu<\/strong>, kt\u00f3rzy chc\u0105 posiada\u0107 autentyczny element odzie\u017cy z ery przej\u015bciowej, poprzedzaj\u0105cej wielkie sukcesy klubu w kolejnych latach.<\/p>","protected":false},"featured_media":15884,"template":"","meta":{"_kad_blocks_custom_css":"","_kad_blocks_head_custom_js":"","_kad_blocks_body_custom_js":"","_kad_blocks_footer_custom_js":"","_kad_post_transparent":"","_kad_post_title":"","_kad_post_layout":"","_kad_post_sidebar_id":"","_kad_post_content_style":"","_kad_post_vertical_padding":"","_kad_post_feature":"","_kad_post_feature_position":"","_kad_post_header":false,"_kad_post_footer":false},"product_brand":[45],"product_cat":[25,32,31,26,125],"product_tag":[],"class_list":{"0":"post-3277","1":"product","2":"type-product","3":"status-publish","4":"has-post-thumbnail","6":"product_brand-adidas","7":"product_cat-inne","8":"product_cat-kluby-angielskie","9":"product_cat-kluby-europejskie","10":"product_cat-kurtki-bluzy-trening","11":"product_cat-liverpool-fc","12":"pa_rozmiar-m","14":"first","15":"instock","16":"taxable","17":"shipping-taxable","18":"purchasable","19":"product-type-simple","20":"entry","21":"content-bg","22":"loop-entry"},"taxonomy_info":{"product_brand":[{"value":45,"label":"Adidas"}],"product_cat":[{"value":25,"label":"Inne"},{"value":32,"label":"Kluby Angielskie"},{"value":31,"label":"Kluby Europejskie"},{"value":26,"label":"Kurtki\/bluzy\/trening"},{"value":125,"label":"Liverpool FC"}],"pa_rozmiar":[{"value":28,"label":"M"}]},"featured_image_src_large":["https:\/\/fts.you2.pl\/wp-content\/uploads\/2025\/09\/Photoroom_016_20250825_124353-1024x1024.png",1024,1024,true],"author_info":[],"comment_info":"","_links":{"self":[{"href":"https:\/\/fts.you2.pl\/de\/wp-json\/wp\/v2\/product\/3277","targetHints":{"allow":["GET"]}}],"collection":[{"href":"https:\/\/fts.you2.pl\/de\/wp-json\/wp\/v2\/product"}],"about":[{"href":"https:\/\/fts.you2.pl\/de\/wp-json\/wp\/v2\/types\/product"}],"wp:featuredmedia":[{"embeddable":true,"href":"https:\/\/fts.you2.pl\/de\/wp-json\/wp\/v2\/media\/15884"}],"wp:attachment":[{"href":"https:\/\/fts.you2.pl\/de\/wp-json\/wp\/v2\/media?parent=3277"}],"wp:term":[{"taxonomy":"product_brand","embeddable":true,"href":"https:\/\/fts.you2.pl\/de\/wp-json\/wp\/v2\/product_brand?post=3277"},{"taxonomy":"product_cat","embeddable":true,"href":"https:\/\/fts.you2.pl\/de\/wp-json\/wp\/v2\/product_cat?post=3277"},{"taxonomy":"product_tag","embeddable":true,"href":"https:\/\/fts.you2.pl\/de\/wp-json\/wp\/v2\/product_tag?post=3277"}],"curies":[{"name":"wp","href":"https:\/\/api.w.org\/{rel}","templated":true}]}}