{"id":3281,"date":"2025-08-25T15:56:44","date_gmt":"2025-08-25T13:56:44","guid":{"rendered":"https:\/\/fts.you2.pl\/index.php\/produkt\/koszulka-pilkarska-everton-fc-2009-10-away-xxl\/"},"modified":"2025-09-19T18:11:58","modified_gmt":"2025-09-19T16:11:58","slug":"koszulka-pilkarska-everton-fc-2009-10-away-xxl","status":"publish","type":"product","link":"https:\/\/fts.you2.pl\/de\/koszulka-pilkarska-everton-fc-2009-10-away-xxl\/","title":{"rendered":"Koszulka pi\u0142karska Everton FC 2009\/10 Away [XXL]"},"content":{"rendered":"<p><strong>Klub:<\/strong> Everton FC<\/p>\n<p><strong>Sezon:<\/strong> 2009\/10 Away<\/p>\n<p><strong>Rozmiar: <\/strong>XXL<\/p>\n<p><strong>Stan:<\/strong> Bardzo dobry &#8211; starta nalepka z rozmiarem na karku.<\/p>\n<p><strong>Wymiary (szeroko\u015b\u0107 pod pachami\/d\u0142ugo\u015b\u0107) w cm: <\/strong>60\/74(prz\u00f3d), 79(ty\u0142)<\/p>","protected":false},"excerpt":{"rendered":"<p data-start=\"0\" data-end=\"91\"><strong data-start=\"0\" data-end=\"89\">Oryginalna koszulka pi\u0142karska Everton FC z sezonu 2009\/10 \u2013 produkcji Le Coq Sportif.<\/strong><\/p>\n<p data-start=\"93\" data-end=\"506\">Ta <strong data-start=\"96\" data-end=\"157\">oryginalna wyjazdowa koszulka Everton FC z sezonu 2009\/10<\/strong>, wyprodukowana przez <strong data-start=\"179\" data-end=\"197\">Le Coq Sportif<\/strong>, to jeden z najbardziej charakterystycznych modeli w historii klubu. Utrzymana w <strong data-start=\"279\" data-end=\"298\">czarnym kolorze<\/strong> z eleganckim <strong data-start=\"312\" data-end=\"329\">ko\u0142nierzykiem<\/strong> i subtelnymi <strong data-start=\"343\" data-end=\"392\">cienkimi poziomymi paskami w odcieniu r\u00f3\u017cowym<\/strong>, wyr\u00f3\u017cnia si\u0119 odwa\u017cnym i unikatowym designem, kt\u00f3ry do dzi\u015b jest dobrze wspominany przez kibic\u00f3w \u201eThe Toffees\u201d.<\/p>\n<p data-start=\"508\" data-end=\"923\">Na froncie koszulki widnieje <strong data-start=\"537\" data-end=\"554\">herb Evertonu<\/strong>, logo <strong data-start=\"561\" data-end=\"579\">Le Coq Sportif<\/strong> oraz znak sponsora <strong data-start=\"599\" data-end=\"613\">Chang Beer<\/strong>, co tworzy klasyczny zestaw element\u00f3w, znany fanom z ko\u0144ca pierwszej dekady XXI wieku. Dzi\u0119ki zastosowaniu materia\u0142u wysokiej jako\u015bci, koszulka zapewnia\u0142a pi\u0142karzom <strong data-start=\"779\" data-end=\"821\">komfort, przewiewno\u015b\u0107 i swobod\u0119 ruch\u00f3w<\/strong>, a jej stylowy wygl\u0105d sprawi\u0142, \u017ce sta\u0142a si\u0119 kultowym elementem kolekcji meczowych stroj\u00f3w Evertonu.<\/p>\n<p data-start=\"925\" data-end=\"1310\">Sezon <strong data-start=\"931\" data-end=\"942\">2009\/10<\/strong> by\u0142 dla dru\u017cyny z Goodison Park czasem rywalizacji w Premier League pod wodz\u0105 <strong data-start=\"1021\" data-end=\"1038\">Davida Moyesa<\/strong>. Zesp\u00f3\u0142 zako\u0144czy\u0142 rozgrywki na <strong data-start=\"1070\" data-end=\"1084\">8. miejscu<\/strong>, a w sk\u0142adzie wyr\u00f3\u017cniali si\u0119 m.in. <strong data-start=\"1120\" data-end=\"1203\">Tim Cahill, Mikel Arteta, Steven Pienaar, Marouane Fellaini czy Leighton Baines<\/strong>. Pomimo silnej konkurencji, Everton potwierdzi\u0142 swoj\u0105 pozycj\u0119 solidnego zespo\u0142u w g\u00f3rnej po\u0142owie tabeli.<\/p>\n<p data-start=\"1312\" data-end=\"1555\">Ta koszulka to wyj\u0105tkowa propozycja dla <strong data-start=\"1352\" data-end=\"1402\">kolekcjoner\u00f3w oryginalnych stroj\u00f3w pi\u0142karskich<\/strong> oraz <strong data-start=\"1408\" data-end=\"1426\">fan\u00f3w Evertonu<\/strong>, kt\u00f3rzy ceni\u0105 sobie unikalne projekty i chc\u0105 posiada\u0107 jeden z najbardziej rozpoznawalnych wyjazdowych modeli w historii klubu.<\/p>","protected":false},"featured_media":15928,"template":"","meta":{"_kad_blocks_custom_css":"","_kad_blocks_head_custom_js":"","_kad_blocks_body_custom_js":"","_kad_blocks_footer_custom_js":"","_kad_post_transparent":"","_kad_post_title":"","_kad_post_layout":"","_kad_post_sidebar_id":"","_kad_post_content_style":"","_kad_post_vertical_padding":"","_kad_post_feature":"","_kad_post_feature_position":"","_kad_post_header":false,"_kad_post_footer":false},"product_brand":[96],"product_cat":[92,32,31],"product_tag":[],"class_list":{"0":"post-3281","1":"product","2":"type-product","3":"status-publish","4":"has-post-thumbnail","6":"product_brand-le-coq-sportif","7":"product_cat-everton-fc","8":"product_cat-kluby-angielskie","9":"product_cat-kluby-europejskie","10":"pa_rozmiar-xxl","12":"first","13":"instock","14":"taxable","15":"shipping-taxable","16":"purchasable","17":"product-type-simple","18":"entry","19":"content-bg","20":"loop-entry"},"taxonomy_info":{"product_brand":[{"value":96,"label":"Le Coq Sportif"}],"product_cat":[{"value":92,"label":"Everton FC"},{"value":32,"label":"Kluby Angielskie"},{"value":31,"label":"Kluby Europejskie"}],"pa_rozmiar":[{"value":71,"label":"XXL"}]},"featured_image_src_large":["https:\/\/fts.you2.pl\/wp-content\/uploads\/2025\/09\/Photoroom_082_20250825_124353-1024x1024.png",1024,1024,true],"author_info":[],"comment_info":"","_links":{"self":[{"href":"https:\/\/fts.you2.pl\/de\/wp-json\/wp\/v2\/product\/3281","targetHints":{"allow":["GET"]}}],"collection":[{"href":"https:\/\/fts.you2.pl\/de\/wp-json\/wp\/v2\/product"}],"about":[{"href":"https:\/\/fts.you2.pl\/de\/wp-json\/wp\/v2\/types\/product"}],"wp:featuredmedia":[{"embeddable":true,"href":"https:\/\/fts.you2.pl\/de\/wp-json\/wp\/v2\/media\/15928"}],"wp:attachment":[{"href":"https:\/\/fts.you2.pl\/de\/wp-json\/wp\/v2\/media?parent=3281"}],"wp:term":[{"taxonomy":"product_brand","embeddable":true,"href":"https:\/\/fts.you2.pl\/de\/wp-json\/wp\/v2\/product_brand?post=3281"},{"taxonomy":"product_cat","embeddable":true,"href":"https:\/\/fts.you2.pl\/de\/wp-json\/wp\/v2\/product_cat?post=3281"},{"taxonomy":"product_tag","embeddable":true,"href":"https:\/\/fts.you2.pl\/de\/wp-json\/wp\/v2\/product_tag?post=3281"}],"curies":[{"name":"wp","href":"https:\/\/api.w.org\/{rel}","templated":true}]}}