{"id":3286,"date":"2025-08-25T15:56:41","date_gmt":"2025-08-25T13:56:41","guid":{"rendered":"https:\/\/fts.you2.pl\/index.php\/produkt\/koszulka-pilkarska-bristol-rovers-fc-2007-08-home-l\/"},"modified":"2025-09-19T18:14:25","modified_gmt":"2025-09-19T16:14:25","slug":"koszulka-pilkarska-bristol-rovers-fc-2007-08-home-l","status":"publish","type":"product","link":"https:\/\/fts.you2.pl\/de\/koszulka-pilkarska-bristol-rovers-fc-2007-08-home-l\/","title":{"rendered":"Koszulka pi\u0142karska Bristol Rovers FC 2007\/08 Home [L]"},"content":{"rendered":"<p><strong>Klub:<\/strong> Bristol Rovers FC<\/p>\n<p><strong>Sezon:<\/strong> 2007\/08 Home<\/p>\n<p><strong>Rozmiar: <\/strong>L<\/p>\n<p><strong>Stan:<\/strong> Doskona\u0142y<\/p>\n<p><strong>Wymiary (szeroko\u015b\u0107 pod pachami\/d\u0142ugo\u015b\u0107) w cm: <\/strong>53\/69<\/p>","protected":false},"excerpt":{"rendered":"<p data-start=\"0\" data-end=\"89\"><strong data-start=\"0\" data-end=\"87\">Oryginalna koszulka pi\u0142karska Bristol Rovers FC z sezonu 2007\/08 \u2013 produkcji Erre\u00e0.<\/strong><\/p>\n<p data-start=\"91\" data-end=\"491\">Ta <strong data-start=\"94\" data-end=\"159\">oryginalna domowa koszulka Bristol Rovers FC z sezonu 2007\/08<\/strong>, wyprodukowana przez <strong data-start=\"181\" data-end=\"190\">Erre\u00e0<\/strong>, to klasyczny model w tradycyjnych <strong data-start=\"226\" data-end=\"255\">bia\u0142o-niebieskich barwach<\/strong> klubu. Charakterystyczny <strong data-start=\"281\" data-end=\"300\">\u0107wiartkowy wz\u00f3r<\/strong>, obecny na domowych koszulkach \u201eThe Gas\u201d od dekad, podkre\u015bla unikaln\u0105 to\u017csamo\u015b\u0107 dru\u017cyny i sprawia, \u017ce jest to jeden z najbardziej rozpoznawalnych komplet\u00f3w w historii angielskiego futbolu.<\/p>\n<p data-start=\"493\" data-end=\"839\">Na piersi znajduje si\u0119 <strong data-start=\"516\" data-end=\"542\">herb Bristol Rovers FC<\/strong> oraz logo <strong data-start=\"553\" data-end=\"562\">Erre\u00e0<\/strong>, a na froncie widnieje znak sponsora<strong> Cowlin Construction<\/strong> z tamtego okresu, dope\u0142niaj\u0105cy autentycznego wygl\u0105du koszulki. Dzi\u0119ki zastosowaniu lekkiego i przewiewnego materia\u0142u sportowego, koszulka zapewnia\u0142a zawodnikom <strong data-start=\"760\" data-end=\"788\">komfort i swobod\u0119 ruch\u00f3w<\/strong> zar\u00f3wno w ligowych, jak i pucharowych starciach.<\/p>\n<p data-start=\"841\" data-end=\"1317\">Sezon <strong data-start=\"847\" data-end=\"858\">2007\/08<\/strong> zapisa\u0142 si\u0119 w historii Bristol Rovers jako jeden z najbardziej pami\u0119tnych w nowo\u017cytnej erze klubu. \u201eThe Gas\u201d dotarli w\u00f3wczas a\u017c do <strong data-start=\"990\" data-end=\"1027\">p\u00f3\u0142fina\u0142u Pucharu Anglii (FA Cup)<\/strong>, gdzie zmierzyli si\u0119 z <strong>West Bromwich Albion<\/strong> na <strong>Wembley<\/strong>, a w rozgrywkach ligowych rywalizowali w <strong data-start=\"1124\" data-end=\"1138\">League One<\/strong>, buduj\u0105c solidn\u0105 pozycj\u0119 na trzecim szczeblu angielskich rozgrywek. By\u0142 to okres, w kt\u00f3rym klub wzmacnia\u0142 swoj\u0105 mark\u0119 i zyskiwa\u0142 rozg\u0142os dzi\u0119ki imponuj\u0105cym wyst\u0119pom pucharowym.<\/p>\n<p data-start=\"1319\" data-end=\"1550\">Ta koszulka to doskona\u0142a propozycja dla <strong data-start=\"1359\" data-end=\"1409\">kolekcjoner\u00f3w oryginalnych stroj\u00f3w pi\u0142karskich<\/strong> oraz <strong data-start=\"1415\" data-end=\"1439\">fan\u00f3w Bristol Rovers<\/strong>, kt\u00f3rzy chc\u0105 posiada\u0107 autentyczn\u0105 pami\u0105tk\u0119 z sezonu pe\u0142nego emocji i pi\u0142karskich sukces\u00f3w w Pucharze Anglii.<\/p>","protected":false},"featured_media":15965,"template":"","meta":{"_kad_blocks_custom_css":"","_kad_blocks_head_custom_js":"","_kad_blocks_body_custom_js":"","_kad_blocks_footer_custom_js":"","_kad_post_transparent":"","_kad_post_title":"","_kad_post_layout":"","_kad_post_sidebar_id":"","_kad_post_content_style":"","_kad_post_vertical_padding":"","_kad_post_feature":"","_kad_post_feature_position":"","_kad_post_header":false,"_kad_post_footer":false},"product_brand":[84],"product_cat":[32,31,33],"product_tag":[],"class_list":{"0":"post-3286","1":"product","2":"type-product","3":"status-publish","4":"has-post-thumbnail","6":"product_brand-errea","7":"product_cat-kluby-angielskie","8":"product_cat-kluby-europejskie","9":"product_cat-pozostale-kluby-angielskie","10":"pa_rozmiar-l","12":"first","13":"instock","14":"taxable","15":"shipping-taxable","16":"purchasable","17":"product-type-simple","18":"entry","19":"content-bg","20":"loop-entry"},"taxonomy_info":{"product_brand":[{"value":84,"label":"Errea"}],"product_cat":[{"value":32,"label":"Kluby Angielskie"},{"value":31,"label":"Kluby Europejskie"},{"value":33,"label":"Pozosta\u0142e kluby angielskie"}],"pa_rozmiar":[{"value":39,"label":"L"}]},"featured_image_src_large":["https:\/\/fts.you2.pl\/wp-content\/uploads\/2025\/09\/Photoroom_092_20250825_124353-1024x1024.png",1024,1024,true],"author_info":[],"comment_info":"","_links":{"self":[{"href":"https:\/\/fts.you2.pl\/de\/wp-json\/wp\/v2\/product\/3286","targetHints":{"allow":["GET"]}}],"collection":[{"href":"https:\/\/fts.you2.pl\/de\/wp-json\/wp\/v2\/product"}],"about":[{"href":"https:\/\/fts.you2.pl\/de\/wp-json\/wp\/v2\/types\/product"}],"wp:featuredmedia":[{"embeddable":true,"href":"https:\/\/fts.you2.pl\/de\/wp-json\/wp\/v2\/media\/15965"}],"wp:attachment":[{"href":"https:\/\/fts.you2.pl\/de\/wp-json\/wp\/v2\/media?parent=3286"}],"wp:term":[{"taxonomy":"product_brand","embeddable":true,"href":"https:\/\/fts.you2.pl\/de\/wp-json\/wp\/v2\/product_brand?post=3286"},{"taxonomy":"product_cat","embeddable":true,"href":"https:\/\/fts.you2.pl\/de\/wp-json\/wp\/v2\/product_cat?post=3286"},{"taxonomy":"product_tag","embeddable":true,"href":"https:\/\/fts.you2.pl\/de\/wp-json\/wp\/v2\/product_tag?post=3286"}],"curies":[{"name":"wp","href":"https:\/\/api.w.org\/{rel}","templated":true}]}}