{"id":3301,"date":"2025-08-31T15:32:54","date_gmt":"2025-08-31T13:32:54","guid":{"rendered":"https:\/\/fts.you2.pl\/index.php\/produkt\/koszulka-pilkarska-tottenham-hotspur-fc-2018-19-away-158-cm\/"},"modified":"2025-09-19T18:22:51","modified_gmt":"2025-09-19T16:22:51","slug":"koszulka-pilkarska-tottenham-hotspur-fc-2018-19-away-158-cm","status":"publish","type":"product","link":"https:\/\/fts.you2.pl\/de\/koszulka-pilkarska-tottenham-hotspur-fc-2018-19-away-158-cm\/","title":{"rendered":"Koszulka pi\u0142karska Tottenham Hotspur FC 2018\/19 Away [158 cm]"},"content":{"rendered":"<p><strong>Klub:<\/strong> Tottenham Hotspur FC<\/p>\n<p><strong>Sezon:<\/strong> 2018\/19 Away<\/p>\n<p><strong>Rozmiar: <\/strong>158 cm<\/p>\n<p><strong>Stan:<\/strong> Doskona\u0142y<\/p>\n<p><strong>Wymiary (szeroko\u015b\u0107 pod pachami\/d\u0142ugo\u015b\u0107) w cm: <\/strong>42\/59<\/p>","protected":false},"excerpt":{"rendered":"<p data-start=\"0\" data-end=\"88\"><strong data-start=\"0\" data-end=\"86\">Oryginalna koszulka pi\u0142karska Tottenham Hotspur z sezonu 2018\/19 \u2013 produkcji Nike.<\/strong><\/p>\n<p data-start=\"90\" data-end=\"534\">Ta <strong data-start=\"93\" data-end=\"162\">oryginalna wyjazdowa koszulka Tottenhamu Hotspur z sezonu 2018\/19<\/strong>, wyprodukowana przez <strong data-start=\"184\" data-end=\"192\">Nike<\/strong>, to m\u0142odzie\u017cowa wersja na wzrost <strong data-start=\"226\" data-end=\"236\">158 cm<\/strong>. Model utrzymany jest w <strong data-start=\"261\" data-end=\"287\">granatowej kolorystyce<\/strong>, kt\u00f3r\u0105 prze\u0142amuj\u0105 subtelne <strong data-start=\"315\" data-end=\"373\">jasnoniebieskie cienkie paski na ramionach i r\u0119kawkach<\/strong>, nadaj\u0105ce koszulce nowoczesnego charakteru. Na froncie umieszczono <strong data-start=\"441\" data-end=\"468\">herb Tottenhamu Hotspur<\/strong>, logo <strong data-start=\"475\" data-end=\"483\">Nike<\/strong> oraz znak sponsora <strong data-start=\"503\" data-end=\"510\">AIA<\/strong> w kontrastowej bieli.<\/p>\n<p data-start=\"536\" data-end=\"824\">Koszulka zosta\u0142a wykonana w technologii <strong data-start=\"576\" data-end=\"592\">Nike Dri-FIT<\/strong>, co zapewnia <strong data-start=\"606\" data-end=\"663\">lekko\u015b\u0107, przewiewno\u015b\u0107 i szybkie odprowadzanie wilgoci<\/strong>, gwarantuj\u0105c wygod\u0119 podczas gry i codziennego u\u017cytkowania. Dzi\u0119ki dopasowanemu krojowi \u015bwietnie \u0142\u0105czy sportow\u0105 funkcjonalno\u015b\u0107 z estetyk\u0105 nowoczesnego designu.<\/p>\n<p data-start=\"826\" data-end=\"1209\">Sezon <strong data-start=\"832\" data-end=\"843\">2018\/19<\/strong> by\u0142 dla \u201eKogut\u00f3w\u201d jednym z najwa\u017cniejszych w historii klubu \u2013 Tottenham pod wodz\u0105 <strong data-start=\"926\" data-end=\"949\">Mauricio Pochettino<\/strong> dotar\u0142 do <strong data-start=\"960\" data-end=\"984\">fina\u0142u Ligi Mistrz\u00f3w<\/strong>, w kt\u00f3rym zmierzy\u0142 si\u0119 z Liverpoolem. W dru\u017cynie wyr\u00f3\u017cniali si\u0119 w\u00f3wczas m.in. <strong data-start=\"1063\" data-end=\"1136\">Harry Kane, Son Heung-min, Dele Alli, Christian Eriksen i Hugo Lloris<\/strong>, tworz\u0105c zesp\u00f3\u0142, kt\u00f3ry zapisa\u0142 si\u0119 z\u0142otymi zg\u0142oskami w historii Spurs.<\/p>\n<p data-start=\"1211\" data-end=\"1448\">Ta koszulka to \u015bwietna propozycja dla <strong data-start=\"1249\" data-end=\"1285\">m\u0142odych fan\u00f3w Tottenhamu Hotspur<\/strong> oraz <strong data-start=\"1291\" data-end=\"1342\">kolekcjoner\u00f3w oryginalnych koszulek pi\u0142karskich<\/strong>, kt\u00f3rzy chc\u0105 posiada\u0107 pami\u0105tk\u0119 z historycznego sezonu, w kt\u00f3rym klub dotar\u0142 do fina\u0142u Champions League.<\/p>","protected":false},"featured_media":16079,"template":"","meta":{"_kad_blocks_custom_css":"","_kad_blocks_head_custom_js":"","_kad_blocks_body_custom_js":"","_kad_blocks_footer_custom_js":"","_kad_post_transparent":"","_kad_post_title":"","_kad_post_layout":"","_kad_post_sidebar_id":"","_kad_post_content_style":"","_kad_post_vertical_padding":"","_kad_post_feature":"","_kad_post_feature_position":"","_kad_post_header":false,"_kad_post_footer":false},"product_brand":[55],"product_cat":[32,31,356,245],"product_tag":[],"class_list":{"0":"post-3301","1":"product","2":"type-product","3":"status-publish","4":"has-post-thumbnail","6":"product_brand-nike","7":"product_cat-kluby-angielskie","8":"product_cat-kluby-europejskie","9":"product_cat-koszulki-mlodziezowe","10":"product_cat-tottenham-hotspur-fc","11":"pa_rozmiar-158-cm","13":"first","14":"instock","15":"taxable","16":"shipping-taxable","17":"purchasable","18":"product-type-simple","19":"entry","20":"content-bg","21":"loop-entry"},"taxonomy_info":{"product_brand":[{"value":55,"label":"Nike"}],"product_cat":[{"value":32,"label":"Kluby Angielskie"},{"value":31,"label":"Kluby Europejskie"},{"value":356,"label":"Koszulki M\u0142odzie\u017cowe"},{"value":245,"label":"Tottenham Hotspur FC"}],"pa_rozmiar":[{"value":355,"label":"158 cm"}]},"featured_image_src_large":["https:\/\/fts.you2.pl\/wp-content\/uploads\/2025\/09\/Photoroom_032_20250829_122435-1024x1024.png",1024,1024,true],"author_info":[],"comment_info":"","_links":{"self":[{"href":"https:\/\/fts.you2.pl\/de\/wp-json\/wp\/v2\/product\/3301","targetHints":{"allow":["GET"]}}],"collection":[{"href":"https:\/\/fts.you2.pl\/de\/wp-json\/wp\/v2\/product"}],"about":[{"href":"https:\/\/fts.you2.pl\/de\/wp-json\/wp\/v2\/types\/product"}],"wp:featuredmedia":[{"embeddable":true,"href":"https:\/\/fts.you2.pl\/de\/wp-json\/wp\/v2\/media\/16079"}],"wp:attachment":[{"href":"https:\/\/fts.you2.pl\/de\/wp-json\/wp\/v2\/media?parent=3301"}],"wp:term":[{"taxonomy":"product_brand","embeddable":true,"href":"https:\/\/fts.you2.pl\/de\/wp-json\/wp\/v2\/product_brand?post=3301"},{"taxonomy":"product_cat","embeddable":true,"href":"https:\/\/fts.you2.pl\/de\/wp-json\/wp\/v2\/product_cat?post=3301"},{"taxonomy":"product_tag","embeddable":true,"href":"https:\/\/fts.you2.pl\/de\/wp-json\/wp\/v2\/product_tag?post=3301"}],"curies":[{"name":"wp","href":"https:\/\/api.w.org\/{rel}","templated":true}]}}