{"id":3305,"date":"2025-08-31T15:32:51","date_gmt":"2025-08-31T13:32:51","guid":{"rendered":"https:\/\/fts.you2.pl\/index.php\/produkt\/koszulka-pilkarska-manchester-city-2023-24-home-164-cm\/"},"modified":"2025-09-19T18:25:21","modified_gmt":"2025-09-19T16:25:21","slug":"koszulka-pilkarska-manchester-city-2023-24-home-164-cm","status":"publish","type":"product","link":"https:\/\/fts.you2.pl\/de\/koszulka-pilkarska-manchester-city-2023-24-home-164-cm\/","title":{"rendered":"Koszulka pi\u0142karska Manchester City 2023\/24 Home [164 cm]"},"content":{"rendered":"<p><strong>Klub:<\/strong> Manchester City<\/p>\n<p><strong>Sezon:<\/strong> 2023\/24 Home<\/p>\n<p><strong>Rozmiar: <\/strong>164 cm<\/p>\n<p><strong>Stan:<\/strong> Doskona\u0142y<\/p>\n<p><strong>Wymiary (szeroko\u015b\u0107 pod pachami\/d\u0142ugo\u015b\u0107) w cm: <\/strong>47\/60<\/p>","protected":false},"excerpt":{"rendered":"<p data-start=\"0\" data-end=\"86\"><strong data-start=\"0\" data-end=\"84\">Oryginalna koszulka pi\u0142karska Manchester City z sezonu 2023\/24 \u2013 produkcji Pumy.<\/strong><\/p>\n<p data-start=\"88\" data-end=\"465\">Ta <strong data-start=\"91\" data-end=\"155\">oryginalna domowa koszulka Manchesteru City z sezonu 2023\/24<\/strong>, wyprodukowana przez <strong data-start=\"177\" data-end=\"185\">Pum\u0119<\/strong>, to m\u0142odzie\u017cowa wersja na wzrost <strong data-start=\"219\" data-end=\"229\">164 cm<\/strong>, zaprojektowana w klasycznym dla \u201eThe Citizens\u201d <strong data-start=\"278\" data-end=\"299\">b\u0142\u0119kitnym kolorze<\/strong>. Projekt uzupe\u0142niaj\u0105 subtelne <strong data-start=\"330\" data-end=\"346\">bia\u0142e detale<\/strong> na ko\u0142nierzyku i mankietach, kt\u00f3re nadaj\u0105 ca\u0142o\u015bci elegancji, a jednocze\u015bnie podkre\u015blaj\u0105 nowoczesny charakter stroju.<\/p>\n<p data-start=\"467\" data-end=\"776\">Na froncie koszulki znalaz\u0142y si\u0119: <strong data-start=\"501\" data-end=\"526\">herb Manchesteru City<\/strong>, logo <strong data-start=\"533\" data-end=\"541\">Pumy<\/strong> oraz znak sponsora <strong data-start=\"561\" data-end=\"579\">Etihad Airways<\/strong>. Model zosta\u0142 wykonany w technologii <strong data-start=\"617\" data-end=\"633\">Puma dryCELL<\/strong>, co zapewnia <strong data-start=\"647\" data-end=\"704\">lekko\u015b\u0107, przewiewno\u015b\u0107 i szybkie odprowadzanie wilgoci<\/strong>, gwarantuj\u0105c komfort zar\u00f3wno podczas gry, jak i codziennego noszenia.<\/p>\n<p data-start=\"778\" data-end=\"1102\">Sezon <strong data-start=\"784\" data-end=\"795\">2023\/24<\/strong> to kontynuacja z\u0142otej ery Manchesteru City pod wodz\u0105 <strong data-start=\"849\" data-end=\"868\">Pep\u2019a Guardioli<\/strong>, zaraz po zdobyciu <strong data-start=\"888\" data-end=\"920\">potr\u00f3jnej korony w 2023 roku<\/strong>. W barwach \u201eObywateli\u201d wyr\u00f3\u017cniali si\u0119 m.in. <strong data-start=\"965\" data-end=\"1036\">Erling Haaland, Kevin De Bruyne, Phil Foden, Bernardo Silva i Rodri<\/strong>, kt\u00f3rzy utrzymywali klub w gronie najlepszych dru\u017cyn w Europie.<\/p>\n<p data-start=\"1104\" data-end=\"1344\">Ta koszulka to doskona\u0142a propozycja dla <strong data-start=\"1144\" data-end=\"1178\">m\u0142odych fan\u00f3w Manchesteru City<\/strong> oraz <strong data-start=\"1184\" data-end=\"1235\">kolekcjoner\u00f3w oryginalnych koszulek pi\u0142karskich<\/strong>, kt\u00f3rzy chc\u0105 posiada\u0107 model z najnowszej historii klubu, b\u0119d\u0105cego jednym z dominator\u00f3w wsp\u00f3\u0142czesnej pi\u0142ki.<\/p>","protected":false},"featured_media":16112,"template":"","meta":{"_kad_blocks_custom_css":"","_kad_blocks_head_custom_js":"","_kad_blocks_body_custom_js":"","_kad_blocks_footer_custom_js":"","_kad_post_transparent":"","_kad_post_title":"","_kad_post_layout":"","_kad_post_sidebar_id":"","_kad_post_content_style":"","_kad_post_vertical_padding":"","_kad_post_feature":"","_kad_post_feature_position":"","_kad_post_header":false,"_kad_post_footer":false},"product_brand":[86],"product_cat":[32,31,356,308],"product_tag":[],"class_list":{"0":"post-3305","1":"product","2":"type-product","3":"status-publish","4":"has-post-thumbnail","6":"product_brand-puma","7":"product_cat-kluby-angielskie","8":"product_cat-kluby-europejskie","9":"product_cat-koszulki-mlodziezowe","10":"product_cat-manchester-city","11":"pa_rozmiar-164-cm","13":"first","14":"instock","15":"taxable","16":"shipping-taxable","17":"purchasable","18":"product-type-simple","19":"entry","20":"content-bg","21":"loop-entry"},"taxonomy_info":{"product_brand":[{"value":86,"label":"Puma"}],"product_cat":[{"value":32,"label":"Kluby Angielskie"},{"value":31,"label":"Kluby Europejskie"},{"value":356,"label":"Koszulki M\u0142odzie\u017cowe"},{"value":308,"label":"Manchester City"}],"pa_rozmiar":[{"value":403,"label":"164 cm"}]},"featured_image_src_large":["https:\/\/fts.you2.pl\/wp-content\/uploads\/2025\/09\/Photoroom_026_20250829_122435-1024x1024.png",1024,1024,true],"author_info":[],"comment_info":"","_links":{"self":[{"href":"https:\/\/fts.you2.pl\/de\/wp-json\/wp\/v2\/product\/3305","targetHints":{"allow":["GET"]}}],"collection":[{"href":"https:\/\/fts.you2.pl\/de\/wp-json\/wp\/v2\/product"}],"about":[{"href":"https:\/\/fts.you2.pl\/de\/wp-json\/wp\/v2\/types\/product"}],"wp:featuredmedia":[{"embeddable":true,"href":"https:\/\/fts.you2.pl\/de\/wp-json\/wp\/v2\/media\/16112"}],"wp:attachment":[{"href":"https:\/\/fts.you2.pl\/de\/wp-json\/wp\/v2\/media?parent=3305"}],"wp:term":[{"taxonomy":"product_brand","embeddable":true,"href":"https:\/\/fts.you2.pl\/de\/wp-json\/wp\/v2\/product_brand?post=3305"},{"taxonomy":"product_cat","embeddable":true,"href":"https:\/\/fts.you2.pl\/de\/wp-json\/wp\/v2\/product_cat?post=3305"},{"taxonomy":"product_tag","embeddable":true,"href":"https:\/\/fts.you2.pl\/de\/wp-json\/wp\/v2\/product_tag?post=3305"}],"curies":[{"name":"wp","href":"https:\/\/api.w.org\/{rel}","templated":true}]}}