{"id":3312,"date":"2025-08-31T15:32:44","date_gmt":"2025-08-31T13:32:44","guid":{"rendered":"https:\/\/fts.you2.pl\/index.php\/produkt\/bluza-pilkarska-chelsea-fc-2021-22-158-cm\/"},"modified":"2025-09-19T18:28:12","modified_gmt":"2025-09-19T16:28:12","slug":"bluza-pilkarska-chelsea-fc-2021-22-158-cm","status":"publish","type":"product","link":"https:\/\/fts.you2.pl\/de\/bluza-pilkarska-chelsea-fc-2021-22-158-cm\/","title":{"rendered":"Bluza pi\u0142karska Chelsea FC 2021\/22 [158 cm]"},"content":{"rendered":"<p><strong>Klub:<\/strong> Chelsea FC<\/p>\n<p><strong>Sezon:<\/strong> 2021\/22<\/p>\n<p><strong>Rozmiar: <\/strong>158 cm<\/p>\n<p><strong>Stan:<\/strong> Doskona\u0142y<\/p>\n<p><strong>Wymiary (szeroko\u015b\u0107 pod pachami\/d\u0142ugo\u015b\u0107) w cm: <\/strong>47\/64<\/p>","protected":false},"excerpt":{"rendered":"<p data-start=\"0\" data-end=\"76\"><strong data-start=\"0\" data-end=\"74\">Oryginalna bluza klubowa Chelsea FC z sezonu 2021\/22 \u2013 produkcji Nike.<\/strong><\/p>\n<p data-start=\"78\" data-end=\"516\">Ta <strong data-start=\"81\" data-end=\"137\">oryginalna bluza klubowa Chelsea FC z sezonu 2021\/22<\/strong>, wyprodukowana przez <strong data-start=\"159\" data-end=\"167\">Nike<\/strong>, to m\u0142odzie\u017cowy model na wzrost <strong data-start=\"200\" data-end=\"210\">158 cm<\/strong>. Utrzymana w eleganckiej <strong data-start=\"236\" data-end=\"253\">czarnej bazie<\/strong>, wyr\u00f3\u017cnia si\u0119 nowoczesnym designem z du\u017cymi, kontrastuj\u0105cymi <strong data-start=\"315\" data-end=\"381\">prostok\u0105tnymi panelami w kolorze turkusowym oraz pomara\u0144czowym<\/strong> umieszczonymi na froncie. Ca\u0142o\u015b\u0107 dope\u0142nia zamek b\u0142yskawiczny oraz kr\u00f3tki ko\u0142nierzyk, kt\u00f3re podkre\u015blaj\u0105 sportowy i funkcjonalny charakter bluzy.<\/p>\n<p data-start=\"518\" data-end=\"911\">Na piersi znalaz\u0142y si\u0119: <strong data-start=\"542\" data-end=\"561\">herb Chelsea FC<\/strong> oraz logo <strong data-start=\"572\" data-end=\"580\">Nike<\/strong>, oba w kontrastowych kolorach, kt\u00f3re nadaj\u0105 bluzie dynamicznego wygl\u0105du. Model zosta\u0142 wykonany z lekkiego i elastycznego materia\u0142u w technologii <strong data-start=\"726\" data-end=\"742\">Nike Dri-FIT<\/strong>, co zapewnia <strong data-start=\"756\" data-end=\"815\">odprowadzanie wilgoci, komfort cieplny i swobod\u0119 ruch\u00f3w<\/strong>, dzi\u0119ki czemu \u015bwietnie sprawdza si\u0119 zar\u00f3wno podczas trening\u00f3w, jak i codziennego u\u017cytkowania.<\/p>\n<p data-start=\"913\" data-end=\"1247\">Sezon <strong data-start=\"919\" data-end=\"930\">2021\/22<\/strong> by\u0142 dla Chelsea pe\u0142en intensywnej rywalizacji \u2013 klub zdoby\u0142 w\u00f3wczas <strong data-start=\"999\" data-end=\"1034\">Klubowe Mistrzostwo \u015awiata FIFA<\/strong>, a tak\u017ce dotar\u0142 do fina\u0142\u00f3w FA Cup i Pucharu Ligi. W barwach \u201eThe Blues\u201d b\u0142yszczeli m.in. <strong data-start=\"1124\" data-end=\"1183\">Mason Mount, Kai Havertz, Thiago Silva czy N\u2019Golo Kant\u00e9<\/strong>, a dru\u017cyna utrzymywa\u0142a status jednej z najlepszych w Europie.<\/p>\n<p data-start=\"1249\" data-end=\"1448\">Ta bluza to \u015bwietna propozycja dla <strong data-start=\"1284\" data-end=\"1309\">m\u0142odych fan\u00f3w Chelsea<\/strong> oraz <strong data-start=\"1315\" data-end=\"1361\">kolekcjoner\u00f3w oryginalnej odzie\u017cy klubowej<\/strong>, kt\u00f3rzy chc\u0105 posiada\u0107 model \u0142\u0105cz\u0105cy nowoczesny design z praktyczn\u0105 funkcjonalno\u015bci\u0105.<\/p>","protected":false},"featured_media":16162,"template":"","meta":{"_kad_blocks_custom_css":"","_kad_blocks_head_custom_js":"","_kad_blocks_body_custom_js":"","_kad_blocks_footer_custom_js":"","_kad_post_transparent":"","_kad_post_title":"","_kad_post_layout":"","_kad_post_sidebar_id":"","_kad_post_content_style":"","_kad_post_vertical_padding":"","_kad_post_feature":"","_kad_post_feature_position":"","_kad_post_header":false,"_kad_post_footer":false},"product_brand":[55],"product_cat":[397,25,32,31,356,26],"product_tag":[],"class_list":{"0":"post-3312","1":"product","2":"type-product","3":"status-publish","4":"has-post-thumbnail","6":"product_brand-nike","7":"product_cat-chelsea-fc","8":"product_cat-inne","9":"product_cat-kluby-angielskie","10":"product_cat-kluby-europejskie","11":"product_cat-koszulki-mlodziezowe","12":"product_cat-kurtki-bluzy-trening","13":"pa_rozmiar-158-cm","15":"first","16":"instock","17":"taxable","18":"shipping-taxable","19":"purchasable","20":"product-type-simple","21":"entry","22":"content-bg","23":"loop-entry"},"taxonomy_info":{"product_brand":[{"value":55,"label":"Nike"}],"product_cat":[{"value":397,"label":"Chelsea FC"},{"value":25,"label":"Inne"},{"value":32,"label":"Kluby Angielskie"},{"value":31,"label":"Kluby Europejskie"},{"value":356,"label":"Koszulki M\u0142odzie\u017cowe"},{"value":26,"label":"Kurtki\/bluzy\/trening"}],"pa_rozmiar":[{"value":355,"label":"158 cm"}]},"featured_image_src_large":["https:\/\/fts.you2.pl\/wp-content\/uploads\/2025\/09\/Photoroom_034_20250829_122435-1024x1024.png",1024,1024,true],"author_info":[],"comment_info":"","_links":{"self":[{"href":"https:\/\/fts.you2.pl\/de\/wp-json\/wp\/v2\/product\/3312","targetHints":{"allow":["GET"]}}],"collection":[{"href":"https:\/\/fts.you2.pl\/de\/wp-json\/wp\/v2\/product"}],"about":[{"href":"https:\/\/fts.you2.pl\/de\/wp-json\/wp\/v2\/types\/product"}],"wp:featuredmedia":[{"embeddable":true,"href":"https:\/\/fts.you2.pl\/de\/wp-json\/wp\/v2\/media\/16162"}],"wp:attachment":[{"href":"https:\/\/fts.you2.pl\/de\/wp-json\/wp\/v2\/media?parent=3312"}],"wp:term":[{"taxonomy":"product_brand","embeddable":true,"href":"https:\/\/fts.you2.pl\/de\/wp-json\/wp\/v2\/product_brand?post=3312"},{"taxonomy":"product_cat","embeddable":true,"href":"https:\/\/fts.you2.pl\/de\/wp-json\/wp\/v2\/product_cat?post=3312"},{"taxonomy":"product_tag","embeddable":true,"href":"https:\/\/fts.you2.pl\/de\/wp-json\/wp\/v2\/product_tag?post=3312"}],"curies":[{"name":"wp","href":"https:\/\/api.w.org\/{rel}","templated":true}]}}