{"id":3314,"date":"2025-08-31T15:32:43","date_gmt":"2025-08-31T13:32:43","guid":{"rendered":"https:\/\/fts.you2.pl\/index.php\/produkt\/koszulka-pilkarska-arsenal-fc-2017-18-home-8-ramsey-140-cm\/"},"modified":"2025-09-19T18:29:15","modified_gmt":"2025-09-19T16:29:15","slug":"koszulka-pilkarska-arsenal-fc-2017-18-home-8-ramsey-140-cm","status":"publish","type":"product","link":"https:\/\/fts.you2.pl\/de\/koszulka-pilkarska-arsenal-fc-2017-18-home-8-ramsey-140-cm\/","title":{"rendered":"Koszulka pi\u0142karska Arsenal FC 2017\/18 Home 8 Ramsey [140 cm]"},"content":{"rendered":"<p><strong>Klub:<\/strong> Arsenal FC<\/p>\n<p><strong>Sezon:<\/strong> 2017\/18 Home<\/p>\n<p><strong>Rozmiar: <\/strong>140 cm<\/p>\n<p><strong>Stan:<\/strong> Dobry &#8211; brak nalepki na froncie oraz mikro plamka na r\u0119kawku.<\/p>\n<p><strong>Wymiary (szeroko\u015b\u0107 pod pachami\/d\u0142ugo\u015b\u0107) w cm: <\/strong>39\/52<\/p>","protected":false},"excerpt":{"rendered":"<p data-start=\"0\" data-end=\"82\">Oryginalna koszulka pi\u0142karska <strong data-start=\"30\" data-end=\"80\">Arsenalu FC z sezonu 2017\/18 \u2013 produkcji Pumy.<\/strong><\/p>\n<p data-start=\"84\" data-end=\"419\">Ta <strong data-start=\"87\" data-end=\"126\">oryginalna domowa koszulka Arsenalu<\/strong> z sezonu 2017\/18 to model przygotowany przez mark\u0119 Puma, utrzymany w klasycznej dla klubu kolorystyce \u2013 <strong data-start=\"231\" data-end=\"263\">czerwonej z bia\u0142ymi r\u0119kawami<\/strong>. Koszulka w wersji juniorskiej (wzrost 140 cm) posiada na plecach <strong data-start=\"330\" data-end=\"355\">nadruk Aarona Ramseya<\/strong>, jednego z kluczowych zawodnik\u00f3w Kanonier\u00f3w w tamtym okresie.<\/p>\n<p data-start=\"421\" data-end=\"782\">Na froncie znajduje si\u0119 <strong data-start=\"445\" data-end=\"462\">herb Arsenalu<\/strong> oraz <strong data-start=\"468\" data-end=\"481\">logo Pumy<\/strong>, a centraln\u0105 cz\u0119\u015b\u0107 zajmuje <strong data-start=\"509\" data-end=\"541\">nadruk sponsora Fly Emirates<\/strong>, podkre\u015blaj\u0105cy autentyczno\u015b\u0107 tego egzemplarza. Koszulka zosta\u0142a wykonana z lekkiego i oddychaj\u0105cego materia\u0142u, kt\u00f3ry gwarantowa\u0142 m\u0142odym fanom klubu komfort oraz pe\u0142n\u0105 swobod\u0119 ruch\u00f3w \u2013 zar\u00f3wno na boisku, jak i podczas codziennego noszenia.<\/p>\n<p data-start=\"784\" data-end=\"1099\">Sezon 2017\/18 by\u0142 ostatnim rokiem pracy <strong data-start=\"824\" data-end=\"844\">Ars\u00e8ne\u2019a Wengera<\/strong> na stanowisku mened\u017cera Arsenalu, co dodatkowo nadaje koszulce wyj\u0105tkowego znaczenia. Aaron Ramsey nale\u017ca\u0142 w\u00f3wczas do najwa\u017cniejszych pi\u0142karzy dru\u017cyny, a jego nazwisko na plecach sprawia, \u017ce ten egzemplarz nabiera szczeg\u00f3lnej warto\u015bci kolekcjonerskiej.<\/p>\n<p data-start=\"1101\" data-end=\"1277\">Ta koszulka to <strong data-start=\"1116\" data-end=\"1162\">idealny wyb\u00f3r dla m\u0142odych kibic\u00f3w Arsenalu<\/strong>, a tak\u017ce dla kolekcjoner\u00f3w, kt\u00f3rzy ceni\u0105 sobie <strong data-start=\"1210\" data-end=\"1274\">oryginalne stroje pi\u0142karskie z unikalnym nadrukiem zawodnika<\/strong>.<\/p>","protected":false},"featured_media":16178,"template":"","meta":{"_kad_blocks_custom_css":"","_kad_blocks_head_custom_js":"","_kad_blocks_body_custom_js":"","_kad_blocks_footer_custom_js":"","_kad_post_transparent":"","_kad_post_title":"","_kad_post_layout":"","_kad_post_sidebar_id":"","_kad_post_content_style":"","_kad_post_vertical_padding":"","_kad_post_feature":"","_kad_post_feature_position":"","_kad_post_header":false,"_kad_post_footer":false},"product_brand":[86],"product_cat":[337,32,31,356],"product_tag":[],"class_list":{"0":"post-3314","1":"product","2":"type-product","3":"status-publish","4":"has-post-thumbnail","6":"product_brand-puma","7":"product_cat-arsenal-fc","8":"product_cat-kluby-angielskie","9":"product_cat-kluby-europejskie","10":"product_cat-koszulki-mlodziezowe","11":"pa_rozmiar-140-cm","13":"first","14":"instock","15":"taxable","16":"shipping-taxable","17":"purchasable","18":"product-type-simple","19":"entry","20":"content-bg","21":"loop-entry"},"taxonomy_info":{"product_brand":[{"value":86,"label":"Puma"}],"product_cat":[{"value":337,"label":"Arsenal FC"},{"value":32,"label":"Kluby Angielskie"},{"value":31,"label":"Kluby Europejskie"},{"value":356,"label":"Koszulki M\u0142odzie\u017cowe"}],"pa_rozmiar":[{"value":467,"label":"140 cm"}]},"featured_image_src_large":["https:\/\/fts.you2.pl\/wp-content\/uploads\/2025\/09\/Photoroom_001_20250829_122435-1024x1024.png",1024,1024,true],"author_info":[],"comment_info":"","_links":{"self":[{"href":"https:\/\/fts.you2.pl\/de\/wp-json\/wp\/v2\/product\/3314","targetHints":{"allow":["GET"]}}],"collection":[{"href":"https:\/\/fts.you2.pl\/de\/wp-json\/wp\/v2\/product"}],"about":[{"href":"https:\/\/fts.you2.pl\/de\/wp-json\/wp\/v2\/types\/product"}],"wp:featuredmedia":[{"embeddable":true,"href":"https:\/\/fts.you2.pl\/de\/wp-json\/wp\/v2\/media\/16178"}],"wp:attachment":[{"href":"https:\/\/fts.you2.pl\/de\/wp-json\/wp\/v2\/media?parent=3314"}],"wp:term":[{"taxonomy":"product_brand","embeddable":true,"href":"https:\/\/fts.you2.pl\/de\/wp-json\/wp\/v2\/product_brand?post=3314"},{"taxonomy":"product_cat","embeddable":true,"href":"https:\/\/fts.you2.pl\/de\/wp-json\/wp\/v2\/product_cat?post=3314"},{"taxonomy":"product_tag","embeddable":true,"href":"https:\/\/fts.you2.pl\/de\/wp-json\/wp\/v2\/product_tag?post=3314"}],"curies":[{"name":"wp","href":"https:\/\/api.w.org\/{rel}","templated":true}]}}