{"id":3315,"date":"2025-08-31T15:32:42","date_gmt":"2025-08-31T13:32:42","guid":{"rendered":"https:\/\/fts.you2.pl\/index.php\/produkt\/koszulka-pilkarska-anglia-2020-22-home-158-cm\/"},"modified":"2025-09-19T18:29:45","modified_gmt":"2025-09-19T16:29:45","slug":"koszulka-pilkarska-anglia-2020-22-home-158-cm","status":"publish","type":"product","link":"https:\/\/fts.you2.pl\/de\/koszulka-pilkarska-anglia-2020-22-home-158-cm\/","title":{"rendered":"Koszulka pi\u0142karska Anglia 2020\/22 Home [158 cm]"},"content":{"rendered":"<p><strong>Klub:<\/strong> Anglia<\/p>\n<p><strong>Sezon:<\/strong> 2020\/22 Home<\/p>\n<p><strong>Rozmiar: <\/strong>158 cm<\/p>\n<p><strong>Stan:<\/strong> Dobry &#8211; kilka niewielkich zaci\u0105gni\u0119\u0107.<\/p>\n<p><strong>Wymiary (szeroko\u015b\u0107 pod pachami\/d\u0142ugo\u015b\u0107) w cm: <\/strong>43\/60<\/p>","protected":false},"excerpt":{"rendered":"<p>Oryginalna koszulka pi\u0142karska <strong data-start=\"30\" data-end=\"86\">reprezentacji Anglii z lat 2020\/22 \u2013 produkcji Nike.<\/strong><\/p>\n<p data-start=\"90\" data-end=\"398\">Ta <strong data-start=\"93\" data-end=\"144\">oryginalna domowa koszulka reprezentacji Anglii<\/strong> z lat 2020\u20132022 zosta\u0142a zaprojektowana przez mark\u0119 Nike i przygotowana w juniorskiej wersji na wzrost <strong data-start=\"247\" data-end=\"257\">158 cm<\/strong>. Utrzymana w klasycznej <strong data-start=\"282\" data-end=\"304\">bia\u0142ej kolorystyce<\/strong>, wyr\u00f3\u017cnia si\u0119 minimalistycznym designem, kt\u00f3ry nawi\u0105zuje do tradycji dru\u017cyny \u201eTrzech Lw\u00f3w\u201d.<\/p>\n<p data-start=\"400\" data-end=\"675\">Na piersi znajduje si\u0119 <strong data-start=\"423\" data-end=\"452\">herb reprezentacji Anglii<\/strong> oraz <strong data-start=\"458\" data-end=\"471\">logo Nike<\/strong>, podkre\u015blaj\u0105ce autentyczno\u015b\u0107 modelu. Ca\u0142o\u015b\u0107 wykonano z lekkiego i oddychaj\u0105cego materia\u0142u, kt\u00f3ry zapewnia <strong data-start=\"578\" data-end=\"620\">komfort, przewiewno\u015b\u0107 i swobod\u0119 ruch\u00f3w<\/strong>, zar\u00f3wno podczas gry, jak i codziennego u\u017cytkowania.<\/p>\n<p data-start=\"677\" data-end=\"935\">W tym okresie reprezentacja Anglii osi\u0105gn\u0119\u0142a jeden ze swoich najwi\u0119kszych sukces\u00f3w w XXI wieku \u2013 <strong data-start=\"774\" data-end=\"805\">dotar\u0142a do fina\u0142u Euro 2020<\/strong>, gdzie rywalizowa\u0142a z W\u0142ochami na Wembley. Dzi\u0119ki temu koszulka zyska\u0142a status <strong data-start=\"885\" data-end=\"932\">symbolu wyj\u0105tkowej ery angielskiego futbolu<\/strong>.<\/p>\n<p data-start=\"937\" data-end=\"1102\">To doskona\u0142y wyb\u00f3r dla <strong data-start=\"960\" data-end=\"986\">m\u0142odych kibic\u00f3w Anglii<\/strong> oraz kolekcjoner\u00f3w, kt\u00f3rzy poszukuj\u0105 <strong data-start=\"1024\" data-end=\"1099\">oryginalnych stroj\u00f3w reprezentacyjnych z wa\u017cnym kontekstem historycznym<\/strong>.<\/p>","protected":false},"featured_media":16188,"template":"","meta":{"_kad_blocks_custom_css":"","_kad_blocks_head_custom_js":"","_kad_blocks_body_custom_js":"","_kad_blocks_footer_custom_js":"","_kad_post_transparent":"","_kad_post_title":"","_kad_post_layout":"","_kad_post_sidebar_id":"","_kad_post_content_style":"","_kad_post_vertical_padding":"","_kad_post_feature":"","_kad_post_feature_position":"","_kad_post_header":false,"_kad_post_footer":false},"product_brand":[55],"product_cat":[24,23,356,22],"product_tag":[],"class_list":{"0":"post-3315","1":"product","2":"type-product","3":"status-publish","4":"has-post-thumbnail","6":"product_brand-nike","7":"product_cat-anglia","8":"product_cat-europa","9":"product_cat-koszulki-mlodziezowe","10":"product_cat-reprezentacje","11":"pa_rozmiar-158-cm","13":"first","14":"instock","15":"taxable","16":"shipping-taxable","17":"purchasable","18":"product-type-simple","19":"entry","20":"content-bg","21":"loop-entry"},"taxonomy_info":{"product_brand":[{"value":55,"label":"Nike"}],"product_cat":[{"value":24,"label":"Anglia"},{"value":23,"label":"Europa"},{"value":356,"label":"Koszulki M\u0142odzie\u017cowe"},{"value":22,"label":"REPREZENTACJE"}],"pa_rozmiar":[{"value":355,"label":"158 cm"}]},"featured_image_src_large":["https:\/\/fts.you2.pl\/wp-content\/uploads\/2025\/09\/Photoroom_036_20250829_122435-1024x1024.png",1024,1024,true],"author_info":[],"comment_info":"","_links":{"self":[{"href":"https:\/\/fts.you2.pl\/de\/wp-json\/wp\/v2\/product\/3315","targetHints":{"allow":["GET"]}}],"collection":[{"href":"https:\/\/fts.you2.pl\/de\/wp-json\/wp\/v2\/product"}],"about":[{"href":"https:\/\/fts.you2.pl\/de\/wp-json\/wp\/v2\/types\/product"}],"wp:featuredmedia":[{"embeddable":true,"href":"https:\/\/fts.you2.pl\/de\/wp-json\/wp\/v2\/media\/16188"}],"wp:attachment":[{"href":"https:\/\/fts.you2.pl\/de\/wp-json\/wp\/v2\/media?parent=3315"}],"wp:term":[{"taxonomy":"product_brand","embeddable":true,"href":"https:\/\/fts.you2.pl\/de\/wp-json\/wp\/v2\/product_brand?post=3315"},{"taxonomy":"product_cat","embeddable":true,"href":"https:\/\/fts.you2.pl\/de\/wp-json\/wp\/v2\/product_cat?post=3315"},{"taxonomy":"product_tag","embeddable":true,"href":"https:\/\/fts.you2.pl\/de\/wp-json\/wp\/v2\/product_tag?post=3315"}],"curies":[{"name":"wp","href":"https:\/\/api.w.org\/{rel}","templated":true}]}}