{"id":3316,"date":"2025-08-31T15:32:41","date_gmt":"2025-08-31T13:32:41","guid":{"rendered":"https:\/\/fts.you2.pl\/index.php\/produkt\/koszulka-pilkarska-anglia-2010-home-10-rooney-158-cm\/"},"modified":"2025-09-19T18:30:26","modified_gmt":"2025-09-19T16:30:26","slug":"koszulka-pilkarska-anglia-2010-home-10-rooney-158-cm","status":"publish","type":"product","link":"https:\/\/fts.you2.pl\/de\/koszulka-pilkarska-anglia-2010-home-10-rooney-158-cm\/","title":{"rendered":"Koszulka pi\u0142karska Anglia 2010 Home 10 Rooney [158 cm]"},"content":{"rendered":"<p><strong>Klub:<\/strong> Anglia<\/p>\n<p><strong>Sezon:<\/strong> 2010 Home<\/p>\n<p><strong>Rozmiar: <\/strong>158 cm<\/p>\n<p><strong>Stan:<\/strong> Bardzo dobry &#8211; mikro zabrudzenie na ko\u0142nierzu.<\/p>\n<p><strong>Wymiary (szeroko\u015b\u0107 pod pachami\/d\u0142ugo\u015b\u0107) w cm: <\/strong>44\/64<\/p>","protected":false},"excerpt":{"rendered":"<p data-start=\"0\" data-end=\"87\">Oryginalna koszulka pi\u0142karska <strong data-start=\"30\" data-end=\"85\">reprezentacji Anglii z 2010 roku \u2013 produkcji Umbro.<\/strong><\/p>\n<p data-start=\"89\" data-end=\"413\">Ta <strong data-start=\"92\" data-end=\"143\">oryginalna domowa koszulka reprezentacji Anglii<\/strong> z 2010 roku zosta\u0142a wyprodukowana przez mark\u0119 Umbro i przygotowana w juniorskiej wersji na wzrost <strong data-start=\"242\" data-end=\"252\">158 cm<\/strong>. Utrzymana w tradycyjnej <strong data-start=\"278\" data-end=\"300\">bia\u0142ej kolorystyce<\/strong>, wyr\u00f3\u017cnia si\u0119 eleganckim <strong data-start=\"326\" data-end=\"343\">ko\u0142nierzykiem<\/strong> zapinanym na guziki, co nadaje jej klasycznego, pi\u0142karskiego stylu.<\/p>\n<p data-start=\"415\" data-end=\"807\">Na froncie znajduje si\u0119 <strong data-start=\"439\" data-end=\"468\">herb reprezentacji Anglii<\/strong> oraz subtelne, czerwone <strong data-start=\"483\" data-end=\"497\">logo Umbro<\/strong>, a na plecach widnieje <strong data-start=\"521\" data-end=\"547\">nadruk Wayne\u2019a Rooneya<\/strong>, jednego z najlepszych napastnik\u00f3w w historii angielskiego futbolu. Wykonana z lekkiego i oddychaj\u0105cego materia\u0142u koszulka gwarantuje <strong data-start=\"682\" data-end=\"720\">komfort, swobod\u0119 ruch\u00f3w i trwa\u0142o\u015b\u0107<\/strong>, dzi\u0119ki czemu \u015bwietnie sprawdzi si\u0119 zar\u00f3wno podczas gry, jak i noszenia na co dzie\u0144.<\/p>\n<p data-start=\"809\" data-end=\"1065\">Sezon reprezentacyjny 2010 to czas wyst\u0119p\u00f3w Anglik\u00f3w na <strong data-start=\"865\" data-end=\"895\">Mistrzostwach \u015awiata w RPA<\/strong>, gdzie Rooney by\u0142 kluczow\u0105 postaci\u0105 dru\u017cyny. Dzi\u0119ki temu model zyskuje wyj\u0105tkowy charakter i warto\u015b\u0107 kolekcjonersk\u0105, szczeg\u00f3lnie dla fan\u00f3w tego legendarnego zawodnika.<\/p>\n<p data-start=\"1067\" data-end=\"1253\">Ta koszulka to <strong data-start=\"1082\" data-end=\"1128\">doskona\u0142y wyb\u00f3r dla m\u0142odych kibic\u00f3w Anglii<\/strong> oraz kolekcjoner\u00f3w, kt\u00f3rzy poszukuj\u0105 <strong data-start=\"1166\" data-end=\"1250\">oryginalnych i historycznych stroj\u00f3w pi\u0142karskich z unikalnym nadrukiem zawodnika<\/strong>.<\/p>","protected":false},"featured_media":16197,"template":"","meta":{"_kad_blocks_custom_css":"","_kad_blocks_head_custom_js":"","_kad_blocks_body_custom_js":"","_kad_blocks_footer_custom_js":"","_kad_post_transparent":"","_kad_post_title":"","_kad_post_layout":"","_kad_post_sidebar_id":"","_kad_post_content_style":"","_kad_post_vertical_padding":"","_kad_post_feature":"","_kad_post_feature_position":"","_kad_post_header":false,"_kad_post_footer":false},"product_brand":[21],"product_cat":[24,23,356,22],"product_tag":[],"class_list":{"0":"post-3316","1":"product","2":"type-product","3":"status-publish","4":"has-post-thumbnail","6":"product_brand-umbro","7":"product_cat-anglia","8":"product_cat-europa","9":"product_cat-koszulki-mlodziezowe","10":"product_cat-reprezentacje","11":"pa_rozmiar-158-cm","13":"first","14":"instock","15":"taxable","16":"shipping-taxable","17":"purchasable","18":"product-type-simple","19":"entry","20":"content-bg","21":"loop-entry"},"taxonomy_info":{"product_brand":[{"value":21,"label":"Umbro"}],"product_cat":[{"value":24,"label":"Anglia"},{"value":23,"label":"Europa"},{"value":356,"label":"Koszulki M\u0142odzie\u017cowe"},{"value":22,"label":"REPREZENTACJE"}],"pa_rozmiar":[{"value":355,"label":"158 cm"}]},"featured_image_src_large":["https:\/\/fts.you2.pl\/wp-content\/uploads\/2025\/09\/Photoroom_023_20250829_122435-2-1024x1024.png",1024,1024,true],"author_info":[],"comment_info":"","_links":{"self":[{"href":"https:\/\/fts.you2.pl\/de\/wp-json\/wp\/v2\/product\/3316","targetHints":{"allow":["GET"]}}],"collection":[{"href":"https:\/\/fts.you2.pl\/de\/wp-json\/wp\/v2\/product"}],"about":[{"href":"https:\/\/fts.you2.pl\/de\/wp-json\/wp\/v2\/types\/product"}],"wp:featuredmedia":[{"embeddable":true,"href":"https:\/\/fts.you2.pl\/de\/wp-json\/wp\/v2\/media\/16197"}],"wp:attachment":[{"href":"https:\/\/fts.you2.pl\/de\/wp-json\/wp\/v2\/media?parent=3316"}],"wp:term":[{"taxonomy":"product_brand","embeddable":true,"href":"https:\/\/fts.you2.pl\/de\/wp-json\/wp\/v2\/product_brand?post=3316"},{"taxonomy":"product_cat","embeddable":true,"href":"https:\/\/fts.you2.pl\/de\/wp-json\/wp\/v2\/product_cat?post=3316"},{"taxonomy":"product_tag","embeddable":true,"href":"https:\/\/fts.you2.pl\/de\/wp-json\/wp\/v2\/product_tag?post=3316"}],"curies":[{"name":"wp","href":"https:\/\/api.w.org\/{rel}","templated":true}]}}