{"id":3319,"date":"2025-09-14T15:51:00","date_gmt":"2025-09-14T13:51:00","guid":{"rendered":"https:\/\/fts.you2.pl\/index.php\/produkt\/bluza-dresowa-wlochy-1996-98-xl\/"},"modified":"2025-09-19T18:32:23","modified_gmt":"2025-09-19T16:32:23","slug":"bluza-dresowa-wlochy-1996-98-xl","status":"publish","type":"product","link":"https:\/\/fts.you2.pl\/de\/bluza-dresowa-wlochy-1996-98-xl\/","title":{"rendered":"Bluza dresowa W\u0142ochy 1996\/98 [XL]"},"content":{"rendered":"<p><strong>Klub:<\/strong> W\u0142ochy<\/p>\n<p><strong>Sezon:<\/strong> 1996\/98<\/p>\n<p><strong>Rozmiar: <\/strong>XL<\/p>\n<p><strong>Stan:<\/strong> Doskona\u0142y<\/p>\n<p><strong>Wymiary (szeroko\u015b\u0107 pod pachami\/d\u0142ugo\u015b\u0107) w cm: <\/strong>66\/72<\/p>","protected":false},"excerpt":{"rendered":"<p data-start=\"0\" data-end=\"82\">Oryginalna bluza dresowa <strong data-start=\"25\" data-end=\"80\">reprezentacji W\u0142och z lat 1996\/98 \u2013 produkcji Nike.<\/strong><\/p>\n<p data-start=\"84\" data-end=\"362\">Ta <strong data-start=\"87\" data-end=\"127\">oryginalna bluza reprezentacji W\u0142och<\/strong> z lat 1996\u20131998 to jeden z najbardziej rozpoznawalnych i <strong data-start=\"185\" data-end=\"234\">ikonicznych modeli w historii futbolowej mody<\/strong>. Zaprojektowana przez Nike, wykonana zosta\u0142a w wersji <strong data-start=\"289\" data-end=\"312\">rozpinanej na zamek<\/strong>, co czyni j\u0105 zar\u00f3wno praktyczn\u0105, jak i stylow\u0105.<\/p>\n<p data-start=\"364\" data-end=\"673\">Jej baz\u0105 jest <strong data-start=\"378\" data-end=\"393\">bia\u0142y kolor<\/strong>, kt\u00f3ry kontrastuje z <strong data-start=\"415\" data-end=\"444\">niebieskim prawym r\u0119kawem<\/strong> oraz szerokim <strong data-start=\"459\" data-end=\"497\">poziomym pasem w tym samym kolorze<\/strong>, biegn\u0105cym przez prz\u00f3d i ty\u0142 bluzy. Na froncie znalaz\u0142o si\u0119 <strong data-start=\"558\" data-end=\"576\">du\u017ce logo Nike<\/strong> oraz <strong data-start=\"582\" data-end=\"609\">herb w\u0142oskiej federacji<\/strong>, co podkre\u015bla autentyczno\u015b\u0107 i unikalny charakter tego modelu.<\/p>\n<p data-start=\"675\" data-end=\"1003\">Bluza by\u0142a noszona przez zawodnik\u00f3w reprezentacji Italii w okresie, gdy dru\u017cyna wyst\u0119powa\u0142a na <strong data-start=\"770\" data-end=\"829\">Euro 1996 oraz w eliminacjach do Mistrzostw \u015awiata 1998<\/strong>. Do dzi\u015b uchodzi za jedn\u0105 z najbardziej kultowych bluz dresowych, b\u0119d\u0105c po\u0142\u0105czeniem <strong data-start=\"914\" data-end=\"945\">klasycznego designu lat 90.<\/strong> i wyj\u0105tkowego stylu charakterystycznego dla marki Nike.<\/p>\n<p data-start=\"1005\" data-end=\"1204\">To doskona\u0142a propozycja dla <strong data-start=\"1033\" data-end=\"1076\">kolekcjoner\u00f3w retro odzie\u017cy pi\u0142karskiej<\/strong>, fan\u00f3w w\u0142oskiej reprezentacji oraz wszystkich, kt\u00f3rzy ceni\u0105 sobie <strong data-start=\"1143\" data-end=\"1201\">oryginalne i historyczne stroje o legendarnym statusie<\/strong>.<\/p>","protected":false},"featured_media":16225,"template":"","meta":{"_kad_blocks_custom_css":"","_kad_blocks_head_custom_js":"","_kad_blocks_body_custom_js":"","_kad_blocks_footer_custom_js":"","_kad_post_transparent":"","_kad_post_title":"","_kad_post_layout":"","_kad_post_sidebar_id":"","_kad_post_content_style":"","_kad_post_vertical_padding":"","_kad_post_feature":"","_kad_post_feature_position":"","_kad_post_header":false,"_kad_post_footer":false},"product_brand":[55],"product_cat":[15,23,25,26,22,190],"product_tag":[],"class_list":{"0":"post-3319","1":"product","2":"type-product","3":"status-publish","4":"has-post-thumbnail","6":"product_brand-nike","7":"product_cat-bez-kategorii","8":"product_cat-europa","9":"product_cat-inne","10":"product_cat-kurtki-bluzy-trening","11":"product_cat-reprezentacje","12":"product_cat-wlochy","13":"pa_rozmiar-xl","15":"first","16":"instock","17":"taxable","18":"shipping-taxable","19":"purchasable","20":"product-type-simple","21":"entry","22":"content-bg","23":"loop-entry"},"taxonomy_info":{"product_brand":[{"value":55,"label":"Nike"}],"product_cat":[{"value":15,"label":"Bez kategorii"},{"value":23,"label":"Europa"},{"value":25,"label":"Inne"},{"value":26,"label":"Kurtki\/bluzy\/trening"},{"value":22,"label":"REPREZENTACJE"},{"value":190,"label":"W\u0142ochy"}],"pa_rozmiar":[{"value":57,"label":"XL"}]},"featured_image_src_large":["https:\/\/fts.you2.pl\/wp-content\/uploads\/2025\/09\/Photoroom_024_20250911_112109-1024x1024.png",1024,1024,true],"author_info":[],"comment_info":"","_links":{"self":[{"href":"https:\/\/fts.you2.pl\/de\/wp-json\/wp\/v2\/product\/3319","targetHints":{"allow":["GET"]}}],"collection":[{"href":"https:\/\/fts.you2.pl\/de\/wp-json\/wp\/v2\/product"}],"about":[{"href":"https:\/\/fts.you2.pl\/de\/wp-json\/wp\/v2\/types\/product"}],"wp:featuredmedia":[{"embeddable":true,"href":"https:\/\/fts.you2.pl\/de\/wp-json\/wp\/v2\/media\/16225"}],"wp:attachment":[{"href":"https:\/\/fts.you2.pl\/de\/wp-json\/wp\/v2\/media?parent=3319"}],"wp:term":[{"taxonomy":"product_brand","embeddable":true,"href":"https:\/\/fts.you2.pl\/de\/wp-json\/wp\/v2\/product_brand?post=3319"},{"taxonomy":"product_cat","embeddable":true,"href":"https:\/\/fts.you2.pl\/de\/wp-json\/wp\/v2\/product_cat?post=3319"},{"taxonomy":"product_tag","embeddable":true,"href":"https:\/\/fts.you2.pl\/de\/wp-json\/wp\/v2\/product_tag?post=3319"}],"curies":[{"name":"wp","href":"https:\/\/api.w.org\/{rel}","templated":true}]}}