{"id":3320,"date":"2025-09-14T15:50:59","date_gmt":"2025-09-14T13:50:59","guid":{"rendered":"https:\/\/fts.you2.pl\/index.php\/produkt\/bnwt-vfl-wolfsburg-2022-23-home-l\/"},"modified":"2025-09-19T18:32:47","modified_gmt":"2025-09-19T16:32:47","slug":"bnwt-vfl-wolfsburg-2022-23-home-l","status":"publish","type":"product","link":"https:\/\/fts.you2.pl\/de\/bnwt-vfl-wolfsburg-2022-23-home-l\/","title":{"rendered":"BNWT VFL Wolfsburg 2022\/23 Home [L]"},"content":{"rendered":"<p><strong>Klub:<\/strong> VFL Wolfsburg<\/p>\n<p><strong>Sezon:<\/strong> 2022\/23 Home<\/p>\n<p><strong>Rozmiar: <\/strong>L<\/p>\n<p><strong>Stan:<\/strong> BNWT &#8211; Koszulka nowa, z metkami, posiada jednak jedno mikro zaci\u0105gni\u0119cie na plecach.<\/p>\n<p><strong>Wymiary (szeroko\u015b\u0107 pod pachami\/d\u0142ugo\u015b\u0107) w cm: <\/strong>58\/76<\/p>","protected":false},"excerpt":{"rendered":"<p data-start=\"0\" data-end=\"84\">Oryginalna koszulka pi\u0142karska <strong data-start=\"30\" data-end=\"82\">VfL Wolfsburg z sezonu 2022\/23 \u2013 produkcji Nike.<\/strong><\/p>\n<p data-start=\"86\" data-end=\"473\">Ta <strong data-start=\"89\" data-end=\"133\">oryginalna domowa koszulka VfL Wolfsburg<\/strong> z sezonu 2022\/23 zosta\u0142a zaprojektowana przez mark\u0119 Nike i zachowa\u0142a si\u0119 w stanie <strong data-start=\"216\" data-end=\"252\">fabrycznym, z metkami sklepowymi<\/strong>, co czyni j\u0105 jeszcze bardziej atrakcyjn\u0105 dla kolekcjoner\u00f3w. Utrzymana w charakterystycznej dla \u201eWilk\u00f3w\u201d <strong data-start=\"357\" data-end=\"386\">jasnozielonej kolorystyce<\/strong>, wyr\u00f3\u017cnia si\u0119 nowoczesnym wzorem na materiale, podkre\u015blaj\u0105cym dynamiczny styl klubu.<\/p>\n<p data-start=\"475\" data-end=\"788\">Na piersi umieszczono <strong data-start=\"497\" data-end=\"519\">herb VfL Wolfsburg<\/strong> oraz <strong data-start=\"525\" data-end=\"538\">logo Nike<\/strong>, a ca\u0142o\u015b\u0107 uzupe\u0142nia <strong data-start=\"559\" data-end=\"589\">nadruk sponsora Volkswagen<\/strong> na froncie. Koszulka zosta\u0142a wykonana z lekkiej i przewiewnej tkaniny w technologii Nike, kt\u00f3ra zapewnia <strong data-start=\"695\" data-end=\"735\">komfort, wentylacj\u0119 i swobod\u0119 ruch\u00f3w<\/strong> \u2013 zar\u00f3wno podczas gry, jak i codziennego noszenia.<\/p>\n<p data-start=\"790\" data-end=\"1040\">Sezon 2022\/23 to kolejny etap rywalizacji Wolfsburga w Bundeslidze, gdzie klub utrzymywa\u0142 swoj\u0105 pozycj\u0119 w niemieckiej elicie. Model ten stanowi \u015bwietne po\u0142\u0105czenie <strong data-start=\"953\" data-end=\"1006\">nowoczesnego designu i wysokiej jako\u015bci wykonania<\/strong>, z kt\u00f3rego s\u0142yn\u0105 projekty Nike.<\/p>\n<p data-start=\"1042\" data-end=\"1202\">To doskona\u0142y wyb\u00f3r dla <strong data-start=\"1065\" data-end=\"1088\">fan\u00f3w VfL Wolfsburg<\/strong> oraz kolekcjoner\u00f3w, kt\u00f3rzy poszukuj\u0105 <strong data-start=\"1126\" data-end=\"1199\">oryginalnych, nienoszonych koszulek pi\u0142karskich zachowanych z metkami<\/strong>.<\/p>","protected":false},"featured_media":16232,"template":"","meta":{"_kad_blocks_custom_css":"","_kad_blocks_head_custom_js":"","_kad_blocks_body_custom_js":"","_kad_blocks_footer_custom_js":"","_kad_post_transparent":"","_kad_post_title":"","_kad_post_layout":"","_kad_post_sidebar_id":"","_kad_post_content_style":"","_kad_post_vertical_padding":"","_kad_post_feature":"","_kad_post_feature_position":"","_kad_post_header":false,"_kad_post_footer":false},"product_brand":[55],"product_cat":[15,31,46,179],"product_tag":[],"class_list":{"0":"post-3320","1":"product","2":"type-product","3":"status-publish","4":"has-post-thumbnail","6":"product_brand-nike","7":"product_cat-bez-kategorii","8":"product_cat-kluby-europejskie","9":"product_cat-kluby-niemieckie","10":"product_cat-vfl-wolfsburg","11":"pa_rozmiar-l","13":"first","14":"instock","15":"taxable","16":"shipping-taxable","17":"purchasable","18":"product-type-simple","19":"entry","20":"content-bg","21":"loop-entry"},"taxonomy_info":{"product_brand":[{"value":55,"label":"Nike"}],"product_cat":[{"value":15,"label":"Bez kategorii"},{"value":31,"label":"Kluby Europejskie"},{"value":46,"label":"Kluby Niemieckie"},{"value":179,"label":"VFL Wolfsburg"}],"pa_rozmiar":[{"value":39,"label":"L"}]},"featured_image_src_large":["https:\/\/fts.you2.pl\/wp-content\/uploads\/2025\/09\/Photoroom_028_20250911_112109-1024x1024.png",1024,1024,true],"author_info":[],"comment_info":"","_links":{"self":[{"href":"https:\/\/fts.you2.pl\/de\/wp-json\/wp\/v2\/product\/3320","targetHints":{"allow":["GET"]}}],"collection":[{"href":"https:\/\/fts.you2.pl\/de\/wp-json\/wp\/v2\/product"}],"about":[{"href":"https:\/\/fts.you2.pl\/de\/wp-json\/wp\/v2\/types\/product"}],"wp:featuredmedia":[{"embeddable":true,"href":"https:\/\/fts.you2.pl\/de\/wp-json\/wp\/v2\/media\/16232"}],"wp:attachment":[{"href":"https:\/\/fts.you2.pl\/de\/wp-json\/wp\/v2\/media?parent=3320"}],"wp:term":[{"taxonomy":"product_brand","embeddable":true,"href":"https:\/\/fts.you2.pl\/de\/wp-json\/wp\/v2\/product_brand?post=3320"},{"taxonomy":"product_cat","embeddable":true,"href":"https:\/\/fts.you2.pl\/de\/wp-json\/wp\/v2\/product_cat?post=3320"},{"taxonomy":"product_tag","embeddable":true,"href":"https:\/\/fts.you2.pl\/de\/wp-json\/wp\/v2\/product_tag?post=3320"}],"curies":[{"name":"wp","href":"https:\/\/api.w.org\/{rel}","templated":true}]}}