{"id":3323,"date":"2025-09-14T15:50:58","date_gmt":"2025-09-14T13:50:58","guid":{"rendered":"https:\/\/fts.you2.pl\/index.php\/produkt\/koszulka-pilkarska-rc-lens-2008-09-home-xl\/"},"modified":"2025-09-19T18:34:05","modified_gmt":"2025-09-19T16:34:05","slug":"koszulka-pilkarska-rc-lens-2008-09-home-xl","status":"publish","type":"product","link":"https:\/\/fts.you2.pl\/de\/koszulka-pilkarska-rc-lens-2008-09-home-xl\/","title":{"rendered":"Koszulka pi\u0142karska RC Lens 2008\/09 Home [XL]"},"content":{"rendered":"<p><strong>Klub:<\/strong> RC Lens<\/p>\n<p><strong>Sezon:<\/strong> 2008\/09 Home<\/p>\n<p><strong>Rozmiar: <\/strong>XL<\/p>\n<p><strong>Stan:<\/strong> Bardzo dobry &#8211; dwie mikro plamki na plecach oraz dwa drobne zaci\u0105gni\u0119cia.<\/p>\n<p><strong>Wymiary (szeroko\u015b\u0107 pod pachami\/d\u0142ugo\u015b\u0107) w cm: <\/strong>59\/78<\/p>","protected":false},"excerpt":{"rendered":"<p data-start=\"0\" data-end=\"78\">Oryginalna koszulka pi\u0142karska <strong data-start=\"30\" data-end=\"76\">RC Lens z sezonu 2008\/09 \u2013 produkcji Nike.<\/strong><\/p>\n<p data-start=\"80\" data-end=\"398\">Ta <strong data-start=\"83\" data-end=\"121\">oryginalna domowa koszulka RC Lens<\/strong> z sezonu 2008\/09 to wyj\u0105tkowy projekt marki Nike, kt\u00f3ry wyr\u00f3\u017cnia si\u0119 unikalnym motywem <strong data-start=\"209\" data-end=\"240\">czerwono-\u017c\u00f3\u0142tej szachownicy<\/strong>. To odwa\u017cne i efektowne wzornictwo podkre\u015bla klubowe barwy \u201eLes Sang et Or\u201d, czyni\u0105c ten model jednym z najbardziej charakterystycznych w historii zespo\u0142u.<\/p>\n<p data-start=\"400\" data-end=\"713\">Na froncie znajduje si\u0119 <strong data-start=\"424\" data-end=\"440\">herb RC Lens<\/strong><span data-start=\"424\" data-end=\"440\"> oraz <\/span><strong data-start=\"442\" data-end=\"455\">logo Nike<\/strong>, a jest to wersja bez sponsora <strong data-start=\"477\" data-end=\"488\">Invicta<\/strong>, kt\u00f3re potwierdzaj\u0105 autentyczno\u015b\u0107 tego egzemplarza. Koszulka zosta\u0142a wykonana z lekkiego i przewiewnego materia\u0142u w technologii Nike, zapewniaj\u0105cego <strong data-start=\"638\" data-end=\"676\">komfort, trwa\u0142o\u015b\u0107 i swobod\u0119 ruch\u00f3w<\/strong> zar\u00f3wno na boisku, jak i poza nim.<\/p>\n<p data-start=\"715\" data-end=\"991\">Sezon 2008\/09 by\u0142 dla Lens czasem rywalizacji w <strong data-start=\"763\" data-end=\"774\">Ligue 2<\/strong>, gdzie klub walczy\u0142 o szybki powr\u00f3t do najwy\u017cszej klasy rozgrywkowej we Francji. Mimo trudnego okresu sportowego, koszulka z motywem szachownicy zapisa\u0142a si\u0119 w pami\u0119ci kibic\u00f3w jako <strong data-start=\"956\" data-end=\"988\">kultowy i oryginalny projekt<\/strong>.<\/p>\n<p data-start=\"993\" data-end=\"1184\">To doskona\u0142y wyb\u00f3r dla <strong data-start=\"1016\" data-end=\"1033\">fan\u00f3w RC Lens<\/strong>, mi\u0142o\u015bnik\u00f3w francuskiego futbolu oraz kolekcjoner\u00f3w, kt\u00f3rzy poszukuj\u0105 <strong data-start=\"1104\" data-end=\"1181\">oryginalnych i nietypowych koszulek pi\u0142karskich z historycznym znaczeniem<\/strong>.<\/p>","protected":false},"featured_media":16255,"template":"","meta":{"_kad_blocks_custom_css":"","_kad_blocks_head_custom_js":"","_kad_blocks_body_custom_js":"","_kad_blocks_footer_custom_js":"","_kad_post_transparent":"","_kad_post_title":"","_kad_post_layout":"","_kad_post_sidebar_id":"","_kad_post_content_style":"","_kad_post_vertical_padding":"","_kad_post_feature":"","_kad_post_feature_position":"","_kad_post_header":false,"_kad_post_footer":false},"product_brand":[55],"product_cat":[15,31,129,130],"product_tag":[],"class_list":{"0":"post-3323","1":"product","2":"type-product","3":"status-publish","4":"has-post-thumbnail","6":"product_brand-nike","7":"product_cat-bez-kategorii","8":"product_cat-kluby-europejskie","9":"product_cat-kluby-francuskie","10":"product_cat-pozostale-kluby-francuskie","11":"pa_rozmiar-xl","13":"first","14":"instock","15":"taxable","16":"shipping-taxable","17":"purchasable","18":"product-type-simple","19":"entry","20":"content-bg","21":"loop-entry"},"taxonomy_info":{"product_brand":[{"value":55,"label":"Nike"}],"product_cat":[{"value":15,"label":"Bez kategorii"},{"value":31,"label":"Kluby Europejskie"},{"value":129,"label":"Kluby Francuskie"},{"value":130,"label":"Pozosta\u0142e kluby francuskie"}],"pa_rozmiar":[{"value":57,"label":"XL"}]},"featured_image_src_large":["https:\/\/fts.you2.pl\/wp-content\/uploads\/2025\/09\/Photoroom_030_20250911_112109-1024x1024.png",1024,1024,true],"author_info":[],"comment_info":"","_links":{"self":[{"href":"https:\/\/fts.you2.pl\/de\/wp-json\/wp\/v2\/product\/3323","targetHints":{"allow":["GET"]}}],"collection":[{"href":"https:\/\/fts.you2.pl\/de\/wp-json\/wp\/v2\/product"}],"about":[{"href":"https:\/\/fts.you2.pl\/de\/wp-json\/wp\/v2\/types\/product"}],"wp:featuredmedia":[{"embeddable":true,"href":"https:\/\/fts.you2.pl\/de\/wp-json\/wp\/v2\/media\/16255"}],"wp:attachment":[{"href":"https:\/\/fts.you2.pl\/de\/wp-json\/wp\/v2\/media?parent=3323"}],"wp:term":[{"taxonomy":"product_brand","embeddable":true,"href":"https:\/\/fts.you2.pl\/de\/wp-json\/wp\/v2\/product_brand?post=3323"},{"taxonomy":"product_cat","embeddable":true,"href":"https:\/\/fts.you2.pl\/de\/wp-json\/wp\/v2\/product_cat?post=3323"},{"taxonomy":"product_tag","embeddable":true,"href":"https:\/\/fts.you2.pl\/de\/wp-json\/wp\/v2\/product_tag?post=3323"}],"curies":[{"name":"wp","href":"https:\/\/api.w.org\/{rel}","templated":true}]}}