{"id":3324,"date":"2025-09-14T15:50:58","date_gmt":"2025-09-14T13:50:58","guid":{"rendered":"https:\/\/fts.you2.pl\/index.php\/produkt\/koszulka-pilkarska-polska-2008-09-home-l\/"},"modified":"2025-09-19T18:34:33","modified_gmt":"2025-09-19T16:34:33","slug":"koszulka-pilkarska-polska-2008-09-home-l","status":"publish","type":"product","link":"https:\/\/fts.you2.pl\/de\/koszulka-pilkarska-polska-2008-09-home-l\/","title":{"rendered":"Koszulka pi\u0142karska Polska 2008\/09 Home [L]"},"content":{"rendered":"<p><strong>Klub:<\/strong> Polska<\/p>\n<p><strong>Sezon:<\/strong> 2008\/09 Home<\/p>\n<p><strong>Rozmiar: <\/strong>L<\/p>\n<p><strong>Stan:<\/strong> Zadowalaj\u0105cy &#8211; uszkodzone i lekko odpadaj\u0105ce emblematy na froncie.<\/p>\n<p><strong>Wymiary (szeroko\u015b\u0107 pod pachami\/d\u0142ugo\u015b\u0107) w cm: <\/strong>55\/74<\/p>","protected":false},"excerpt":{"rendered":"<p data-start=\"0\" data-end=\"91\">Oryginalna koszulka pi\u0142karska <strong data-start=\"30\" data-end=\"89\">reprezentacji Polski z sezonu 2008\/09 \u2013 produkcji Pumy.\u00a0<\/strong><\/p>\n<p data-start=\"93\" data-end=\"400\">Ta <strong data-start=\"96\" data-end=\"147\">oryginalna domowa koszulka reprezentacji Polski<\/strong> to minimalistyczny projekt marki Puma, utrzymany w klasycznej <strong data-start=\"227\" data-end=\"249\">bia\u0142ej kolorystyce<\/strong>. Model wyr\u00f3\u017cnia si\u0119 <strong data-start=\"270\" data-end=\"294\">prostot\u0105 i elegancj\u0105<\/strong> \u2013 pozbawiony dodatkowych wzor\u00f3w, skupia si\u0119 na czystym designie, charakterystycznym dla tamtego okresu.<\/p>\n<p data-start=\"402\" data-end=\"697\">Materia\u0142 wykonano w formie <strong data-start=\"429\" data-end=\"454\">przewiewnej siateczki<\/strong>, co zapewnia\u0142o pi\u0142karzom <strong data-start=\"480\" data-end=\"523\">doskona\u0142\u0105 wentylacj\u0119, lekko\u015b\u0107 i komfort<\/strong> nawet podczas najbardziej wymagaj\u0105cych spotka\u0144. Na piersi znalaz\u0142 si\u0119 <strong data-start=\"594\" data-end=\"633\">herb Polskiego Zwi\u0105zku Pi\u0142ki No\u017cnej<\/strong> oraz <strong data-start=\"639\" data-end=\"652\">logo Pumy<\/strong>, kt\u00f3re podkre\u015blaj\u0105 autentyczno\u015b\u0107 koszulki.<\/p>\n<p data-start=\"699\" data-end=\"883\">To w tej koszulce reprezentacja Polski rywalizowa\u0142a m.in. w <strong data-start=\"759\" data-end=\"801\">eliminacjach do Mistrzostw \u015awiata 2010<\/strong>, kontynuuj\u0105c swoj\u0105 obecno\u015b\u0107 na arenie mi\u0119dzynarodowej po wyst\u0119pie na Euro 2008.<\/p>\n<p data-start=\"885\" data-end=\"1052\">Koszulka ta to \u015bwietna propozycja dla <strong data-start=\"923\" data-end=\"949\">fan\u00f3w Bia\u0142o-Czerwonych<\/strong> oraz kolekcjoner\u00f3w, kt\u00f3rzy ceni\u0105 <strong data-start=\"983\" data-end=\"1049\">oryginalne stroje reprezentacyjne o prostym i klasycznym stylu<\/strong>.<\/p>","protected":false},"featured_media":16264,"template":"","meta":{"_kad_blocks_custom_css":"","_kad_blocks_head_custom_js":"","_kad_blocks_body_custom_js":"","_kad_blocks_footer_custom_js":"","_kad_post_transparent":"","_kad_post_title":"","_kad_post_layout":"","_kad_post_sidebar_id":"","_kad_post_content_style":"","_kad_post_vertical_padding":"","_kad_post_feature":"","_kad_post_feature_position":"","_kad_post_header":false,"_kad_post_footer":false},"product_brand":[86],"product_cat":[15,23,157,22],"product_tag":[],"class_list":{"0":"post-3324","1":"product","2":"type-product","3":"status-publish","4":"has-post-thumbnail","6":"product_brand-puma","7":"product_cat-bez-kategorii","8":"product_cat-europa","9":"product_cat-polska","10":"product_cat-reprezentacje","11":"pa_rozmiar-l","13":"first","14":"instock","15":"taxable","16":"shipping-taxable","17":"purchasable","18":"product-type-simple","19":"entry","20":"content-bg","21":"loop-entry"},"taxonomy_info":{"product_brand":[{"value":86,"label":"Puma"}],"product_cat":[{"value":15,"label":"Bez kategorii"},{"value":23,"label":"Europa"},{"value":157,"label":"Polska"},{"value":22,"label":"REPREZENTACJE"}],"pa_rozmiar":[{"value":39,"label":"L"}]},"featured_image_src_large":["https:\/\/fts.you2.pl\/wp-content\/uploads\/2025\/09\/Photoroom_032_20250911_112109-1024x1024.png",1024,1024,true],"author_info":[],"comment_info":"","_links":{"self":[{"href":"https:\/\/fts.you2.pl\/de\/wp-json\/wp\/v2\/product\/3324","targetHints":{"allow":["GET"]}}],"collection":[{"href":"https:\/\/fts.you2.pl\/de\/wp-json\/wp\/v2\/product"}],"about":[{"href":"https:\/\/fts.you2.pl\/de\/wp-json\/wp\/v2\/types\/product"}],"wp:featuredmedia":[{"embeddable":true,"href":"https:\/\/fts.you2.pl\/de\/wp-json\/wp\/v2\/media\/16264"}],"wp:attachment":[{"href":"https:\/\/fts.you2.pl\/de\/wp-json\/wp\/v2\/media?parent=3324"}],"wp:term":[{"taxonomy":"product_brand","embeddable":true,"href":"https:\/\/fts.you2.pl\/de\/wp-json\/wp\/v2\/product_brand?post=3324"},{"taxonomy":"product_cat","embeddable":true,"href":"https:\/\/fts.you2.pl\/de\/wp-json\/wp\/v2\/product_cat?post=3324"},{"taxonomy":"product_tag","embeddable":true,"href":"https:\/\/fts.you2.pl\/de\/wp-json\/wp\/v2\/product_tag?post=3324"}],"curies":[{"name":"wp","href":"https:\/\/api.w.org\/{rel}","templated":true}]}}