{"id":3326,"date":"2025-09-14T15:50:57","date_gmt":"2025-09-14T13:50:57","guid":{"rendered":"https:\/\/fts.you2.pl\/index.php\/produkt\/koszulka-pilkarska-mls-all-stars-2012-home-23-beckham-m\/"},"modified":"2025-09-19T18:35:29","modified_gmt":"2025-09-19T16:35:29","slug":"koszulka-pilkarska-mls-all-stars-2012-home-23-beckham-m","status":"publish","type":"product","link":"https:\/\/fts.you2.pl\/de\/koszulka-pilkarska-mls-all-stars-2012-home-23-beckham-m\/","title":{"rendered":"Koszulka pi\u0142karska MLS All-Stars 2012 Home 23 Beckham [M]"},"content":{"rendered":"<p><strong>Klub:<\/strong> MLS All-Stars<\/p>\n<p><strong>Sezon:<\/strong> 2012 Home<\/p>\n<p><strong>Rozmiar: <\/strong>M<\/p>\n<p><strong>Stan:<\/strong> Dobry &#8211; nieco starty nadruk sponsora na froncie.<\/p>\n<p><strong>Wymiary (szeroko\u015b\u0107 pod pachami\/d\u0142ugo\u015b\u0107) w cm: <\/strong>54\/72<\/p>","protected":false},"excerpt":{"rendered":"<p data-start=\"0\" data-end=\"82\">Oryginalna koszulka pi\u0142karska <strong data-start=\"30\" data-end=\"80\">MLS All-Stars z 2012 roku \u2013 produkcji Adidasa.<\/strong><\/p>\n<p data-start=\"84\" data-end=\"421\">Ta <strong data-start=\"87\" data-end=\"139\">oryginalna domowa koszulka dru\u017cyny MLS All-Stars<\/strong> z 2012 roku zosta\u0142a przygotowana przez firm\u0119 Adidas i utrzymana w eleganckiej <strong data-start=\"218\" data-end=\"250\">ciemnogranatowej kolorystyce<\/strong>. Charakterystycznym elementem s\u0105 <strong data-start=\"284\" data-end=\"309\">srebrne paski Adidasa<\/strong> na ramionach oraz centralnie umieszczony nadruk sponsora <strong data-start=\"367\" data-end=\"375\">AT&amp;T<\/strong>, kt\u00f3ry podkre\u015bla autentyczno\u015b\u0107 tego modelu.<\/p>\n<p data-start=\"423\" data-end=\"751\">Na plecach znajduje si\u0119 <strong data-start=\"447\" data-end=\"473\">nadruk Davida Beckhama<\/strong>, jednej z najwi\u0119kszych gwiazd \u015bwiatowego futbolu, kt\u00f3ra w tamtym okresie reprezentowa\u0142a MLS i by\u0142a kluczow\u0105 postaci\u0105 pokazowych mecz\u00f3w All-Star. Na froncie umieszczono r\u00f3wnie\u017c <strong data-start=\"650\" data-end=\"680\">herb dru\u017cyny MLS All-Stars<\/strong> oraz <strong data-start=\"686\" data-end=\"702\">logo Adidasa<\/strong>, dope\u0142niaj\u0105ce nowoczesny i dynamiczny projekt.<\/p>\n<p data-start=\"753\" data-end=\"1049\">Koszulka zosta\u0142a wykonana z lekkiego, przewiewnego materia\u0142u w technologii Climacool, zapewniaj\u0105cego zawodnikom <strong data-start=\"865\" data-end=\"911\">komfort, wentylacj\u0119 i pe\u0142n\u0105 swobod\u0119 ruch\u00f3w<\/strong>.<\/p>\n<p data-start=\"753\" data-end=\"1049\">To doskona\u0142y wyb\u00f3r dla <strong data-start=\"1074\" data-end=\"1112\">kolekcjoner\u00f3w koszulek pi\u0142karskich<\/strong>, fan\u00f3w <strong data-start=\"1120\" data-end=\"1139\">Davida Beckhama<\/strong> oraz mi\u0142o\u015bnik\u00f3w futbolu w wydaniu ameryka\u0144skim, kt\u00f3rzy ceni\u0105 sobie <strong data-start=\"1198\" data-end=\"1268\">oryginalne i limitowane stroje z unikalnym kontekstem historycznym<\/strong>.<\/p>","protected":false},"featured_media":16280,"template":"","meta":{"_kad_blocks_custom_css":"","_kad_blocks_head_custom_js":"","_kad_blocks_body_custom_js":"","_kad_blocks_footer_custom_js":"","_kad_post_transparent":"","_kad_post_title":"","_kad_post_layout":"","_kad_post_sidebar_id":"","_kad_post_content_style":"","_kad_post_vertical_padding":"","_kad_post_feature":"","_kad_post_feature_position":"","_kad_post_header":false,"_kad_post_footer":false},"product_brand":[45],"product_cat":[15,37,36],"product_tag":[],"class_list":{"0":"post-3326","1":"product","2":"type-product","3":"status-publish","4":"has-post-thumbnail","6":"product_brand-adidas","7":"product_cat-bez-kategorii","8":"product_cat-ameryka-srodkowa-i-polnocna","9":"product_cat-kluby-reszty-swiata","10":"pa_rozmiar-m","12":"first","13":"instock","14":"taxable","15":"shipping-taxable","16":"purchasable","17":"product-type-simple","18":"entry","19":"content-bg","20":"loop-entry"},"taxonomy_info":{"product_brand":[{"value":45,"label":"Adidas"}],"product_cat":[{"value":15,"label":"Bez kategorii"},{"value":37,"label":"Ameryka \u015arodkowa i P\u00f3\u0142nocna"},{"value":36,"label":"Kluby Reszty \u015awiata"}],"pa_rozmiar":[{"value":28,"label":"M"}]},"featured_image_src_large":["https:\/\/fts.you2.pl\/wp-content\/uploads\/2025\/09\/Photoroom_003_20250911_112108-1024x1024.png",1024,1024,true],"author_info":[],"comment_info":"","_links":{"self":[{"href":"https:\/\/fts.you2.pl\/de\/wp-json\/wp\/v2\/product\/3326","targetHints":{"allow":["GET"]}}],"collection":[{"href":"https:\/\/fts.you2.pl\/de\/wp-json\/wp\/v2\/product"}],"about":[{"href":"https:\/\/fts.you2.pl\/de\/wp-json\/wp\/v2\/types\/product"}],"wp:featuredmedia":[{"embeddable":true,"href":"https:\/\/fts.you2.pl\/de\/wp-json\/wp\/v2\/media\/16280"}],"wp:attachment":[{"href":"https:\/\/fts.you2.pl\/de\/wp-json\/wp\/v2\/media?parent=3326"}],"wp:term":[{"taxonomy":"product_brand","embeddable":true,"href":"https:\/\/fts.you2.pl\/de\/wp-json\/wp\/v2\/product_brand?post=3326"},{"taxonomy":"product_cat","embeddable":true,"href":"https:\/\/fts.you2.pl\/de\/wp-json\/wp\/v2\/product_cat?post=3326"},{"taxonomy":"product_tag","embeddable":true,"href":"https:\/\/fts.you2.pl\/de\/wp-json\/wp\/v2\/product_tag?post=3326"}],"curies":[{"name":"wp","href":"https:\/\/api.w.org\/{rel}","templated":true}]}}