{"id":3327,"date":"2025-09-14T15:50:56","date_gmt":"2025-09-14T13:50:56","guid":{"rendered":"https:\/\/fts.you2.pl\/index.php\/produkt\/koszulka-pilkarska-leicester-city-fc-2000-01-home-xxl\/"},"modified":"2025-09-19T18:35:59","modified_gmt":"2025-09-19T16:35:59","slug":"koszulka-pilkarska-leicester-city-fc-2000-01-home-xxl","status":"publish","type":"product","link":"https:\/\/fts.you2.pl\/de\/koszulka-pilkarska-leicester-city-fc-2000-01-home-xxl\/","title":{"rendered":"Koszulka pi\u0142karska Leicester City FC 2000\/01 Home [XXL]"},"content":{"rendered":"<p><strong>Klub:<\/strong> Leicester City FC<\/p>\n<p><strong>Sezon:<\/strong> 2000\/01 Home<\/p>\n<p><strong>Rozmiar: <\/strong>XXL<\/p>\n<p><strong>Stan:<\/strong> Bardzo dobry &#8211; jedno zaci\u0105gni\u0119cie na r\u0119kawku.<\/p>\n<p><strong>Wymiary (szeroko\u015b\u0107 pod pachami\/d\u0142ugo\u015b\u0107) w cm: <\/strong>63\/75<\/p>","protected":false},"excerpt":{"rendered":"<p data-start=\"0\" data-end=\"98\">Oryginalna koszulka pi\u0142karska <strong data-start=\"30\" data-end=\"96\">Leicester City FC z sezonu 2000\/01 \u2013 produkcji Le Coq Sportif.\u00a0<\/strong><\/p>\n<p data-start=\"100\" data-end=\"421\">Ta <strong data-start=\"103\" data-end=\"148\">oryginalna domowa koszulka Leicester City<\/strong> z sezonu 2000\/01 to klasyczny projekt marki Le Coq Sportif, utrzymany w tradycyjnej dla \u201eThe Foxes\u201d <strong data-start=\"249\" data-end=\"276\">niebieskiej kolorystyce<\/strong>. Charakteru nadaje jej elegancki <strong data-start=\"310\" data-end=\"330\">bia\u0142y ko\u0142nierzyk<\/strong> w stylu retro, kt\u00f3ry \u015bwietnie komponuje si\u0119 z prostym, a zarazem ponadczasowym designem.<\/p>\n<p data-start=\"423\" data-end=\"784\">Na froncie koszulki znajduje si\u0119 <strong data-start=\"456\" data-end=\"485\">ikoniczny sponsor Walkers<\/strong>, od lat kojarzony z Leicester City, a obok umieszczono <strong data-start=\"541\" data-end=\"555\">herb klubu<\/strong> oraz <strong data-start=\"561\" data-end=\"584\">logo Le Coq Sportif<\/strong>, potwierdzaj\u0105ce autentyczno\u015b\u0107 modelu. Koszulka zosta\u0142a wykonana z wytrzyma\u0142ego i przewiewnego materia\u0142u, zapewniaj\u0105cego <strong data-start=\"705\" data-end=\"733\">komfort i swobod\u0119 ruch\u00f3w<\/strong> zar\u00f3wno podczas gry, jak i codziennego noszenia.<\/p>\n<p data-start=\"786\" data-end=\"1090\">Sezon 2000\/01 by\u0142 dla Leicester okresem gry w <strong data-start=\"832\" data-end=\"850\">Premier League<\/strong>, gdzie dru\u017cyna rywalizowa\u0142a z najlepszymi zespo\u0142ami Anglii. Koszulka z tamtego okresu uchodzi dzi\u015b za <strong data-start=\"953\" data-end=\"970\">kultowy model<\/strong>, przypominaj\u0105cy o erze, w kt\u00f3rej Walkers i Leicester City tworzyli nierozerwalny duet rozpoznawalny na ca\u0142ym \u015bwiecie.<\/p>\n<p data-start=\"1092\" data-end=\"1270\">To doskona\u0142y wyb\u00f3r dla <strong data-start=\"1115\" data-end=\"1134\">fan\u00f3w The Foxes<\/strong>, pasjonat\u00f3w Premier League prze\u0142omu wiek\u00f3w oraz kolekcjoner\u00f3w, kt\u00f3rzy poszukuj\u0105 <strong data-start=\"1215\" data-end=\"1267\">oryginalnych, historycznych koszulek pi\u0142karskich<\/strong>.<\/p>","protected":false},"featured_media":16287,"template":"","meta":{"_kad_blocks_custom_css":"","_kad_blocks_head_custom_js":"","_kad_blocks_body_custom_js":"","_kad_blocks_footer_custom_js":"","_kad_post_transparent":"","_kad_post_title":"","_kad_post_layout":"","_kad_post_sidebar_id":"","_kad_post_content_style":"","_kad_post_vertical_padding":"","_kad_post_feature":"","_kad_post_feature_position":"","_kad_post_header":false,"_kad_post_footer":false},"product_brand":[96],"product_cat":[15,32,31,33],"product_tag":[],"class_list":{"0":"post-3327","1":"product","2":"type-product","3":"status-publish","4":"has-post-thumbnail","6":"product_brand-le-coq-sportif","7":"product_cat-bez-kategorii","8":"product_cat-kluby-angielskie","9":"product_cat-kluby-europejskie","10":"product_cat-pozostale-kluby-angielskie","11":"pa_rozmiar-xxl","13":"first","14":"instock","15":"taxable","16":"shipping-taxable","17":"purchasable","18":"product-type-simple","19":"entry","20":"content-bg","21":"loop-entry"},"taxonomy_info":{"product_brand":[{"value":96,"label":"Le Coq Sportif"}],"product_cat":[{"value":15,"label":"Bez kategorii"},{"value":32,"label":"Kluby Angielskie"},{"value":31,"label":"Kluby Europejskie"},{"value":33,"label":"Pozosta\u0142e kluby angielskie"}],"pa_rozmiar":[{"value":71,"label":"XXL"}]},"featured_image_src_large":["https:\/\/fts.you2.pl\/wp-content\/uploads\/2025\/09\/Photoroom_040_20250911_112109-1024x1024.png",1024,1024,true],"author_info":[],"comment_info":"","_links":{"self":[{"href":"https:\/\/fts.you2.pl\/de\/wp-json\/wp\/v2\/product\/3327","targetHints":{"allow":["GET"]}}],"collection":[{"href":"https:\/\/fts.you2.pl\/de\/wp-json\/wp\/v2\/product"}],"about":[{"href":"https:\/\/fts.you2.pl\/de\/wp-json\/wp\/v2\/types\/product"}],"wp:featuredmedia":[{"embeddable":true,"href":"https:\/\/fts.you2.pl\/de\/wp-json\/wp\/v2\/media\/16287"}],"wp:attachment":[{"href":"https:\/\/fts.you2.pl\/de\/wp-json\/wp\/v2\/media?parent=3327"}],"wp:term":[{"taxonomy":"product_brand","embeddable":true,"href":"https:\/\/fts.you2.pl\/de\/wp-json\/wp\/v2\/product_brand?post=3327"},{"taxonomy":"product_cat","embeddable":true,"href":"https:\/\/fts.you2.pl\/de\/wp-json\/wp\/v2\/product_cat?post=3327"},{"taxonomy":"product_tag","embeddable":true,"href":"https:\/\/fts.you2.pl\/de\/wp-json\/wp\/v2\/product_tag?post=3327"}],"curies":[{"name":"wp","href":"https:\/\/api.w.org\/{rel}","templated":true}]}}