{"id":3328,"date":"2025-09-14T15:50:56","date_gmt":"2025-09-14T13:50:56","guid":{"rendered":"https:\/\/fts.you2.pl\/index.php\/produkt\/koszulka-pilkarska-huddersfield-town-1997-99-home-l\/"},"modified":"2025-09-19T18:36:22","modified_gmt":"2025-09-19T16:36:22","slug":"koszulka-pilkarska-huddersfield-town-1997-99-home-l","status":"publish","type":"product","link":"https:\/\/fts.you2.pl\/de\/koszulka-pilkarska-huddersfield-town-1997-99-home-l\/","title":{"rendered":"Koszulka pi\u0142karska Huddersfield Town 1997\/99 Home [L]"},"content":{"rendered":"<p><strong>Klub:<\/strong> Huddersfield Town<\/p>\n<p><strong>Sezon:<\/strong> 1997\/99 Home<\/p>\n<p><strong>Rozmiar: <\/strong>L<\/p>\n<p><strong>Stan:<\/strong> Bardzo dobry &#8211; dwa mikro zaci\u0105gni\u0119cia na plecach.<\/p>\n<p><strong>Wymiary (szeroko\u015b\u0107 pod pachami\/d\u0142ugo\u015b\u0107) w cm: <\/strong>58\/71<\/p>","protected":false},"excerpt":{"rendered":"<p data-start=\"0\" data-end=\"85\">Oryginalna koszulka pi\u0142karska <strong data-start=\"30\" data-end=\"83\">Huddersfield Town z lat 1997\/99 \u2013 produkcji<\/strong> marki<strong data-start=\"30\" data-end=\"83\"> Pony.<\/strong><\/p>\n<p data-start=\"87\" data-end=\"387\">Ta <strong data-start=\"90\" data-end=\"138\">oryginalna domowa koszulka Huddersfield Town<\/strong> z lat 1997\u20131999 to klasyczny projekt marki Pony, kt\u00f3ry idealnie oddaje tradycje klubu. Utrzymana w charakterystycznych <strong data-start=\"258\" data-end=\"296\">niebiesko-bia\u0142ych pionowych pasach<\/strong>, wyr\u00f3\u017cnia si\u0119 eleganckim <strong data-start=\"322\" data-end=\"347\">czarnym ko\u0142nierzykiem<\/strong>, dodaj\u0105cym jej stylowego wyko\u0144czenia.<\/p>\n<p data-start=\"389\" data-end=\"692\">Na froncie umieszczono <strong data-start=\"412\" data-end=\"441\">nadruk sponsora Panasonic<\/strong>, a obok znalaz\u0142y si\u0119 <strong data-start=\"463\" data-end=\"489\">herb Huddersfield Town<\/strong> oraz <strong data-start=\"495\" data-end=\"508\">logo Pony<\/strong>, co podkre\u015bla autentyczno\u015b\u0107 tego modelu. Koszulka wykonana zosta\u0142a z lekkiego i przewiewnego materia\u0142u, zapewniaj\u0105cego zawodnikom <strong data-start=\"639\" data-end=\"677\">komfort, trwa\u0142o\u015b\u0107 i swobod\u0119 ruch\u00f3w<\/strong> podczas gry.<\/p>\n<p data-start=\"694\" data-end=\"979\">To w\u0142a\u015bnie w tym wzorze \u201eThe Terriers\u201d rywalizowali na zapleczu<strong> Premier League<\/strong>, kontynuuj\u0105c bogat\u0105 histori\u0119 klubu, kt\u00f3ry w przesz\u0142o\u015bci trzykrotnie zdobywa\u0142 mistrzostwo Anglii. Dzi\u015b koszulka z ko\u0144ca lat 90. cieszy si\u0119 opini\u0105 <strong data-start=\"918\" data-end=\"944\">kultowego modelu retro<\/strong>, b\u0119d\u0105cego symbolem swojej epoki.<\/p>\n<p data-start=\"981\" data-end=\"1180\">To doskona\u0142y wyb\u00f3r dla <strong data-start=\"1004\" data-end=\"1031\">fan\u00f3w Huddersfield Town<\/strong>, kolekcjoner\u00f3w angielskich koszulek z lat 90. oraz pasjonat\u00f3w pi\u0142ki no\u017cnej, kt\u00f3rzy poszukuj\u0105 <strong data-start=\"1125\" data-end=\"1177\">oryginalnych i historycznych stroj\u00f3w pi\u0142karskich<\/strong>.<\/p>","protected":false},"featured_media":16294,"template":"","meta":{"_kad_blocks_custom_css":"","_kad_blocks_head_custom_js":"","_kad_blocks_body_custom_js":"","_kad_blocks_footer_custom_js":"","_kad_post_transparent":"","_kad_post_title":"","_kad_post_layout":"","_kad_post_sidebar_id":"","_kad_post_content_style":"","_kad_post_vertical_padding":"","_kad_post_feature":"","_kad_post_feature_position":"","_kad_post_header":false,"_kad_post_footer":false},"product_brand":[411],"product_cat":[15,32,31,33],"product_tag":[],"class_list":{"0":"post-3328","1":"product","2":"type-product","3":"status-publish","4":"has-post-thumbnail","6":"product_brand-pony","7":"product_cat-bez-kategorii","8":"product_cat-kluby-angielskie","9":"product_cat-kluby-europejskie","10":"product_cat-pozostale-kluby-angielskie","11":"pa_rozmiar-l","13":"first","14":"instock","15":"taxable","16":"shipping-taxable","17":"purchasable","18":"product-type-simple","19":"entry","20":"content-bg","21":"loop-entry"},"taxonomy_info":{"product_brand":[{"value":411,"label":"Pony"}],"product_cat":[{"value":15,"label":"Bez kategorii"},{"value":32,"label":"Kluby Angielskie"},{"value":31,"label":"Kluby Europejskie"},{"value":33,"label":"Pozosta\u0142e kluby angielskie"}],"pa_rozmiar":[{"value":39,"label":"L"}]},"featured_image_src_large":["https:\/\/fts.you2.pl\/wp-content\/uploads\/2025\/09\/Photoroom_022_20250911_112109.png",640,640,false],"author_info":[],"comment_info":"","_links":{"self":[{"href":"https:\/\/fts.you2.pl\/de\/wp-json\/wp\/v2\/product\/3328","targetHints":{"allow":["GET"]}}],"collection":[{"href":"https:\/\/fts.you2.pl\/de\/wp-json\/wp\/v2\/product"}],"about":[{"href":"https:\/\/fts.you2.pl\/de\/wp-json\/wp\/v2\/types\/product"}],"wp:featuredmedia":[{"embeddable":true,"href":"https:\/\/fts.you2.pl\/de\/wp-json\/wp\/v2\/media\/16294"}],"wp:attachment":[{"href":"https:\/\/fts.you2.pl\/de\/wp-json\/wp\/v2\/media?parent=3328"}],"wp:term":[{"taxonomy":"product_brand","embeddable":true,"href":"https:\/\/fts.you2.pl\/de\/wp-json\/wp\/v2\/product_brand?post=3328"},{"taxonomy":"product_cat","embeddable":true,"href":"https:\/\/fts.you2.pl\/de\/wp-json\/wp\/v2\/product_cat?post=3328"},{"taxonomy":"product_tag","embeddable":true,"href":"https:\/\/fts.you2.pl\/de\/wp-json\/wp\/v2\/product_tag?post=3328"}],"curies":[{"name":"wp","href":"https:\/\/api.w.org\/{rel}","templated":true}]}}