{"id":3329,"date":"2025-09-14T15:50:56","date_gmt":"2025-09-14T13:50:56","guid":{"rendered":"https:\/\/fts.you2.pl\/index.php\/produkt\/koszulka-pilkarska-fc-nurnberg-2008-09-home-l\/"},"modified":"2025-09-19T18:36:44","modified_gmt":"2025-09-19T16:36:44","slug":"koszulka-pilkarska-fc-nurnberg-2008-09-home-l","status":"publish","type":"product","link":"https:\/\/fts.you2.pl\/de\/koszulka-pilkarska-fc-nurnberg-2008-09-home-l\/","title":{"rendered":"Koszulka pi\u0142karska FC Nurnberg 2008\/09 Home [L]"},"content":{"rendered":"<p><strong>Klub:<\/strong> FC Nurnberg<\/p>\n<p><strong>Sezon:<\/strong> 2008\/09 Home<\/p>\n<p><strong>Rozmiar: <\/strong>L<\/p>\n<p><strong>Stan:<\/strong> Bardzo dobry &#8211; nieznacznie uszkodzony nadruk sponsora na froncie.<\/p>\n<p><strong>Wymiary (szeroko\u015b\u0107 pod pachami\/d\u0142ugo\u015b\u0107) w cm: <\/strong>57\/74<\/p>","protected":false},"excerpt":{"rendered":"<p data-start=\"0\" data-end=\"88\">Oryginalna koszulka pi\u0142karska <strong data-start=\"30\" data-end=\"86\">1. FC N\u00fcrnberg z sezonu 2008\/09 \u2013 produkcji Adidasa.<\/strong><\/p>\n<p data-start=\"90\" data-end=\"397\">Ta <strong data-start=\"93\" data-end=\"138\">oryginalna domowa koszulka 1. FC N\u00fcrnberg<\/strong> z sezonu 2008\/09 zosta\u0142a zaprojektowana przez mark\u0119 Adidas i utrzymana w eleganckiej <strong data-start=\"224\" data-end=\"255\">ciemno-bordowej kolorystyce<\/strong>. Jej klasycznego charakteru dope\u0142niaj\u0105 <strong data-start=\"295\" data-end=\"323\">bia\u0142e paski na r\u0119kawkach<\/strong>, charakterystyczne dla projekt\u00f3w Adidasa, oraz prosty, dopasowany kr\u00f3j.<\/p>\n<p data-start=\"399\" data-end=\"730\">Na froncie widnieje <strong data-start=\"419\" data-end=\"444\">nadruk sponsora Areva<\/strong>, a obok umieszczono <strong data-start=\"465\" data-end=\"479\">herb klubu<\/strong> i <strong data-start=\"482\" data-end=\"498\">logo Adidasa<\/strong>, kt\u00f3re potwierdzaj\u0105 autentyczno\u015b\u0107 tego modelu. Koszulka wykonana zosta\u0142a z lekkiego i przewiewnego materia\u0142u w technologii Climacool, co gwarantowa\u0142o zawodnikom <strong data-start=\"660\" data-end=\"700\">komfort, wentylacj\u0119 i swobod\u0119 ruch\u00f3w<\/strong> podczas rozgrywek ligowych.<\/p>\n<p data-start=\"732\" data-end=\"1018\">Sezon 2008\/09 by\u0142 dla \u201eDer Club\u201d czasem rywalizacji w <strong data-start=\"786\" data-end=\"804\">2. Bundeslidze<\/strong>, gdzie dru\u017cyna walczy\u0142a o powr\u00f3t do niemieckiej elity. Domowa koszulka z tamtego okresu uchodzi dzi\u015b za <strong data-start=\"909\" data-end=\"934\">klasyczny model<\/strong>, kt\u00f3ry \u0142\u0105czy w sobie nowoczesno\u015b\u0107 projekt\u00f3w Adidasa z tradycyjnymi barwami klubu.<\/p>\n<p data-start=\"1020\" data-end=\"1194\">To doskona\u0142y wyb\u00f3r dla <strong data-start=\"1043\" data-end=\"1067\">fan\u00f3w 1. FC N\u00fcrnberg<\/strong>, mi\u0142o\u015bnik\u00f3w niemieckiego futbolu oraz kolekcjoner\u00f3w, kt\u00f3rzy poszukuj\u0105 <strong data-start=\"1138\" data-end=\"1191\">oryginalnych i historycznych koszulek pi\u0142karskich<\/strong>.<\/p>","protected":false},"featured_media":16302,"template":"","meta":{"_kad_blocks_custom_css":"","_kad_blocks_head_custom_js":"","_kad_blocks_body_custom_js":"","_kad_blocks_footer_custom_js":"","_kad_post_transparent":"","_kad_post_title":"","_kad_post_layout":"","_kad_post_sidebar_id":"","_kad_post_content_style":"","_kad_post_vertical_padding":"","_kad_post_feature":"","_kad_post_feature_position":"","_kad_post_header":false,"_kad_post_footer":false},"product_brand":[45],"product_cat":[15,31,46,174],"product_tag":[],"class_list":{"0":"post-3329","1":"product","2":"type-product","3":"status-publish","4":"has-post-thumbnail","6":"product_brand-adidas","7":"product_cat-bez-kategorii","8":"product_cat-kluby-europejskie","9":"product_cat-kluby-niemieckie","10":"product_cat-pozostale-kluby-niemieckie","11":"pa_rozmiar-l","13":"first","14":"instock","15":"taxable","16":"shipping-taxable","17":"purchasable","18":"product-type-simple","19":"entry","20":"content-bg","21":"loop-entry"},"taxonomy_info":{"product_brand":[{"value":45,"label":"Adidas"}],"product_cat":[{"value":15,"label":"Bez kategorii"},{"value":31,"label":"Kluby Europejskie"},{"value":46,"label":"Kluby Niemieckie"},{"value":174,"label":"Pozosta\u0142e kluby niemieckie"}],"pa_rozmiar":[{"value":39,"label":"L"}]},"featured_image_src_large":["https:\/\/fts.you2.pl\/wp-content\/uploads\/2025\/09\/Photoroom_038_20250911_112109-1024x1024.png",1024,1024,true],"author_info":[],"comment_info":"","_links":{"self":[{"href":"https:\/\/fts.you2.pl\/de\/wp-json\/wp\/v2\/product\/3329","targetHints":{"allow":["GET"]}}],"collection":[{"href":"https:\/\/fts.you2.pl\/de\/wp-json\/wp\/v2\/product"}],"about":[{"href":"https:\/\/fts.you2.pl\/de\/wp-json\/wp\/v2\/types\/product"}],"wp:featuredmedia":[{"embeddable":true,"href":"https:\/\/fts.you2.pl\/de\/wp-json\/wp\/v2\/media\/16302"}],"wp:attachment":[{"href":"https:\/\/fts.you2.pl\/de\/wp-json\/wp\/v2\/media?parent=3329"}],"wp:term":[{"taxonomy":"product_brand","embeddable":true,"href":"https:\/\/fts.you2.pl\/de\/wp-json\/wp\/v2\/product_brand?post=3329"},{"taxonomy":"product_cat","embeddable":true,"href":"https:\/\/fts.you2.pl\/de\/wp-json\/wp\/v2\/product_cat?post=3329"},{"taxonomy":"product_tag","embeddable":true,"href":"https:\/\/fts.you2.pl\/de\/wp-json\/wp\/v2\/product_tag?post=3329"}],"curies":[{"name":"wp","href":"https:\/\/api.w.org\/{rel}","templated":true}]}}