{"id":3331,"date":"2025-09-14T15:50:55","date_gmt":"2025-09-14T13:50:55","guid":{"rendered":"https:\/\/fts.you2.pl\/index.php\/produkt\/polo-treningowe-fc-barcelona-2000-01-l\/"},"modified":"2025-09-19T18:37:39","modified_gmt":"2025-09-19T16:37:39","slug":"polo-treningowe-fc-barcelona-2000-01-l","status":"publish","type":"product","link":"https:\/\/fts.you2.pl\/de\/polo-treningowe-fc-barcelona-2000-01-l\/","title":{"rendered":"Polo treningowe FC Barcelona 2000\/01 [L]"},"content":{"rendered":"<p><strong>Klub:<\/strong> FC Barcelona<\/p>\n<p><strong>Sezon:<\/strong> 2000\/01<\/p>\n<p><strong>Rozmiar: <\/strong>L<\/p>\n<p><strong>Stan:<\/strong> Doskona\u0142y<\/p>\n<p><strong>Wymiary (szeroko\u015b\u0107 pod pachami\/d\u0142ugo\u015b\u0107) w cm: <\/strong>55\/70(prz\u00f3d), 76(ty\u0142)<\/p>","protected":false},"excerpt":{"rendered":"<p data-start=\"0\" data-end=\"78\">Oryginalna koszulka polo <strong data-start=\"25\" data-end=\"76\">FC Barcelony z sezonu 2000\/01 \u2013 produkcji Nike.<\/strong><\/p>\n<p data-start=\"80\" data-end=\"403\">Ta <strong data-start=\"83\" data-end=\"124\">oryginalna koszulka polo FC Barcelony<\/strong> z sezonu 2000\/01 to elegancki i klasyczny model marki Nike, przygotowany w <strong data-start=\"200\" data-end=\"226\">granatowej kolorystyce<\/strong>, charakterystycznej dla barw \u201eBlaugrany\u201d. Unikalnego charakteru nadaj\u0105 jej <strong data-start=\"302\" data-end=\"325\">z\u0142ote logotypy Nike<\/strong>, kt\u00f3re kontrastuj\u0105 z ciemnym t\u0142em, podkre\u015blaj\u0105c presti\u017cowy wygl\u0105d koszulki.<\/p>\n<p data-start=\"405\" data-end=\"758\">Model w stylu polo zosta\u0142 wyposa\u017cony w <strong data-start=\"444\" data-end=\"479\">ko\u0142nierzyk i zapi\u0119cie na guziki<\/strong>, co czyni go idealnym po\u0142\u0105czeniem sportowej wygody i casualowej elegancji. Materia\u0142, z kt\u00f3rego zosta\u0142a wykonana koszulka, gwarantuje <strong data-start=\"613\" data-end=\"658\">komfort noszenia, przewiewno\u015b\u0107 i trwa\u0142o\u015b\u0107<\/strong>, dzi\u0119ki czemu sprawdza si\u0119 zar\u00f3wno podczas codziennego u\u017cytku, jak i jako element kolekcjonerski.<\/p>\n<p data-start=\"760\" data-end=\"1051\">Sezon 2000\/01 to czas rywalizacji Barcelony na krajowej i europejskiej arenie, a odzie\u017c z tego okresu produkowana przez Nike cieszy si\u0119 dzi\u015b <strong data-start=\"901\" data-end=\"922\">statusem kultowej<\/strong> w\u015br\u00f3d kolekcjoner\u00f3w. Granatowe polo z dyskretnymi, z\u0142otymi detalami jest jednym z bardziej wyj\u0105tkowych projekt\u00f3w tamtej epoki.<\/p>\n<p data-start=\"1053\" data-end=\"1236\">To doskona\u0142y wyb\u00f3r dla <strong data-start=\"1076\" data-end=\"1098\">fan\u00f3w FC Barcelony<\/strong>, mi\u0142o\u015bnik\u00f3w futbolu prze\u0142omu wiek\u00f3w oraz kolekcjoner\u00f3w, kt\u00f3rzy poszukuj\u0105 <strong data-start=\"1172\" data-end=\"1233\">oryginalnych i stylowych element\u00f3w klubowej odzie\u017cy retro<\/strong>.<\/p>","protected":false},"featured_media":16320,"template":"","meta":{"_kad_blocks_custom_css":"","_kad_blocks_head_custom_js":"","_kad_blocks_body_custom_js":"","_kad_blocks_footer_custom_js":"","_kad_post_transparent":"","_kad_post_title":"","_kad_post_layout":"","_kad_post_sidebar_id":"","_kad_post_content_style":"","_kad_post_vertical_padding":"","_kad_post_feature":"","_kad_post_feature_position":"","_kad_post_header":false,"_kad_post_footer":false},"product_brand":[55],"product_cat":[15,248,25,31,87,26],"product_tag":[],"class_list":{"0":"post-3331","1":"product","2":"type-product","3":"status-publish","4":"has-post-thumbnail","6":"product_brand-nike","7":"product_cat-bez-kategorii","8":"product_cat-fc-barcelona","9":"product_cat-inne","10":"product_cat-kluby-europejskie","11":"product_cat-kluby-hiszpanskie","12":"product_cat-kurtki-bluzy-trening","13":"pa_rozmiar-l","15":"first","16":"instock","17":"taxable","18":"shipping-taxable","19":"purchasable","20":"product-type-simple","21":"entry","22":"content-bg","23":"loop-entry"},"taxonomy_info":{"product_brand":[{"value":55,"label":"Nike"}],"product_cat":[{"value":15,"label":"Bez kategorii"},{"value":248,"label":"FC Barcelona"},{"value":25,"label":"Inne"},{"value":31,"label":"Kluby Europejskie"},{"value":87,"label":"Kluby Hiszpa\u0144skie"},{"value":26,"label":"Kurtki\/bluzy\/trening"}],"pa_rozmiar":[{"value":39,"label":"L"}]},"featured_image_src_large":["https:\/\/fts.you2.pl\/wp-content\/uploads\/2025\/09\/Photoroom_014_20250911_112108-1024x1024.png",1024,1024,true],"author_info":[],"comment_info":"","_links":{"self":[{"href":"https:\/\/fts.you2.pl\/de\/wp-json\/wp\/v2\/product\/3331","targetHints":{"allow":["GET"]}}],"collection":[{"href":"https:\/\/fts.you2.pl\/de\/wp-json\/wp\/v2\/product"}],"about":[{"href":"https:\/\/fts.you2.pl\/de\/wp-json\/wp\/v2\/types\/product"}],"wp:featuredmedia":[{"embeddable":true,"href":"https:\/\/fts.you2.pl\/de\/wp-json\/wp\/v2\/media\/16320"}],"wp:attachment":[{"href":"https:\/\/fts.you2.pl\/de\/wp-json\/wp\/v2\/media?parent=3331"}],"wp:term":[{"taxonomy":"product_brand","embeddable":true,"href":"https:\/\/fts.you2.pl\/de\/wp-json\/wp\/v2\/product_brand?post=3331"},{"taxonomy":"product_cat","embeddable":true,"href":"https:\/\/fts.you2.pl\/de\/wp-json\/wp\/v2\/product_cat?post=3331"},{"taxonomy":"product_tag","embeddable":true,"href":"https:\/\/fts.you2.pl\/de\/wp-json\/wp\/v2\/product_tag?post=3331"}],"curies":[{"name":"wp","href":"https:\/\/api.w.org\/{rel}","templated":true}]}}