{"id":3332,"date":"2025-09-14T15:50:54","date_gmt":"2025-09-14T13:50:54","guid":{"rendered":"https:\/\/fts.you2.pl\/index.php\/produkt\/polar-klubowy-fc-barcelona-1999-00-xl\/"},"modified":"2025-09-19T18:38:09","modified_gmt":"2025-09-19T16:38:09","slug":"polar-klubowy-fc-barcelona-1999-00-xl","status":"publish","type":"product","link":"https:\/\/fts.you2.pl\/de\/polar-klubowy-fc-barcelona-1999-00-xl\/","title":{"rendered":"Polar klubowy FC Barcelona 1999\/00 [XL]"},"content":{"rendered":"<p><strong>Klub:<\/strong> FC Barcelona<\/p>\n<p><strong>Sezon:<\/strong> 1999\/00<\/p>\n<p><strong>Rozmiar: <\/strong>XL<\/p>\n<p><strong>Stan:<\/strong> Doskona\u0142y<\/p>\n<p><strong>Wymiary (szeroko\u015b\u0107 pod pachami\/d\u0142ugo\u015b\u0107) w cm: <\/strong>67\/75<\/p>","protected":false},"excerpt":{"rendered":"<p data-start=\"0\" data-end=\"78\">Oryginalny polar klubowy <strong data-start=\"25\" data-end=\"76\">FC Barcelony z sezonu 1999\/00 \u2013 produkcji Nike.<\/strong><\/p>\n<p data-start=\"80\" data-end=\"418\">Ten <strong data-start=\"84\" data-end=\"117\">oryginalny polar FC Barcelony<\/strong> z sezonu 1999\/00 to klasyczny model od marki Nike, utrzymany w eleganckiej <strong data-start=\"193\" data-end=\"219\">granatowej kolorystyce<\/strong>. Wyr\u00f3\u017cnia si\u0119 <strong data-start=\"234\" data-end=\"252\">d\u0142ugim r\u0119kawem<\/strong> oraz minimalistycznym designem, kt\u00f3rego centralnym punktem s\u0105 umieszczone na froncie <strong data-start=\"338\" data-end=\"356\">herb Barcelony<\/strong> i <strong data-start=\"359\" data-end=\"372\">logo Nike<\/strong> \u2013 eksponowane w symetryczny, prosty spos\u00f3b.<\/p>\n<p data-start=\"420\" data-end=\"737\">Polar zosta\u0142 wykonany z mi\u0119kkiego i ciep\u0142ego materia\u0142u, co zapewnia\u0142 <strong data-start=\"489\" data-end=\"529\">komfort termiczny, wygod\u0119 i trwa\u0142o\u015b\u0107<\/strong> \u2013 zar\u00f3wno w codziennym u\u017cytkowaniu, jak i jako element odzie\u017cy treningowej. Dzi\u0119ki klasycznemu krojowi i stonowanej kolorystyce prezentuje si\u0119 niezwykle stylowo, zachowuj\u0105c jednocze\u015bnie sportowy charakter.<\/p>\n<p data-start=\"739\" data-end=\"1062\">Sezon 1999\/00 to czas rywalizacji \u201eBlaugrany\u201d w La Liga i Lidze Mistrz\u00f3w, a odzie\u017c klubowa z tego okresu produkowana przez Nike cieszy si\u0119 dzi\u015b <strong data-start=\"883\" data-end=\"911\">statusem kolekcjonerskim<\/strong>. Granatowy polar z centralnie umieszczonym herbem i logotypem stanowi \u015bwietny przyk\u0142ad prostego, a jednocze\u015bnie ikonicznego wzornictwa ko\u0144ca lat 90.<\/p>\n<p data-start=\"1064\" data-end=\"1250\">To doskona\u0142a propozycja dla <strong data-start=\"1092\" data-end=\"1114\">fan\u00f3w FC Barcelony<\/strong>, mi\u0142o\u015bnik\u00f3w odzie\u017cy retro oraz kolekcjoner\u00f3w, kt\u00f3rzy poszukuj\u0105 <strong data-start=\"1178\" data-end=\"1247\">oryginalnych klubowych ubra\u0144 z unikalnym charakterem historycznym<\/strong>.<\/p>","protected":false},"featured_media":16327,"template":"","meta":{"_kad_blocks_custom_css":"","_kad_blocks_head_custom_js":"","_kad_blocks_body_custom_js":"","_kad_blocks_footer_custom_js":"","_kad_post_transparent":"","_kad_post_title":"","_kad_post_layout":"","_kad_post_sidebar_id":"","_kad_post_content_style":"","_kad_post_vertical_padding":"","_kad_post_feature":"","_kad_post_feature_position":"","_kad_post_header":false,"_kad_post_footer":false},"product_brand":[55],"product_cat":[15,248,31,87],"product_tag":[],"class_list":{"0":"post-3332","1":"product","2":"type-product","3":"status-publish","4":"has-post-thumbnail","6":"product_brand-nike","7":"product_cat-bez-kategorii","8":"product_cat-fc-barcelona","9":"product_cat-kluby-europejskie","10":"product_cat-kluby-hiszpanskie","11":"pa_rozmiar-xl","13":"first","14":"instock","15":"taxable","16":"shipping-taxable","17":"purchasable","18":"product-type-simple","19":"entry","20":"content-bg","21":"loop-entry"},"taxonomy_info":{"product_brand":[{"value":55,"label":"Nike"}],"product_cat":[{"value":15,"label":"Bez kategorii"},{"value":248,"label":"FC Barcelona"},{"value":31,"label":"Kluby Europejskie"},{"value":87,"label":"Kluby Hiszpa\u0144skie"}],"pa_rozmiar":[{"value":57,"label":"XL"}]},"featured_image_src_large":["https:\/\/fts.you2.pl\/wp-content\/uploads\/2025\/09\/Photoroom_008_20250911_112108-1024x1024.png",1024,1024,true],"author_info":[],"comment_info":"","_links":{"self":[{"href":"https:\/\/fts.you2.pl\/de\/wp-json\/wp\/v2\/product\/3332","targetHints":{"allow":["GET"]}}],"collection":[{"href":"https:\/\/fts.you2.pl\/de\/wp-json\/wp\/v2\/product"}],"about":[{"href":"https:\/\/fts.you2.pl\/de\/wp-json\/wp\/v2\/types\/product"}],"wp:featuredmedia":[{"embeddable":true,"href":"https:\/\/fts.you2.pl\/de\/wp-json\/wp\/v2\/media\/16327"}],"wp:attachment":[{"href":"https:\/\/fts.you2.pl\/de\/wp-json\/wp\/v2\/media?parent=3332"}],"wp:term":[{"taxonomy":"product_brand","embeddable":true,"href":"https:\/\/fts.you2.pl\/de\/wp-json\/wp\/v2\/product_brand?post=3332"},{"taxonomy":"product_cat","embeddable":true,"href":"https:\/\/fts.you2.pl\/de\/wp-json\/wp\/v2\/product_cat?post=3332"},{"taxonomy":"product_tag","embeddable":true,"href":"https:\/\/fts.you2.pl\/de\/wp-json\/wp\/v2\/product_tag?post=3332"}],"curies":[{"name":"wp","href":"https:\/\/api.w.org\/{rel}","templated":true}]}}