{"id":3335,"date":"2025-09-14T15:50:53","date_gmt":"2025-09-14T13:50:53","guid":{"rendered":"https:\/\/fts.you2.pl\/index.php\/produkt\/koszulka-treningowa-brescia-calcio-2006-07-xl\/"},"modified":"2025-09-19T18:39:45","modified_gmt":"2025-09-19T16:39:45","slug":"koszulka-treningowa-brescia-calcio-2006-07-xl","status":"publish","type":"product","link":"https:\/\/fts.you2.pl\/de\/koszulka-treningowa-brescia-calcio-2006-07-xl\/","title":{"rendered":"Koszulka treningowa Brescia Calcio 2006\/07 [XL]"},"content":{"rendered":"<p><strong>Klub:<\/strong> Brescia Calcio<\/p>\n<p><strong>Sezon:<\/strong> 2006\/07<\/p>\n<p><strong>Rozmiar: <\/strong>XL<\/p>\n<p><strong>Stan:<\/strong> Doskona\u0142y<\/p>\n<p><strong>Wymiary (szeroko\u015b\u0107 pod pachami\/d\u0142ugo\u015b\u0107) w cm: <\/strong>56\/73<\/p>","protected":false},"excerpt":{"rendered":"<p data-start=\"0\" data-end=\"87\">Oryginalna koszulka treningowa <strong data-start=\"31\" data-end=\"85\">Brescii Calcio z sezonu 2006\/07 \u2013 produkcji Asics.\u00a0<\/strong><\/p>\n<p data-start=\"89\" data-end=\"435\">Ta <strong data-start=\"92\" data-end=\"141\">oryginalna koszulka treningowa Brescii Calcio<\/strong> z sezonu 2006\/07 zosta\u0142a zaprojektowana przez mark\u0119 Asics i utrzymana w charakterystycznej dla klubu <strong data-start=\"243\" data-end=\"270\">niebieskiej kolorystyce<\/strong>. Jej najbardziej wyr\u00f3\u017cniaj\u0105cym elementem jest <strong data-start=\"317\" data-end=\"364\">du\u017cy napis \u201eBrescia\u201d umieszczony na froncie<\/strong>, kt\u00f3ry nadaje koszulce prostego, a jednocze\u015bnie efektownego wygl\u0105du.<\/p>\n<p data-start=\"437\" data-end=\"674\">Na piersi znalaz\u0142o si\u0119 <strong data-start=\"460\" data-end=\"474\">logo Asics<\/strong>, podkre\u015blaj\u0105ce autentyczno\u015b\u0107 modelu. Koszulka zosta\u0142a wykonana z lekkiego, przewiewnego materia\u0142u, co gwarantowa\u0142o zawodnikom <strong data-start=\"601\" data-end=\"629\">komfort i swobod\u0119 ruch\u00f3w<\/strong> podczas trening\u00f3w i przygotowa\u0144 meczowych.<\/p>\n<p data-start=\"676\" data-end=\"912\">Sezon 2006\/07 to czas gry Brescii w Serie B, w kt\u00f3rym klub walczy\u0142 o powr\u00f3t do najwy\u017cszej klasy rozgrywkowej. Sprz\u0119t treningowy z tego okresu dzi\u015b ma <strong data-start=\"826\" data-end=\"852\">warto\u015b\u0107 kolekcjonersk\u0105<\/strong>, szczeg\u00f3lnie dla fan\u00f3w dru\u017cyny ze Stadio Mario Rigamonti.<\/p>\n<p data-start=\"914\" data-end=\"1077\">To doskona\u0142y wyb\u00f3r dla <strong data-start=\"937\" data-end=\"958\">mi\u0142o\u015bnik\u00f3w calcio<\/strong>, fan\u00f3w Brescii Calcio oraz kolekcjoner\u00f3w, kt\u00f3rzy poszukuj\u0105 <strong data-start=\"1018\" data-end=\"1074\">oryginalnych koszulek treningowych z w\u0142oskich klub\u00f3w<\/strong>.<\/p>","protected":false},"featured_media":16352,"template":"","meta":{"_kad_blocks_custom_css":"","_kad_blocks_head_custom_js":"","_kad_blocks_body_custom_js":"","_kad_blocks_footer_custom_js":"","_kad_post_transparent":"","_kad_post_title":"","_kad_post_layout":"","_kad_post_sidebar_id":"","_kad_post_content_style":"","_kad_post_vertical_padding":"","_kad_post_feature":"","_kad_post_feature_position":"","_kad_post_header":false,"_kad_post_footer":false},"product_brand":[53],"product_cat":[15,25,31,117,26,152],"product_tag":[],"class_list":{"0":"post-3335","1":"product","2":"type-product","3":"status-publish","4":"has-post-thumbnail","6":"product_brand-asics","7":"product_cat-bez-kategorii","8":"product_cat-inne","9":"product_cat-kluby-europejskie","10":"product_cat-kluby-wloskie","11":"product_cat-kurtki-bluzy-trening","12":"product_cat-pozostale-kluby-wloskie","13":"pa_rozmiar-xl","15":"first","16":"instock","17":"taxable","18":"shipping-taxable","19":"purchasable","20":"product-type-simple","21":"entry","22":"content-bg","23":"loop-entry"},"taxonomy_info":{"product_brand":[{"value":53,"label":"Asics"}],"product_cat":[{"value":15,"label":"Bez kategorii"},{"value":25,"label":"Inne"},{"value":31,"label":"Kluby Europejskie"},{"value":117,"label":"Kluby W\u0142oskie"},{"value":26,"label":"Kurtki\/bluzy\/trening"},{"value":152,"label":"Pozosta\u0142e kluby w\u0142oskie"}],"pa_rozmiar":[{"value":57,"label":"XL"}]},"featured_image_src_large":["https:\/\/fts.you2.pl\/wp-content\/uploads\/2025\/09\/Photoroom_034_20250911_112109.png",640,640,false],"author_info":[],"comment_info":"","_links":{"self":[{"href":"https:\/\/fts.you2.pl\/de\/wp-json\/wp\/v2\/product\/3335","targetHints":{"allow":["GET"]}}],"collection":[{"href":"https:\/\/fts.you2.pl\/de\/wp-json\/wp\/v2\/product"}],"about":[{"href":"https:\/\/fts.you2.pl\/de\/wp-json\/wp\/v2\/types\/product"}],"wp:featuredmedia":[{"embeddable":true,"href":"https:\/\/fts.you2.pl\/de\/wp-json\/wp\/v2\/media\/16352"}],"wp:attachment":[{"href":"https:\/\/fts.you2.pl\/de\/wp-json\/wp\/v2\/media?parent=3335"}],"wp:term":[{"taxonomy":"product_brand","embeddable":true,"href":"https:\/\/fts.you2.pl\/de\/wp-json\/wp\/v2\/product_brand?post=3335"},{"taxonomy":"product_cat","embeddable":true,"href":"https:\/\/fts.you2.pl\/de\/wp-json\/wp\/v2\/product_cat?post=3335"},{"taxonomy":"product_tag","embeddable":true,"href":"https:\/\/fts.you2.pl\/de\/wp-json\/wp\/v2\/product_tag?post=3335"}],"curies":[{"name":"wp","href":"https:\/\/api.w.org\/{rel}","templated":true}]}}