{"id":3336,"date":"2025-09-14T15:50:52","date_gmt":"2025-09-14T13:50:52","guid":{"rendered":"https:\/\/fts.you2.pl\/index.php\/produkt\/koszulka-pilkarska-borussia-dortmund-1992-93-home-xxl\/"},"modified":"2025-09-19T18:40:07","modified_gmt":"2025-09-19T16:40:07","slug":"koszulka-pilkarska-borussia-dortmund-1992-93-home-xxl","status":"publish","type":"product","link":"https:\/\/fts.you2.pl\/de\/koszulka-pilkarska-borussia-dortmund-1992-93-home-xxl\/","title":{"rendered":"Koszulka pi\u0142karska Borussia Dortmund 1992\/93 Home [XXL]"},"content":{"rendered":"<p><strong>Klub:<\/strong> Borussia Dortmund<\/p>\n<p><strong>Sezon:<\/strong> 1992\/93 Home<\/p>\n<p><strong>Rozmiar: <\/strong>XXL<\/p>\n<p><strong>Stan:<\/strong> Bardzo dobry &#8211; drobne zabrudzenie od wewn\u0119trznej strony koszulki oraz dwa drobne zaci\u0105gni\u0119cia.<\/p>\n<p><strong>Wymiary (szeroko\u015b\u0107 pod pachami\/d\u0142ugo\u015b\u0107) w cm: <\/strong>63\/79<\/p>","protected":false},"excerpt":{"rendered":"<p data-start=\"0\" data-end=\"88\">Oryginalna koszulka pi\u0142karska <strong data-start=\"30\" data-end=\"86\">Borussii Dortmund z sezonu 1992\/93 \u2013 produkcji Nike.\u00a0<\/strong><\/p>\n<p data-start=\"90\" data-end=\"446\">Ta <strong data-start=\"93\" data-end=\"141\">oryginalna domowa koszulka Borussii Dortmund<\/strong> z sezonu 1992\/93 to wyj\u0105tkowy model marki Nike, przygotowany w <strong data-start=\"205\" data-end=\"232\">wersji z d\u0142ugim r\u0119kawem<\/strong>. Utrzymana w klasycznej dla klubu <strong data-start=\"267\" data-end=\"296\">\u017c\u00f3\u0142to-czarnej kolorystyce<\/strong>, wyr\u00f3\u017cnia si\u0119 charakterystycznym dla wczesnych lat 90. dynamicznym wzornictwem oraz lu\u017anym krojem, typowym dla pi\u0142karskich trykot\u00f3w z tamtej epoki.<\/p>\n<p data-start=\"448\" data-end=\"768\">Na froncie umieszczono <strong data-start=\"471\" data-end=\"497\">herb Borussii Dortmund<\/strong>, <strong data-start=\"499\" data-end=\"512\">logo Nike<\/strong> oraz nadruk sponsora <strong data-start=\"534\" data-end=\"554\">Die Continentale<\/strong>, kt\u00f3re podkre\u015blaj\u0105 autentyczno\u015b\u0107 tego egzemplarza. Na plecach widnieje <strong data-start=\"626\" data-end=\"637\">numer 9<\/strong>, jednak warto zaznaczy\u0107, \u017ce zosta\u0142 on wykonany w <strong data-start=\"687\" data-end=\"714\">nieoryginalnej czcionce<\/strong>, innej ni\u017c stosowana na meczowych koszulkach klubu.<\/p>\n<p data-start=\"770\" data-end=\"1066\">Model zosta\u0142 wykonany z solidnych i przewiewnych materia\u0142\u00f3w, zapewniaj\u0105cych zawodnikom <strong data-start=\"857\" data-end=\"879\">komfort i trwa\u0142o\u015b\u0107<\/strong>. Koszulki z sezonu 1992\/93 maj\u0105 szczeg\u00f3ln\u0105 warto\u015b\u0107 kolekcjonersk\u0105, poniewa\u017c by\u0142y jednymi z pierwszych, kt\u00f3re Nike przygotowa\u0142o dla Borussii Dortmund po rozpocz\u0119ciu wsp\u00f3\u0142pracy z klubem.<\/p>\n<p data-start=\"1068\" data-end=\"1246\">To doskona\u0142a propozycja dla <strong data-start=\"1096\" data-end=\"1109\">fan\u00f3w BVB<\/strong>, pasjonat\u00f3w niemieckiego futbolu lat 90. oraz kolekcjoner\u00f3w, kt\u00f3rzy poszukuj\u0105 <strong data-start=\"1188\" data-end=\"1243\">oryginalnych koszulek retro z unikalnym charakterem<\/strong>.<\/p>","protected":false},"featured_media":16360,"template":"","meta":{"_kad_blocks_custom_css":"","_kad_blocks_head_custom_js":"","_kad_blocks_body_custom_js":"","_kad_blocks_footer_custom_js":"","_kad_post_transparent":"","_kad_post_title":"","_kad_post_layout":"","_kad_post_sidebar_id":"","_kad_post_content_style":"","_kad_post_vertical_padding":"","_kad_post_feature":"","_kad_post_feature_position":"","_kad_post_header":false,"_kad_post_footer":false},"product_brand":[55],"product_cat":[15,65,31,46],"product_tag":[],"class_list":{"0":"post-3336","1":"product","2":"type-product","3":"status-publish","4":"has-post-thumbnail","6":"product_brand-nike","7":"product_cat-bez-kategorii","8":"product_cat-borussia-dortmund","9":"product_cat-kluby-europejskie","10":"product_cat-kluby-niemieckie","11":"pa_rozmiar-xxl","13":"first","14":"instock","15":"taxable","16":"shipping-taxable","17":"purchasable","18":"product-type-simple","19":"entry","20":"content-bg","21":"loop-entry"},"taxonomy_info":{"product_brand":[{"value":55,"label":"Nike"}],"product_cat":[{"value":15,"label":"Bez kategorii"},{"value":65,"label":"Borussia Dortmund"},{"value":31,"label":"Kluby Europejskie"},{"value":46,"label":"Kluby Niemieckie"}],"pa_rozmiar":[{"value":71,"label":"XXL"}]},"featured_image_src_large":["https:\/\/fts.you2.pl\/wp-content\/uploads\/2025\/09\/Photoroom_018_20250911_112108-1024x1024.png",1024,1024,true],"author_info":[],"comment_info":"","_links":{"self":[{"href":"https:\/\/fts.you2.pl\/de\/wp-json\/wp\/v2\/product\/3336","targetHints":{"allow":["GET"]}}],"collection":[{"href":"https:\/\/fts.you2.pl\/de\/wp-json\/wp\/v2\/product"}],"about":[{"href":"https:\/\/fts.you2.pl\/de\/wp-json\/wp\/v2\/types\/product"}],"wp:featuredmedia":[{"embeddable":true,"href":"https:\/\/fts.you2.pl\/de\/wp-json\/wp\/v2\/media\/16360"}],"wp:attachment":[{"href":"https:\/\/fts.you2.pl\/de\/wp-json\/wp\/v2\/media?parent=3336"}],"wp:term":[{"taxonomy":"product_brand","embeddable":true,"href":"https:\/\/fts.you2.pl\/de\/wp-json\/wp\/v2\/product_brand?post=3336"},{"taxonomy":"product_cat","embeddable":true,"href":"https:\/\/fts.you2.pl\/de\/wp-json\/wp\/v2\/product_cat?post=3336"},{"taxonomy":"product_tag","embeddable":true,"href":"https:\/\/fts.you2.pl\/de\/wp-json\/wp\/v2\/product_tag?post=3336"}],"curies":[{"name":"wp","href":"https:\/\/api.w.org\/{rel}","templated":true}]}}