{"id":3339,"date":"2025-09-14T15:51:00","date_gmt":"2025-09-14T13:51:00","guid":{"rendered":"https:\/\/fts.you2.pl\/index.php\/produkt\/koszulka-bramkarska-afc-wimbledon-2023-24-xl\/"},"modified":"2025-09-19T18:41:34","modified_gmt":"2025-09-19T16:41:34","slug":"koszulka-bramkarska-afc-wimbledon-2023-24-xl","status":"publish","type":"product","link":"https:\/\/fts.you2.pl\/de\/koszulka-bramkarska-afc-wimbledon-2023-24-xl\/","title":{"rendered":"Koszulka bramkarska AFC Wimbledon 2023\/24 [XL]"},"content":{"rendered":"<p><strong>Klub:<\/strong> AFC Wimbledon<\/p>\n<p><strong>Sezon:<\/strong> 2023\/24<\/p>\n<p><strong>Rozmiar: <\/strong>XL<\/p>\n<p><strong>Stan:<\/strong> Bardzo dobry &#8211; dwie mikro plamki wok\u00f3\u0142 loga Umbro.<\/p>\n<p><strong>Wymiary (szeroko\u015b\u0107 pod pachami\/d\u0142ugo\u015b\u0107) w cm: <\/strong>56\/76<\/p>","protected":false},"excerpt":{"rendered":"<p data-start=\"0\" data-end=\"85\">Oryginalna koszulka pi\u0142karska <strong data-start=\"30\" data-end=\"83\">AFC Wimbledon z sezonu 2023\/24 \u2013 produkcji Umbro.<\/strong><\/p>\n<p data-start=\"87\" data-end=\"469\">Ta <strong data-start=\"90\" data-end=\"138\">oryginalna bramkarska koszulka AFC Wimbledon<\/strong> z sezonu 2023\/24 zosta\u0142a wyprodukowana przez mark\u0119 Umbro i przygotowana w efektownej <strong data-start=\"224\" data-end=\"256\">zielonej kolorystyce bazowej<\/strong>, uzupe\u0142nionej o subtelne <strong data-start=\"282\" data-end=\"317\">elementy niebieskiego i \u017c\u00f3\u0142tego<\/strong>. Na froncie widnieje kultowy sponsor <strong data-start=\"355\" data-end=\"377\">\u201eFootball Manager\u201d<\/strong>, kt\u00f3ry od lat kojarzony jest z tym klubem oraz podkre\u015bla autentyczno\u015b\u0107 tego modelu.<\/p>\n<p data-start=\"471\" data-end=\"694\">Na piersi umieszczono <strong data-start=\"493\" data-end=\"515\">herb AFC Wimbledon<\/strong> oraz <strong data-start=\"521\" data-end=\"535\">logo Umbro<\/strong>, a ca\u0142o\u015b\u0107 wykonano z lekkiego i przewiewnego materia\u0142u, gwarantuj\u0105cego <strong data-start=\"607\" data-end=\"651\">komfort, trwa\u0142o\u015b\u0107 i pe\u0142n\u0105 swobod\u0119 ruch\u00f3w<\/strong> \u2013 cechy niezwykle istotne dla bramkarzy.<\/p>\n<p data-start=\"696\" data-end=\"1005\">Sezon 2023\/24 by\u0142 dla Wimbledonu kolejnym etapem budowania pozycji w angielskich ligach, a projekty Umbro w tym okresie wyr\u00f3\u017cnia\u0142y si\u0119 nowoczesnym stylem i wysok\u0105 jako\u015bci\u0105 wykonania. Koszulki bramkarskie z tej kolekcji szybko zdoby\u0142y uznanie w\u015br\u00f3d kibic\u00f3w dzi\u0119ki <strong data-start=\"959\" data-end=\"1002\">\u015bwie\u017cej kolorystyce i unikalnym detalom<\/strong>.<\/p>\n<p data-start=\"1007\" data-end=\"1152\">To doskona\u0142y wyb\u00f3r dla <strong data-start=\"1030\" data-end=\"1048\">fan\u00f3w The Dons<\/strong> oraz kolekcjoner\u00f3w, kt\u00f3rzy poszukuj\u0105 <strong data-start=\"1086\" data-end=\"1149\">oryginalnych stroj\u00f3w pi\u0142karskich Umbro z aktualnych sezon\u00f3w<\/strong>.<\/p>","protected":false},"featured_media":16387,"template":"","meta":{"_kad_blocks_custom_css":"","_kad_blocks_head_custom_js":"","_kad_blocks_body_custom_js":"","_kad_blocks_footer_custom_js":"","_kad_post_transparent":"","_kad_post_title":"","_kad_post_layout":"","_kad_post_sidebar_id":"","_kad_post_content_style":"","_kad_post_vertical_padding":"","_kad_post_feature":"","_kad_post_feature_position":"","_kad_post_header":false,"_kad_post_footer":false},"product_brand":[21],"product_cat":[15,32,31,33],"product_tag":[],"class_list":{"0":"post-3339","1":"product","2":"type-product","3":"status-publish","4":"has-post-thumbnail","6":"product_brand-umbro","7":"product_cat-bez-kategorii","8":"product_cat-kluby-angielskie","9":"product_cat-kluby-europejskie","10":"product_cat-pozostale-kluby-angielskie","11":"pa_rozmiar-xl","13":"first","14":"instock","15":"taxable","16":"shipping-taxable","17":"purchasable","18":"product-type-simple","19":"entry","20":"content-bg","21":"loop-entry"},"taxonomy_info":{"product_brand":[{"value":21,"label":"Umbro"}],"product_cat":[{"value":15,"label":"Bez kategorii"},{"value":32,"label":"Kluby Angielskie"},{"value":31,"label":"Kluby Europejskie"},{"value":33,"label":"Pozosta\u0142e kluby angielskie"}],"pa_rozmiar":[{"value":57,"label":"XL"}]},"featured_image_src_large":["https:\/\/fts.you2.pl\/wp-content\/uploads\/2025\/09\/Photoroom_010_20250911_112108-1024x1024.png",1024,1024,true],"author_info":[],"comment_info":"","_links":{"self":[{"href":"https:\/\/fts.you2.pl\/de\/wp-json\/wp\/v2\/product\/3339","targetHints":{"allow":["GET"]}}],"collection":[{"href":"https:\/\/fts.you2.pl\/de\/wp-json\/wp\/v2\/product"}],"about":[{"href":"https:\/\/fts.you2.pl\/de\/wp-json\/wp\/v2\/types\/product"}],"wp:featuredmedia":[{"embeddable":true,"href":"https:\/\/fts.you2.pl\/de\/wp-json\/wp\/v2\/media\/16387"}],"wp:attachment":[{"href":"https:\/\/fts.you2.pl\/de\/wp-json\/wp\/v2\/media?parent=3339"}],"wp:term":[{"taxonomy":"product_brand","embeddable":true,"href":"https:\/\/fts.you2.pl\/de\/wp-json\/wp\/v2\/product_brand?post=3339"},{"taxonomy":"product_cat","embeddable":true,"href":"https:\/\/fts.you2.pl\/de\/wp-json\/wp\/v2\/product_cat?post=3339"},{"taxonomy":"product_tag","embeddable":true,"href":"https:\/\/fts.you2.pl\/de\/wp-json\/wp\/v2\/product_tag?post=3339"}],"curies":[{"name":"wp","href":"https:\/\/api.w.org\/{rel}","templated":true}]}}