{"id":19934,"date":"2021-06-09T17:29:54","date_gmt":"2021-06-09T15:29:54","guid":{"rendered":"https:\/\/footballthrift.shop\/zwroty-reklamacje\/"},"modified":"2021-06-09T17:29:54","modified_gmt":"2021-06-09T15:29:54","slug":"zwroty-reklamacje","status":"publish","type":"page","link":"https:\/\/fts.you2.pl\/en\/zwroty-reklamacje\/","title":{"rendered":"Zwroty i reklamacje"},"content":{"rendered":"<p align=\"center\">\n<h1 align=\"center\">Zwroty I Reklamacje<\/h1>\n<p class=\"MsoNormal\" style=\"text-align: center;\" align=\"center\"><em><span style=\"font-size: 14pt; line-height: 107%;\">W celu zwrotu, reklamacji, b\u0105d\u017a wymiany zg\u0142o\u015b nam to poprzez stron\u0119 Szybkiezwroty.pl wpisuj\u0105c w zg\u0142oszeniu numer Twojego zam\u00f3wienia oraz pow\u00f3d reklamacji, a w celu podania nam numeru rachunku do zwrotu \u015brodk\u00f3w skontaktuj si\u0119 z nami poprzez jeden z naszych kana\u0142\u00f3w kontaktowych podanych poni\u017cej, b\u0105d\u017a do paczki za\u0142\u0105cz kartk\u0119 z napisanymi szczeg\u00f3\u0142ami zwrotu. Kwot\u0119 za koszt przesy\u0142ki zwrotnej pobieramy poprzez pomniejszenie wysoko\u015bci przelewu zwrotnego o jej kwot\u0119.<\/span><\/em><\/p>\n<p style=\"text-align: center;\"><strong>Email:<\/strong> kontakt@footballthrift.shop<\/p>\n<p style=\"text-align: center;\"><b>Instagram:<\/b>\u00a0Instagram.com\/FootballThriftShop<\/p>\n<p style=\"text-align: center;\"><b>Twitter:<\/b> Twitter.com\/FootballThrift<\/p>\n<p style=\"text-align: center;\"><b><\/b><strong>Numer tel:<\/strong> +48 668 692 706<\/p>\n<p style=\"text-align: center;\">\n<p><em>Pami\u0119taj, \u017ce masz <strong>pe\u0142ne prawo do odst\u0105pienia od umowy w ci\u0105gu 14 dni od zakupu, bez podawania przyczyny<\/strong>. Wszelkie szczeg\u00f3\u0142owe informacje na ten temat znajdziesz w regulaminie sklepu. Je\u015bli chcia\u0142by\u015b zwr\u00f3ci\u0107\/wymieni\u0107 produkt lub spotka\u0142a Ci\u0119 inna nieprzyjemna sytuacja w zwi\u0105zku z zakupami u nas, niezw\u0142ocznie si\u0119 do nas odezwij. Wasze zadowolenie to dla nas podstawa. Poni\u017cej znajdziesz do pobrania: formularz reklamacji towaru, formularz odst\u0105pienia od umowy sprzeda\u017cy, formularz reklamacji us\u0142ug, formularz o odst\u0105pieniu od umowy \u015bwiadczenia us\u0142ugi.<\/em><b><i><\/i><\/b><\/p>\n<p class=\"MsoNormal\" style=\"line-height: normal;\">\n<p class=\"MsoNormal\" style=\"line-height: normal; text-align: left;\"><span style=\"font-size: 12pt; font-family: Arial, sans-serif;\"><b><a href=\"https:\/\/fts.you2.pl\/wp-content\/uploads\/2021\/06\/03-Formularz-reklamacji-towaru-footballthrift-shop-v-1-0.pdf\"><span style=\"color: #0000ff;\">Formularz reklamacji towaru<\/span><\/a><\/b><\/span><\/p>\n<p><b><a href=\"https:\/\/fts.you2.pl\/wp-content\/uploads\/2021\/06\/04-Formularz-odstapienia-od-umowy-sprzedazy-footballthrift-shop.pdf\"><span style=\"color: #0000ff;\">Formularz odst\u0105pienia od umowy sprzeda\u017cy<\/span><\/a><\/b><\/p>\n<p><b><a href=\"https:\/\/fts.you2.pl\/wp-content\/uploads\/2021\/06\/05-Formularz-reklamacji-uslug-footballthrift-shop.pdf\"><span style=\"color: #0000ff;\">Formularz reklamacji us\u0142ug<\/span><\/a><\/b><\/p>\n<p><b><a href=\"https:\/\/fts.you2.pl\/wp-content\/uploads\/2021\/06\/06-Formularz-odstapienia-od-umowy-swiadczenia-uslug-footballthrift-shop.pdf\"><span style=\"color: #0000ff;\">Formularz odst\u0105pienia od umowy \u015bwiadczenia us\u0142ug<\/span><\/a><\/b><\/p>\n<p style=\"text-align: center;\">\n<p class=\"MsoNormal\" style=\"margin-bottom: 0cm; line-height: normal; text-align: center;\"><b><span style=\"font-size: 12pt; font-family: Arial, sans-serif;\">Pouczenia<\/span><\/b><\/p>\n<p>Pouczenie o odst\u0105pieniu od umowy sprzeda\u017cy<br \/>\n(informacje dotycz\u0105ce korzystania z prawa odst\u0105pienia od umowy sprzeda\u017cy)<\/p>\n<p><b>Prawo odst\u0105pienia od umowy<\/b><\/p>\n<p>Informujemy, \u017ce maj\u0105 Pa\u0144stwo prawo odst\u0105pi\u0107 od niniejszej umowy w terminie 14 dni bez podania jakiejkolwiek przyczyny.<br \/>\nTermin do odst\u0105pienia od umowy wygasa po up\u0142ywie 14 dni od dnia:<\/p>\n<p>1)\u00a0\u00a0\u00a0\u00a0\u00a0w kt\u00f3rym weszli Pa\u0144stwo w posiadanie rzeczy lub w posiadanie ostatniej z rzeczy, je\u017celi umowa dotyczy\u0142a przeniesienia w\u0142asno\u015bci wielu rzeczy dostarczanych osobno lub w posiadanie ostatniej partii lub cz\u0119\u015bci, je\u017celi umowa dotyczy\u0142a przeniesienia w\u0142asno\u015bci rzeczy dostarczanych partiami lub w cz\u0119\u015bci,<br \/>\n2)\u00a0\u00a0\u00a0\u00a0\u00a0w kt\u00f3rym osoba trzecia inna ni\u017c przewo\u017anik i wskazana przez Pa\u0144stwa wesz\u0142a w posiadanie rzeczy lub w posiadanie ostatniej z rzeczy, je\u017celi umowa dotyczy\u0142a przeniesienia w\u0142asno\u015bci wielu rzeczy dostarczanych osobno lub w posiadanie ostatniej partii lub cz\u0119\u015bci, je\u017celi umowa dotyczy\u0142a przeniesienia w\u0142asno\u015bci rzeczy dostarczanych partiami lub w cz\u0119\u015bci.<\/p>\n<p>Aby skorzysta\u0107 z prawa odst\u0105pienia od umowy, nale\u017cy poinformowa\u0107 Filip Nosel Football Thrift Shop ul. Derdowskiego 14, 80-209 Chwaszczyno, adres e-mail: kontakt@footballthrift.shop, o swojej decyzji o odst\u0105pieniu od niniejszej umowy w drodze jednoznacznego o\u015bwiadczenia (na przyk\u0142ad pismo wys\u0142ane poczt\u0105, faksem lub poczt\u0105 elektroniczn\u0105).<\/p>\n<p>Mog\u0105 Pa\u0144stwo skorzysta\u0107 z wzoru formularza odst\u0105pienia od umowy, jednak nie jest to obowi\u0105zkowe.<\/p>\n<p>Aby zachowa\u0107 termin do odst\u0105pienia od umowy, wystarczy, aby wys\u0142ali Pa\u0144stwo informacj\u0119 dotycz\u0105c\u0105 wykonania przys\u0142uguj\u0105cego Pa\u0144stwu prawa odst\u0105pienia od umowy przed up\u0142ywem terminu do odst\u0105pienia od umowy.<\/p>\n<p class=\"MsoNormal\" style=\"margin-bottom: 0cm; line-height: normal; text-align: center;\">\n<p class=\"MsoNormal\" style=\"margin-bottom: 0cm; line-height: normal; text-align: center;\"><span style=\"font-size: 12pt; font-family: Arial, sans-serif;\"><br \/>\n<b>Skutki odst\u0105pienia od umowy<\/b><\/span><\/p>\n<p>W przypadku odst\u0105pienia od niniejszej umowy, zwracamy Pa\u0144stwu wszystkie otrzymane od Pa\u0144stwa p\u0142atno\u015bci, w tym koszty dostarczenia rzeczy (z wyj\u0105tkiem dodatkowych koszt\u00f3w wynikaj\u0105cych z wybranego przez Pa\u0144stwa sposobu dostarczenia innego ni\u017c najta\u0144szy zwyk\u0142y spos\u00f3b dostarczenia oferowany przez nas), niezw\u0142ocznie, a w ka\u017cdym przypadku nie p\u00f3\u017aniej ni\u017c 14 dni od dnia, w kt\u00f3rym zostali\u015bmy poinformowani o Pa\u0144stwa decyzji o wykonaniu prawa odst\u0105pienia od niniejszej umowy. Zwrotu p\u0142atno\u015bci dokonamy przy u\u017cyciu takich samych sposob\u00f3w p\u0142atno\u015bci, jakie zosta\u0142y przez Pa\u0144stwa u\u017cyte w pierwotnej transakcji, chyba \u017ce wyra\u017anie zgodzili\u015bcie si\u0119 Pa\u0144stwo na inne rozwi\u0105zanie; w ka\u017cdym przypadku nie ponios\u0105 Pa\u0144stwo \u017cadnych op\u0142at w zwi\u0105zku z tym zwrotem.<\/p>\n<p>Mo\u017cemy wstrzyma\u0107 si\u0119 ze zwrotem p\u0142atno\u015bci do czasu otrzymania rzeczy lub do czasu dostarczenia nam dowodu jej odes\u0142ania, w zale\u017cno\u015bci od tego, kt\u00f3re zdarzenie nast\u0105pi wcze\u015bniej w przypadku, gdy umowa dotyczy\u0142a sprzeda\u017cy rzeczy.<\/p>\n<p>W przypadku, gdy umowa dotyczy\u0142a zakupu rzeczy prosz\u0119 odes\u0142a\u0107 lub przekaza\u0107 nam rzecz na adres Filip Nosel Football Thrift Shop ul. Derdowskiego 14, 80-209 Chwaszczyno niezw\u0142ocznie, a w ka\u017cdym razie nie p\u00f3\u017aniej ni\u017c 14 dni od dnia, w kt\u00f3rym poinformowali nas Pa\u0144stwo o odst\u0105pieniu od niniejszej umowy. Termin jest zachowany, je\u017celi ode\u015bl\u0105 Pa\u0144stwo rzecz przed up\u0142ywem terminu 14 dni.<\/p>\n<p>B\u0119d\u0105 Pa\u0144stwo musieli ponie\u015b\u0107 bezpo\u015brednie koszty zwrotu rzeczy.<\/p>\n<p>Odpowiadaj\u0105 Pa\u0144stwo tylko za zmniejszenie warto\u015bci rzeczy wynikaj\u0105ce z korzystania z niej w spos\u00f3b inny ni\u017c by\u0142o to konieczne do stwierdzenia charakteru, cech i funkcjonowania rzeczy.<\/p>\n<p class=\"MsoNormal\" style=\"margin-bottom: 0cm; line-height: normal; text-align: center;\">\n<p><b>Pouczenie o odst\u0105pieniu od umowy \u015bwiadczenia us\u0142ug<\/b><\/p>\n<p>(informacje dotycz\u0105ce korzystania z prawa odst\u0105pienia od umowy \u015bwiadczenia us\u0142ug)<\/p>\n<p><b>Prawo odst\u0105pienia od umowy \u015bwiadczenia us\u0142ug<\/b><\/p>\n<p>Informujemy, \u017ce maj\u0105 Pa\u0144stwo prawo odst\u0105pi\u0107 od umowy o \u015bwiadczenie us\u0142ug w terminie 14 dni bez podania jakiejkolwiek przyczyny. Termin do odst\u0105pienia od umowy wygasa po up\u0142ywie 14 dni od dnia zawarcia umowy.<\/p>\n<p>Aby skorzysta\u0107 z prawa odst\u0105pienia od umowy, musz\u0105 Pa\u0144stwo poinformowa\u0107 Filip Nosel Football Thrift Shop, ul. Derdowskiego 14, 80-209 Chwaszczyno, adres e-mail:\u00a0<a href=\"mailto:kontakt@footballthrift.shop\"><span style=\"color: #0000ff;\">kontakt@footballthrift.shop<\/span><\/a>\u00a0o swojej decyzji o odst\u0105pieniu od niniejszej umowy w drodze jednoznacznego o\u015bwiadczenia (na przyk\u0142ad pismo wys\u0142ane poczt\u0105 lub poczt\u0105 elektroniczn\u0105). Mog\u0105 Pa\u0144stwo skorzysta\u0107 z wzoru formularza odst\u0105pienia od umowy, jednak nie jest to obowi\u0105zkowe.<\/p>\n<p>Aby zachowa\u0107 termin do odst\u0105pienia od umowy, wystarczy, aby wys\u0142ali Pa\u0144stwo informacj\u0119 dotycz\u0105c\u0105 wykonania przys\u0142uguj\u0105cego Pa\u0144stwu prawa odst\u0105pienia od umowy przed up\u0142ywem terminu do odst\u0105pienia od umowy.<\/p>\n<p><b>Skutki odst\u0105pienia od umowy<\/b><br \/>\n<!-- [if !supportLineBreakNewLine]--><br \/>\n<!--[endif]--><\/p>\n<p class=\"MsoNormal\" style=\"line-height: normal;\"><span style=\"font-size: 12pt; font-family: Arial, sans-serif;\">W przypadku odst\u0105pienia od umowy o \u015bwiadczenie us\u0142ugi prowadzenia Konta, Konto zostaje usuni\u0119te wraz z jego zawarto\u015bci\u0105.<\/span><\/p>","protected":false},"excerpt":{"rendered":"<p>Zwroty I Reklamacje W celu zwrotu, reklamacji, b\u0105d\u017a wymiany zg\u0142o\u015b nam to poprzez stron\u0119 Szybkiezwroty.pl wpisuj\u0105c w zg\u0142oszeniu numer Twojego zam\u00f3wienia oraz pow\u00f3d reklamacji, a w celu podania nam numeru rachunku do zwrotu \u015brodk\u00f3w skontaktuj si\u0119 z nami poprzez jeden z naszych kana\u0142\u00f3w kontaktowych podanych poni\u017cej, b\u0105d\u017a do paczki za\u0142\u0105cz kartk\u0119 z napisanymi szczeg\u00f3\u0142ami zwrotu&#8230;.<\/p>","protected":false},"author":1,"featured_media":0,"parent":0,"menu_order":0,"comment_status":"closed","ping_status":"closed","template":"","meta":{"_kad_blocks_custom_css":"","_kad_blocks_head_custom_js":"","_kad_blocks_body_custom_js":"","_kad_blocks_footer_custom_js":"","_kad_post_transparent":"","_kad_post_title":"","_kad_post_layout":"","_kad_post_sidebar_id":"","_kad_post_content_style":"","_kad_post_vertical_padding":"","_kad_post_feature":"","_kad_post_feature_position":"","_kad_post_header":false,"_kad_post_footer":false,"footnotes":""},"class_list":["post-19934","page","type-page","status-publish","hentry"],"taxonomy_info":[],"featured_image_src_large":false,"author_info":{"display_name":"admin","author_link":"https:\/\/fts.you2.pl\/en\/author\/admin\/"},"comment_info":0,"_links":{"self":[{"href":"https:\/\/fts.you2.pl\/en\/wp-json\/wp\/v2\/pages\/19934","targetHints":{"allow":["GET"]}}],"collection":[{"href":"https:\/\/fts.you2.pl\/en\/wp-json\/wp\/v2\/pages"}],"about":[{"href":"https:\/\/fts.you2.pl\/en\/wp-json\/wp\/v2\/types\/page"}],"author":[{"embeddable":true,"href":"https:\/\/fts.you2.pl\/en\/wp-json\/wp\/v2\/users\/1"}],"replies":[{"embeddable":true,"href":"https:\/\/fts.you2.pl\/en\/wp-json\/wp\/v2\/comments?post=19934"}],"version-history":[{"count":0,"href":"https:\/\/fts.you2.pl\/en\/wp-json\/wp\/v2\/pages\/19934\/revisions"}],"wp:attachment":[{"href":"https:\/\/fts.you2.pl\/en\/wp-json\/wp\/v2\/media?parent=19934"}],"curies":[{"name":"wp","href":"https:\/\/api.w.org\/{rel}","templated":true}]}}