{"id":20,"date":"2025-09-13T14:06:13","date_gmt":"2025-09-13T12:06:13","guid":{"rendered":"https:\/\/fts.you2.pl\/?page_id=20"},"modified":"2025-09-13T14:06:13","modified_gmt":"2025-09-13T12:06:13","slug":"sprzedaj-koszulke","status":"publish","type":"page","link":"https:\/\/fts.you2.pl\/en\/sprzedaj-koszulke\/","title":{"rendered":"Sprzedaj koszulk\u0119"},"content":{"rendered":"<style>.wp-block-kadence-advancedheading.kt-adv-heading20_b77263-35, .wp-block-kadence-advancedheading.kt-adv-heading20_b77263-35[data-kb-block=\"kb-adv-heading20_b77263-35\"]{text-align:center;font-style:normal;}.wp-block-kadence-advancedheading.kt-adv-heading20_b77263-35 mark.kt-highlight, .wp-block-kadence-advancedheading.kt-adv-heading20_b77263-35[data-kb-block=\"kb-adv-heading20_b77263-35\"] mark.kt-highlight{font-style:normal;color:#f76a0c;-webkit-box-decoration-break:clone;box-decoration-break:clone;padding-top:0px;padding-right:0px;padding-bottom:0px;padding-left:0px;}<\/style>\n<h1 class=\"kt-adv-heading20_b77263-35 wp-block-kadence-advancedheading\" data-kb-block=\"kb-adv-heading20_b77263-35\">Sprzedaj koszulk\u0119<\/h1>\n\n\n\n<p class=\"has-text-align-center\"><span style=\"font-size: 16pt;\">Poza sprzeda\u017c\u0105 koszulek, r\u00f3wnie\u017c je kupujemy. Je\u015bli posiadasz co\u015b, co w twojej opinii mog\u0142oby nas zainteresowa\u0107 i chcia\u0142\/aby\u015b wymieni\u0107 to na szybk\u0105 got\u00f3wk\u0119, nie omieszkaj si\u0119 z nami skontaktowa\u0107!<\/span><\/p>\n\n\n\n<p class=\"has-text-align-center\"><span style=\"font-size: 8.5pt;\">&nbsp;<\/span><\/p>\n\n\n\n<p>&nbsp;<\/p>\n\n\n\n<p class=\"has-text-align-center\"><span style=\"font-size: 16pt;\">kontakt@footballthrift.shop<\/span><\/p>","protected":false},"excerpt":{"rendered":"<p>Sprzedaj koszulk\u0119 Poza sprzeda\u017c\u0105 koszulek, r\u00f3wnie\u017c je kupujemy. Je\u015bli posiadasz co\u015b, co w twojej opinii mog\u0142oby nas zainteresowa\u0107 i chcia\u0142\/aby\u015b wymieni\u0107 to na szybk\u0105 got\u00f3wk\u0119, nie omieszkaj si\u0119 z nami skontaktowa\u0107! &nbsp; &nbsp; kontakt@footballthrift.shop<\/p>","protected":false},"author":1,"featured_media":0,"parent":0,"menu_order":0,"comment_status":"closed","ping_status":"closed","template":"","meta":{"_kad_blocks_custom_css":"","_kad_blocks_head_custom_js":"","_kad_blocks_body_custom_js":"","_kad_blocks_footer_custom_js":"","_kad_post_transparent":"","_kad_post_title":"","_kad_post_layout":"","_kad_post_sidebar_id":"","_kad_post_content_style":"","_kad_post_vertical_padding":"","_kad_post_feature":"","_kad_post_feature_position":"","_kad_post_header":false,"_kad_post_footer":false,"footnotes":""},"class_list":["post-20","page","type-page","status-publish","hentry"],"taxonomy_info":[],"featured_image_src_large":false,"author_info":{"display_name":"admin","author_link":"https:\/\/fts.you2.pl\/en\/author\/admin\/"},"comment_info":0,"_links":{"self":[{"href":"https:\/\/fts.you2.pl\/en\/wp-json\/wp\/v2\/pages\/20","targetHints":{"allow":["GET"]}}],"collection":[{"href":"https:\/\/fts.you2.pl\/en\/wp-json\/wp\/v2\/pages"}],"about":[{"href":"https:\/\/fts.you2.pl\/en\/wp-json\/wp\/v2\/types\/page"}],"author":[{"embeddable":true,"href":"https:\/\/fts.you2.pl\/en\/wp-json\/wp\/v2\/users\/1"}],"replies":[{"embeddable":true,"href":"https:\/\/fts.you2.pl\/en\/wp-json\/wp\/v2\/comments?post=20"}],"version-history":[{"count":1,"href":"https:\/\/fts.you2.pl\/en\/wp-json\/wp\/v2\/pages\/20\/revisions"}],"predecessor-version":[{"id":21,"href":"https:\/\/fts.you2.pl\/en\/wp-json\/wp\/v2\/pages\/20\/revisions\/21"}],"wp:attachment":[{"href":"https:\/\/fts.you2.pl\/en\/wp-json\/wp\/v2\/media?parent=20"}],"curies":[{"name":"wp","href":"https:\/\/api.w.org\/{rel}","templated":true}]}}