{"id":1731,"date":"2021-10-08T16:06:32","date_gmt":"2021-10-08T14:06:32","guid":{"rendered":"https:\/\/fts.you2.pl\/index.php\/produkt\/besiktas-2014-15-third-s\/"},"modified":"2025-09-18T08:50:50","modified_gmt":"2025-09-18T06:50:50","slug":"besiktas-2014-15-third-s","status":"publish","type":"product","link":"https:\/\/fts.you2.pl\/en\/besiktas-2014-15-third-s\/","title":{"rendered":"Koszulka pi\u0142karska Besiktas JK 2014\/15 Third [S]"},"content":{"rendered":"<p><strong>Klub: <\/strong>Besiktas JK<\/p>\n<p><strong>Sezon: <\/strong>2014\/15 Third<\/p>\n<p><strong>Rozmiar: <\/strong>S<\/p>\n<p><strong>Stan:<\/strong> Bardzo dobry &#8211; drobne zaci\u0105gni\u0119cie na r\u0119kawku i ma\u0142e pomarszczenie nadruku sponsora.<\/p>\n<p><strong>Wymiary (szeroko\u015b\u0107 pod pachami\/d\u0142ugo\u015b\u0107):\u00a0<\/strong>44\/68 &#8211; wymiary pasuj\u0105 na XS.<\/p>","protected":false},"excerpt":{"rendered":"<p data-start=\"0\" data-end=\"105\">Oryginalna <strong data-start=\"11\" data-end=\"79\">koszulka pi\u0142karska Be\u015fikta\u015f JK z sezonu 2014\/15 \u2013 trzeci komplet<\/strong> \u2013 produkcji <strong data-start=\"92\" data-end=\"102\">Adidas<\/strong>.<\/p>\n<p data-start=\"107\" data-end=\"462\">Ta wyj\u0105tkowa <strong data-start=\"120\" data-end=\"158\">trzecia koszulka Be\u015fikta\u015fu 2014\/15<\/strong>, wyprodukowana przez <strong data-start=\"180\" data-end=\"191\">Adidasa<\/strong>, wyr\u00f3\u017cnia si\u0119 eleganckim <strong data-start=\"217\" data-end=\"238\">czerwonym kolorem<\/strong>, kt\u00f3ry stanowi ciekaw\u0105 alternatyw\u0119 wobec tradycyjnych barw klubu. Na froncie umieszczono logo g\u0142\u00f3wnego sponsora <strong data-start=\"351\" data-end=\"363\">Vodafone<\/strong>, a na plecach charakterystyczny nadruk <strong data-start=\"403\" data-end=\"411\">Beko<\/strong>, co podkre\u015bla autentyczny charakter tego modelu.<\/p>\n<p data-start=\"464\" data-end=\"656\">Koszulka posiada herb <strong data-start=\"486\" data-end=\"501\">Be\u015fikta\u015f JK<\/strong> oraz logo <strong data-start=\"512\" data-end=\"523\">Adidasa<\/strong> na piersi, a ca\u0142o\u015b\u0107 wykonana zosta\u0142a z lekkiego i oddychaj\u0105cego materia\u0142u, gwarantuj\u0105cego komfort podczas gry i nowoczesny wygl\u0105d.<\/p>\n<p data-start=\"658\" data-end=\"947\">Sezon 2014\/15 by\u0142 dla <strong data-start=\"680\" data-end=\"693\">Be\u015fikta\u015fu<\/strong> czasem intensywnej rywalizacji w <strong data-start=\"727\" data-end=\"740\">S\u00fcper Lig<\/strong> i rozgrywkach europejskich, co nadaje koszulce dodatkow\u0105 warto\u015b\u0107 kolekcjonersk\u0105. To model ceniony zar\u00f3wno przez fan\u00f3w klubu, jak i kolekcjoner\u00f3w <strong data-start=\"886\" data-end=\"923\">oryginalnych koszulek pi\u0142karskich<\/strong> o unikalnym designie.<\/p>","protected":false},"featured_media":3379,"template":"","meta":{"_kad_blocks_custom_css":"","_kad_blocks_head_custom_js":"","_kad_blocks_body_custom_js":"","_kad_blocks_footer_custom_js":"","_kad_post_transparent":"","_kad_post_title":"","_kad_post_layout":"","_kad_post_sidebar_id":"","_kad_post_content_style":"","_kad_post_vertical_padding":"","_kad_post_feature":"","_kad_post_feature_position":"","_kad_post_header":false,"_kad_post_footer":false},"product_brand":[45],"product_cat":[31,50,51],"product_tag":[],"class_list":{"0":"post-1731","1":"product","2":"type-product","3":"status-publish","4":"has-post-thumbnail","6":"product_brand-adidas","7":"product_cat-kluby-europejskie","8":"product_cat-kluby-europejskie-kluby-europejskie","9":"product_cat-turcja","10":"pa_location-filip","11":"pa_rozmiar-s","12":"pa_sezon-2014-15","14":"first","15":"instock","16":"taxable","17":"shipping-taxable","18":"purchasable","19":"product-type-simple","20":"entry","21":"content-bg","22":"loop-entry"},"taxonomy_info":{"product_brand":[{"value":45,"label":"Adidas"}],"product_cat":[{"value":31,"label":"Kluby Europejskie"},{"value":50,"label":"Kluby Europejskie"},{"value":51,"label":"Turcja"}],"pa_location":[{"value":18,"label":"FILIP"}],"pa_rozmiar":[{"value":19,"label":"S"}],"pa_sezon":[{"value":49,"label":"2014\/15"}]},"featured_image_src_large":["https:\/\/fts.you2.pl\/wp-content\/uploads\/2025\/09\/12161-Besiktas-JK-201415-Third-S-1024x1024.jpg",1024,1024,true],"author_info":[],"comment_info":"","_links":{"self":[{"href":"https:\/\/fts.you2.pl\/en\/wp-json\/wp\/v2\/product\/1731","targetHints":{"allow":["GET"]}}],"collection":[{"href":"https:\/\/fts.you2.pl\/en\/wp-json\/wp\/v2\/product"}],"about":[{"href":"https:\/\/fts.you2.pl\/en\/wp-json\/wp\/v2\/types\/product"}],"wp:featuredmedia":[{"embeddable":true,"href":"https:\/\/fts.you2.pl\/en\/wp-json\/wp\/v2\/media\/3379"}],"wp:attachment":[{"href":"https:\/\/fts.you2.pl\/en\/wp-json\/wp\/v2\/media?parent=1731"}],"wp:term":[{"taxonomy":"product_brand","embeddable":true,"href":"https:\/\/fts.you2.pl\/en\/wp-json\/wp\/v2\/product_brand?post=1731"},{"taxonomy":"product_cat","embeddable":true,"href":"https:\/\/fts.you2.pl\/en\/wp-json\/wp\/v2\/product_cat?post=1731"},{"taxonomy":"product_tag","embeddable":true,"href":"https:\/\/fts.you2.pl\/en\/wp-json\/wp\/v2\/product_tag?post=1731"}],"curies":[{"name":"wp","href":"https:\/\/api.w.org\/{rel}","templated":true}]}}