{"id":1732,"date":"2021-10-08T16:06:33","date_gmt":"2021-10-08T14:06:33","guid":{"rendered":"https:\/\/fts.you2.pl\/index.php\/produkt\/blackburn-rovers-1996-98-home-m\/"},"modified":"2025-09-18T08:52:41","modified_gmt":"2025-09-18T06:52:41","slug":"blackburn-rovers-1996-98-home-m","status":"publish","type":"product","link":"https:\/\/fts.you2.pl\/en\/blackburn-rovers-1996-98-home-m\/","title":{"rendered":"Koszulka pi\u0142karska Blackburn Rovers FC 1996\/98 Home [M]"},"content":{"rendered":"<p><strong>Klub: <\/strong>Blackburn Rovers FC<\/p>\n<p><strong>Sezon: <\/strong>1996\/98 Home<\/p>\n<p><strong>Rozmiar: <\/strong>M<\/p>\n<p><strong>Wymiary (szeroko\u015b\u0107 pod pachami\/d\u0142ugo\u015b\u0107) w cm:\u00a0<\/strong>52\/75<\/p>\n<p><strong>Stan:<\/strong> Bardzo dobry &#8211; kilka mikro zaci\u0105gni\u0119\u0107 z ty\u0142u koszulki.<\/p>","protected":false},"excerpt":{"rendered":"<p data-start=\"0\" data-end=\"98\">Oryginalna <strong data-start=\"11\" data-end=\"73\">koszulka pi\u0142karska Blackburn Rovers FC z sezon\u00f3w 1996\u20131998<\/strong> \u2013 produkcji <strong data-start=\"86\" data-end=\"95\">Asics<\/strong>.<\/p>\n<p data-start=\"100\" data-end=\"478\">Ta klasyczna <strong data-start=\"113\" data-end=\"157\">domowa koszulka Blackburn Rovers 1996\u201398<\/strong>, stworzona przez <strong data-start=\"175\" data-end=\"185\">Asicsa<\/strong>, utrzymana jest w tradycyjnych barwach klubu \u2013 <strong data-start=\"233\" data-end=\"254\">bia\u0142o-niebieskich<\/strong>, kt\u00f3re od lat stanowi\u0105 znak rozpoznawczy dru\u017cyny z Ewood Park. Na froncie widnieje logo sponsora <strong data-start=\"352\" data-end=\"359\">CIS<\/strong>, a ca\u0142o\u015b\u0107 uzupe\u0142niaj\u0105 herb <strong data-start=\"387\" data-end=\"410\">Blackburn Rovers FC<\/strong> oraz znak producenta, podkre\u015blaj\u0105ce autentyczny charakter stroju.<\/p>\n<p data-start=\"480\" data-end=\"763\">Koszulka wyr\u00f3\u017cnia si\u0119 eleganckim, ponadczasowym designem oraz solidnym wykonaniem, typowym dla projekt\u00f3w <strong data-start=\"585\" data-end=\"595\">Asicsa<\/strong> z lat 90. Jej lu\u017aniejszy, klasyczny kr\u00f3j zapewnia wygod\u0119 i swobod\u0119 ruch\u00f3w, a jednocze\u015bnie oddaje klimat epoki, w kt\u00f3rej pi\u0142ka angielska prze\u017cywa\u0142a dynamiczny rozw\u00f3j.<\/p>\n<p data-start=\"765\" data-end=\"997\">Model z lat 1996\u201398 to dzi\u015b prawdziwa <strong data-start=\"803\" data-end=\"829\">pere\u0142ka kolekcjonerska<\/strong>, ceniona przez fan\u00f3w <strong data-start=\"851\" data-end=\"881\">retro koszulek pi\u0142karskich<\/strong>. \u0141\u0105czy w sobie <strong data-start=\"897\" data-end=\"927\">pi\u0119kno klasycznego designu<\/strong>, bogat\u0105 histori\u0119 Blackburn Rovers oraz ducha Premier League lat 90.<\/p>","protected":false},"featured_media":3387,"template":"","meta":{"_kad_blocks_custom_css":"","_kad_blocks_head_custom_js":"","_kad_blocks_body_custom_js":"","_kad_blocks_footer_custom_js":"","_kad_post_transparent":"","_kad_post_title":"","_kad_post_layout":"","_kad_post_sidebar_id":"","_kad_post_content_style":"","_kad_post_vertical_padding":"","_kad_post_feature":"","_kad_post_feature_position":"","_kad_post_header":false,"_kad_post_footer":false},"product_brand":[53],"product_cat":[32,31,33],"product_tag":[],"class_list":{"0":"post-1732","1":"product","2":"type-product","3":"status-publish","4":"has-post-thumbnail","6":"product_brand-asics","7":"product_cat-kluby-angielskie","8":"product_cat-kluby-europejskie","9":"product_cat-pozostale-kluby-angielskie","10":"pa_location-filip","11":"pa_rozmiar-m","12":"pa_sezon-1996-98","14":"first","15":"instock","16":"taxable","17":"shipping-taxable","18":"purchasable","19":"product-type-simple","20":"entry","21":"content-bg","22":"loop-entry"},"taxonomy_info":{"product_brand":[{"value":53,"label":"Asics"}],"product_cat":[{"value":32,"label":"Kluby Angielskie"},{"value":31,"label":"Kluby Europejskie"},{"value":33,"label":"Pozosta\u0142e kluby angielskie"}],"pa_location":[{"value":18,"label":"FILIP"}],"pa_rozmiar":[{"value":28,"label":"M"}],"pa_sezon":[{"value":52,"label":"1996\/98"}]},"featured_image_src_large":["https:\/\/fts.you2.pl\/wp-content\/uploads\/2025\/09\/13816-Blackburn-Rovers-FC-199698-Home-M-1024x1024.jpg",1024,1024,true],"author_info":[],"comment_info":"","_links":{"self":[{"href":"https:\/\/fts.you2.pl\/en\/wp-json\/wp\/v2\/product\/1732","targetHints":{"allow":["GET"]}}],"collection":[{"href":"https:\/\/fts.you2.pl\/en\/wp-json\/wp\/v2\/product"}],"about":[{"href":"https:\/\/fts.you2.pl\/en\/wp-json\/wp\/v2\/types\/product"}],"wp:featuredmedia":[{"embeddable":true,"href":"https:\/\/fts.you2.pl\/en\/wp-json\/wp\/v2\/media\/3387"}],"wp:attachment":[{"href":"https:\/\/fts.you2.pl\/en\/wp-json\/wp\/v2\/media?parent=1732"}],"wp:term":[{"taxonomy":"product_brand","embeddable":true,"href":"https:\/\/fts.you2.pl\/en\/wp-json\/wp\/v2\/product_brand?post=1732"},{"taxonomy":"product_cat","embeddable":true,"href":"https:\/\/fts.you2.pl\/en\/wp-json\/wp\/v2\/product_cat?post=1732"},{"taxonomy":"product_tag","embeddable":true,"href":"https:\/\/fts.you2.pl\/en\/wp-json\/wp\/v2\/product_tag?post=1732"}],"curies":[{"name":"wp","href":"https:\/\/api.w.org\/{rel}","templated":true}]}}