{"id":1733,"date":"2021-10-08T16:06:35","date_gmt":"2021-10-08T14:06:35","guid":{"rendered":"https:\/\/fts.you2.pl\/index.php\/produkt\/bluza-boca-juniors-l\/"},"modified":"2025-09-18T08:54:27","modified_gmt":"2025-09-18T06:54:27","slug":"bluza-boca-juniors-l","status":"publish","type":"product","link":"https:\/\/fts.you2.pl\/en\/bluza-boca-juniors-l\/","title":{"rendered":"Bluza Boca Juniors [L]"},"content":{"rendered":"<p><strong>Klub: <\/strong>Boca Juniors<\/p>\n<p><strong>Rozmiar: <\/strong>L<\/p>\n<p><strong>Wymiary (szeroko\u015b\u0107 pod pachami\/d\u0142ugo\u015b\u0107) w cm:\u00a0<\/strong>54\/69<\/p>\n<p><strong>Stan:<\/strong> Bardzo dobry &#8211; kilka drobnych zabrudze\u0144<\/p>","protected":false},"excerpt":{"rendered":"<p data-start=\"0\" data-end=\"84\">Oryginalna <strong data-start=\"11\" data-end=\"43\">bluza pi\u0142karska Boca Juniors<\/strong> z d\u0142ugim r\u0119kawem \u2013 produkcji <strong data-start=\"73\" data-end=\"81\">Nike<\/strong>.<\/p>\n<p data-start=\"86\" data-end=\"474\">Ta elegancka <strong data-start=\"99\" data-end=\"126\">bluza Boca Juniors Nike<\/strong> utrzymana jest w klasycznym <strong data-start=\"155\" data-end=\"173\">bia\u0142ym kolorze<\/strong>, z charakterystycznym <strong data-start=\"196\" data-end=\"230\">niebieskim paskiem na r\u0119kawach<\/strong>, nawi\u0105zuj\u0105cym do tradycyjnych barw klubu. Na plecach znajduje si\u0119 du\u017cy napis <strong data-start=\"308\" data-end=\"316\">CABJ<\/strong>, symbolizuj\u0105cy nazw\u0119 dru\u017cyny, a po lewej stronie piersi widnieje oficjalny herb <strong data-start=\"397\" data-end=\"413\">Boca Juniors<\/strong>, podkre\u015blaj\u0105cy autentyczno\u015b\u0107 i oficjalny charakter modelu.<\/p>\n<p data-start=\"476\" data-end=\"775\">Bluza wykonana z wysokiej jako\u015bci materia\u0142\u00f3w zapewnia komfort, ciep\u0142o i swobod\u0119 ruch\u00f3w, idealnie nadaj\u0105c si\u0119 zar\u00f3wno do codziennego noszenia, jak i lekkich trening\u00f3w. <strong data-start=\"643\" data-end=\"680\">Klasyczny kr\u00f3j i stonowany design<\/strong> sprawiaj\u0105, \u017ce model jest ponadczasowy i doskonale wpisuje si\u0119 w kolekcj\u0119 fan\u00f3w Boca Juniors.<\/p>\n<p data-start=\"777\" data-end=\"990\">To doskona\u0142y wyb\u00f3r dla kibic\u00f3w klubu, kolekcjoner\u00f3w <strong data-start=\"829\" data-end=\"864\">oficjalnych stroj\u00f3w pi\u0142karskich<\/strong> oraz os\u00f3b ceni\u0105cych <strong data-start=\"885\" data-end=\"923\">stylowe i funkcjonalne bluzy retro<\/strong> w barwach jednej z najbardziej rozpoznawalnych dru\u017cyn Argentyny.<\/p>","protected":false},"featured_media":3395,"template":"","meta":{"_kad_blocks_custom_css":"","_kad_blocks_head_custom_js":"","_kad_blocks_body_custom_js":"","_kad_blocks_footer_custom_js":"","_kad_post_transparent":"","_kad_post_title":"","_kad_post_layout":"","_kad_post_sidebar_id":"","_kad_post_content_style":"","_kad_post_vertical_padding":"","_kad_post_feature":"","_kad_post_feature_position":"","_kad_post_header":false,"_kad_post_footer":false},"product_brand":[55],"product_cat":[56,25,36,26],"product_tag":[],"class_list":{"0":"post-1733","1":"product","2":"type-product","3":"status-publish","4":"has-post-thumbnail","6":"product_brand-nike","7":"product_cat-ameryka-poludniowa","8":"product_cat-inne","9":"product_cat-kluby-reszty-swiata","10":"product_cat-kurtki-bluzy-trening","11":"pa_location-filip","12":"pa_rozmiar-l","14":"first","15":"instock","16":"taxable","17":"shipping-taxable","18":"purchasable","19":"product-type-simple","20":"entry","21":"content-bg","22":"loop-entry"},"taxonomy_info":{"product_brand":[{"value":55,"label":"Nike"}],"product_cat":[{"value":56,"label":"Ameryka Po\u0142udniowa"},{"value":25,"label":"Inne"},{"value":36,"label":"Kluby Reszty \u015awiata"},{"value":26,"label":"Kurtki\/bluzy\/trening"}],"pa_location":[{"value":18,"label":"FILIP"}],"pa_rozmiar":[{"value":39,"label":"L"}]},"featured_image_src_large":["https:\/\/fts.you2.pl\/wp-content\/uploads\/2025\/09\/13662-Bluza-Boca-Juniors-L-1024x1024.jpg",1024,1024,true],"author_info":[],"comment_info":"","_links":{"self":[{"href":"https:\/\/fts.you2.pl\/en\/wp-json\/wp\/v2\/product\/1733","targetHints":{"allow":["GET"]}}],"collection":[{"href":"https:\/\/fts.you2.pl\/en\/wp-json\/wp\/v2\/product"}],"about":[{"href":"https:\/\/fts.you2.pl\/en\/wp-json\/wp\/v2\/types\/product"}],"wp:featuredmedia":[{"embeddable":true,"href":"https:\/\/fts.you2.pl\/en\/wp-json\/wp\/v2\/media\/3395"}],"wp:attachment":[{"href":"https:\/\/fts.you2.pl\/en\/wp-json\/wp\/v2\/media?parent=1733"}],"wp:term":[{"taxonomy":"product_brand","embeddable":true,"href":"https:\/\/fts.you2.pl\/en\/wp-json\/wp\/v2\/product_brand?post=1733"},{"taxonomy":"product_cat","embeddable":true,"href":"https:\/\/fts.you2.pl\/en\/wp-json\/wp\/v2\/product_cat?post=1733"},{"taxonomy":"product_tag","embeddable":true,"href":"https:\/\/fts.you2.pl\/en\/wp-json\/wp\/v2\/product_tag?post=1733"}],"curies":[{"name":"wp","href":"https:\/\/api.w.org\/{rel}","templated":true}]}}