{"id":1738,"date":"2021-10-08T16:06:50","date_gmt":"2021-10-08T14:06:50","guid":{"rendered":"https:\/\/fts.you2.pl\/index.php\/produkt\/borussia-monchengladbach-2017-18-home-xl\/"},"modified":"2025-09-18T09:03:14","modified_gmt":"2025-09-18T07:03:14","slug":"borussia-monchengladbach-2017-18-home-xl","status":"publish","type":"product","link":"https:\/\/fts.you2.pl\/en\/borussia-monchengladbach-2017-18-home-xl\/","title":{"rendered":"Koszulka pi\u0142karska Borussia Monchengladbach 2017\/18 Home [XL]"},"content":{"rendered":"<p><strong>Klub: <\/strong>Borussia Monchengladbach<\/p>\n<p><strong>Sezon: <\/strong>2017\/18 Home<\/p>\n<p><strong>Rozmiar: <\/strong>XL<\/p>\n<p><strong>Wymiary (szeroko\u015b\u0107 pod pachami\/d\u0142ugo\u015b\u0107) w cm:\u00a0<\/strong>57\/75<\/p>\n<p><strong>Stan:<\/strong> Bardzo dobry &#8211; niewielkie zabrudzenia na plecach.<\/p>","protected":false},"excerpt":{"rendered":"<p data-start=\"0\" data-end=\"109\">Oryginalna <strong data-start=\"11\" data-end=\"84\">koszulka pi\u0142karska Borussia M\u00f6nchengladbach z sezonu 2017\/18 \u2013 domowa<\/strong> \u2013 produkcji <strong data-start=\"97\" data-end=\"106\">Kappa<\/strong>.<\/p>\n<p data-start=\"111\" data-end=\"508\">Ta klasyczna <strong data-start=\"124\" data-end=\"176\">domowa koszulka Borussia M\u00f6nchengladbach 2017\/18<\/strong> utrzymana jest w <strong data-start=\"194\" data-end=\"213\">bia\u0142ych barwach<\/strong>, z kontrastuj\u0105cymi <strong data-start=\"233\" data-end=\"254\">czarnymi r\u0119kawami<\/strong> oraz subtelnymi akcentami po bokach, kt\u00f3re nadaj\u0105 modelowi nowoczesny i elegancki charakter. Na froncie widnieje logo sponsora <strong data-start=\"382\" data-end=\"394\">Postbank<\/strong>, a po lewej stronie piersi umieszczono herb <strong data-start=\"439\" data-end=\"467\">Borussia M\u00f6nchengladbach<\/strong>, podkre\u015blaj\u0105cy autentyczno\u015b\u0107 koszulki.<\/p>\n<p data-start=\"510\" data-end=\"784\">Koszulka wykonana jest z lekkiego, oddychaj\u0105cego i elastycznego materia\u0142u, zapewniaj\u0105cego komfort, swobod\u0119 ruch\u00f3w oraz optymaln\u0105 wentylacj\u0119 podczas gry. Klasyczny kr\u00f3j i nowoczesny design <strong data-start=\"698\" data-end=\"707\">Kappy<\/strong> sprawiaj\u0105, \u017ce model jest zar\u00f3wno funkcjonalny, jak i atrakcyjny wizualnie.<\/p>\n<p data-start=\"786\" data-end=\"1019\">To idealny wyb\u00f3r dla fan\u00f3w <strong data-start=\"813\" data-end=\"827\">Bundesligi<\/strong>, kolekcjoner\u00f3w <strong data-start=\"843\" data-end=\"880\">oryginalnych koszulek pi\u0142karskich<\/strong> oraz os\u00f3b ceni\u0105cych <strong data-start=\"901\" data-end=\"960\">nowoczesny sportowy design w barwach tradycyjnego klubu<\/strong>, \u0142\u0105cz\u0105cy w sobie komfort, styl i profesjonalny standard.<\/p>","protected":false},"featured_media":3430,"template":"","meta":{"_kad_blocks_custom_css":"","_kad_blocks_head_custom_js":"","_kad_blocks_body_custom_js":"","_kad_blocks_footer_custom_js":"","_kad_post_transparent":"","_kad_post_title":"","_kad_post_layout":"","_kad_post_sidebar_id":"","_kad_post_content_style":"","_kad_post_vertical_padding":"","_kad_post_feature":"","_kad_post_feature_position":"","_kad_post_header":false,"_kad_post_footer":false},"product_brand":[35],"product_cat":[67,31,46],"product_tag":[],"class_list":{"0":"post-1738","1":"product","2":"type-product","3":"status-publish","4":"has-post-thumbnail","6":"product_brand-kappa","7":"product_cat-borussia-monchengladbach","8":"product_cat-kluby-europejskie","9":"product_cat-kluby-niemieckie","10":"pa_location-filip","11":"pa_rozmiar-xl","12":"pa_sezon-2017-18","14":"first","15":"instock","16":"taxable","17":"shipping-taxable","18":"purchasable","19":"product-type-simple","20":"entry","21":"content-bg","22":"loop-entry"},"taxonomy_info":{"product_brand":[{"value":35,"label":"Kappa"}],"product_cat":[{"value":67,"label":"Borussia M\u00f6nchengladbach"},{"value":31,"label":"Kluby Europejskie"},{"value":46,"label":"Kluby Niemieckie"}],"pa_location":[{"value":18,"label":"FILIP"}],"pa_rozmiar":[{"value":57,"label":"XL"}],"pa_sezon":[{"value":70,"label":"2017\/18"}]},"featured_image_src_large":["https:\/\/fts.you2.pl\/wp-content\/uploads\/2025\/09\/9582-Borussia-Monchengladbach-201718-Home-XL-1024x1024.jpg",1024,1024,true],"author_info":[],"comment_info":"","_links":{"self":[{"href":"https:\/\/fts.you2.pl\/en\/wp-json\/wp\/v2\/product\/1738","targetHints":{"allow":["GET"]}}],"collection":[{"href":"https:\/\/fts.you2.pl\/en\/wp-json\/wp\/v2\/product"}],"about":[{"href":"https:\/\/fts.you2.pl\/en\/wp-json\/wp\/v2\/types\/product"}],"wp:featuredmedia":[{"embeddable":true,"href":"https:\/\/fts.you2.pl\/en\/wp-json\/wp\/v2\/media\/3430"}],"wp:attachment":[{"href":"https:\/\/fts.you2.pl\/en\/wp-json\/wp\/v2\/media?parent=1738"}],"wp:term":[{"taxonomy":"product_brand","embeddable":true,"href":"https:\/\/fts.you2.pl\/en\/wp-json\/wp\/v2\/product_brand?post=1738"},{"taxonomy":"product_cat","embeddable":true,"href":"https:\/\/fts.you2.pl\/en\/wp-json\/wp\/v2\/product_cat?post=1738"},{"taxonomy":"product_tag","embeddable":true,"href":"https:\/\/fts.you2.pl\/en\/wp-json\/wp\/v2\/product_tag?post=1738"}],"curies":[{"name":"wp","href":"https:\/\/api.w.org\/{rel}","templated":true}]}}