{"id":1742,"date":"2021-10-08T16:07:05","date_gmt":"2021-10-08T14:07:05","guid":{"rendered":"https:\/\/fts.you2.pl\/index.php\/produkt\/cd-tenerife-1999-00-away-l\/"},"modified":"2025-09-18T10:15:13","modified_gmt":"2025-09-18T08:15:13","slug":"cd-tenerife-1999-00-away-l","status":"publish","type":"product","link":"https:\/\/fts.you2.pl\/en\/cd-tenerife-1999-00-away-l\/","title":{"rendered":"Koszulka pi\u0142karska CD Tenerife 1999\/00 Away [L]"},"content":{"rendered":"<p><strong>Klub: <\/strong>CD Tenerife<\/p>\n<p><strong>Sezon: <\/strong>1999\/00 Away<\/p>\n<p><strong>Rozmiar: <\/strong>L<\/p>\n<p><strong>Wymiary (szeroko\u015b\u0107 pod pachami\/d\u0142ugo\u015b\u0107) w cm:\u00a0<\/strong>64\/73<\/p>\n<p><strong>Stan:<\/strong> Bardzo dobry &#8211; jedno zabrudzenie z ty\u0142u koszulki.<\/p>","protected":false},"excerpt":{"rendered":"<p data-start=\"0\" data-end=\"96\">Oryginalna <strong data-start=\"11\" data-end=\"72\">wyjazdowa koszulka pi\u0142karska CD Tenerife z sezonu 1999\/00<\/strong> \u2013 produkcji <strong data-start=\"85\" data-end=\"93\">Puma<\/strong>.<\/p>\n<p data-start=\"98\" data-end=\"529\">Ta wyj\u0105tkowa <strong data-start=\"111\" data-end=\"153\">wyjazdowa koszulka CD Tenerife 1999\/00<\/strong> utrzymana jest w eleganckim <strong data-start=\"182\" data-end=\"203\">b\u0142\u0119kitnym kolorze<\/strong>, charakterystycznym dla dru\u017cyny z Wysp Kanaryjskich. Na piersi znajduje si\u0119 herb <strong data-start=\"285\" data-end=\"300\">CD Tenerife<\/strong>, podkre\u015blaj\u0105cy autentyczno\u015b\u0107 i klubow\u0105 przynale\u017cno\u015b\u0107 stroju. Model wyr\u00f3\u017cnia si\u0119 klasycznym krojem i wysokiej jako\u015bci materia\u0142em, typowym dla projekt\u00f3w <strong data-start=\"452\" data-end=\"460\">Pumy<\/strong> z ko\u0144ca lat 90., gwarantuj\u0105c komfort i swobod\u0119 ruch\u00f3w podczas gry.<\/p>\n<p data-start=\"531\" data-end=\"813\">CD Tenerife to klub z siedzib\u0105 na s\u0142onecznej wyspie Teneryfa, kt\u00f3rego mecze domowe odbywaj\u0105 si\u0119 na <strong data-start=\"630\" data-end=\"667\">Estadio Heliodoro Rodr\u00edguez L\u00f3pez<\/strong> \u2013 jednym z najstarszych i najbardziej malowniczo po\u0142o\u017conych stadion\u00f3w Hiszpanii, oferuj\u0105cym widok na wulkan Teide i otaczaj\u0105cy krajobraz wyspy.<\/p>\n<p data-start=\"815\" data-end=\"1052\">To doskona\u0142a propozycja dla fan\u00f3w <strong data-start=\"849\" data-end=\"874\">hiszpa\u0144skiego futbolu<\/strong>, kolekcjoner\u00f3w <strong data-start=\"890\" data-end=\"921\">oryginalnych koszulek retro<\/strong> oraz os\u00f3b ceni\u0105cych <strong data-start=\"942\" data-end=\"989\">stylowy design w klubowych barwach Teneryfy<\/strong>, \u0142\u0105cz\u0105cy histori\u0119, lokalny klimat i sportow\u0105 funkcjonalno\u015b\u0107.<\/p>","protected":false},"featured_media":3466,"template":"","meta":{"_kad_blocks_custom_css":"","_kad_blocks_head_custom_js":"","_kad_blocks_body_custom_js":"","_kad_blocks_footer_custom_js":"","_kad_post_transparent":"","_kad_post_title":"","_kad_post_layout":"","_kad_post_sidebar_id":"","_kad_post_content_style":"","_kad_post_vertical_padding":"","_kad_post_feature":"","_kad_post_feature_position":"","_kad_post_header":false,"_kad_post_footer":false},"product_brand":[86],"product_cat":[31,87,88],"product_tag":[],"class_list":{"0":"post-1742","1":"product","2":"type-product","3":"status-publish","4":"has-post-thumbnail","6":"product_brand-puma","7":"product_cat-kluby-europejskie","8":"product_cat-kluby-hiszpanskie","9":"product_cat-pozostale-kluby-hiszpanskie","10":"pa_location-filip","11":"pa_rozmiar-l","12":"pa_sezon-1999-00","14":"first","15":"instock","16":"taxable","17":"shipping-taxable","18":"purchasable","19":"product-type-simple","20":"entry","21":"content-bg","22":"loop-entry"},"taxonomy_info":{"product_brand":[{"value":86,"label":"Puma"}],"product_cat":[{"value":31,"label":"Kluby Europejskie"},{"value":87,"label":"Kluby Hiszpa\u0144skie"},{"value":88,"label":"Pozosta\u0142e kluby hiszpa\u0144skie"}],"pa_location":[{"value":18,"label":"FILIP"}],"pa_rozmiar":[{"value":39,"label":"L"}],"pa_sezon":[{"value":85,"label":"1999\/00"}]},"featured_image_src_large":["https:\/\/fts.you2.pl\/wp-content\/uploads\/2025\/09\/13818-CD-Tenerife-199900-Away-L-1024x1024.jpg",1024,1024,true],"author_info":[],"comment_info":"","_links":{"self":[{"href":"https:\/\/fts.you2.pl\/en\/wp-json\/wp\/v2\/product\/1742","targetHints":{"allow":["GET"]}}],"collection":[{"href":"https:\/\/fts.you2.pl\/en\/wp-json\/wp\/v2\/product"}],"about":[{"href":"https:\/\/fts.you2.pl\/en\/wp-json\/wp\/v2\/types\/product"}],"wp:featuredmedia":[{"embeddable":true,"href":"https:\/\/fts.you2.pl\/en\/wp-json\/wp\/v2\/media\/3466"}],"wp:attachment":[{"href":"https:\/\/fts.you2.pl\/en\/wp-json\/wp\/v2\/media?parent=1742"}],"wp:term":[{"taxonomy":"product_brand","embeddable":true,"href":"https:\/\/fts.you2.pl\/en\/wp-json\/wp\/v2\/product_brand?post=1742"},{"taxonomy":"product_cat","embeddable":true,"href":"https:\/\/fts.you2.pl\/en\/wp-json\/wp\/v2\/product_cat?post=1742"},{"taxonomy":"product_tag","embeddable":true,"href":"https:\/\/fts.you2.pl\/en\/wp-json\/wp\/v2\/product_tag?post=1742"}],"curies":[{"name":"wp","href":"https:\/\/api.w.org\/{rel}","templated":true}]}}