{"id":1743,"date":"2021-10-08T16:07:18","date_gmt":"2021-10-08T14:07:18","guid":{"rendered":"https:\/\/fts.you2.pl\/index.php\/produkt\/chivas-usa-2005-home-m\/"},"modified":"2025-09-18T10:16:58","modified_gmt":"2025-09-18T08:16:58","slug":"chivas-usa-2005-home-m","status":"publish","type":"product","link":"https:\/\/fts.you2.pl\/en\/chivas-usa-2005-home-m\/","title":{"rendered":"Koszulka pi\u0142karska Chivas USA 2005 Home [M]"},"content":{"rendered":"<p><strong>Klub: <\/strong>Chivas USA<\/p>\n<p><strong>Sezon: <\/strong>2005 Home<\/p>\n<p><strong>Rozmiar: <\/strong>M<\/p>\n<p><strong>Wymiary (szeroko\u015b\u0107 pod pachami\/d\u0142ugo\u015b\u0107):\u00a0<\/strong>59\/75<\/p>\n<p><strong>Stan:<\/strong> Doskona\u0142y<\/p>","protected":false},"excerpt":{"rendered":"<p data-start=\"0\" data-end=\"93\">Oryginalna <strong data-start=\"11\" data-end=\"67\">koszulka pi\u0142karska Chivas USA z sezonu 2005 \u2013 domowa<\/strong> \u2013 produkcji <strong data-start=\"80\" data-end=\"90\">Adidas<\/strong>.<\/p>\n<p data-start=\"95\" data-end=\"590\">Ta klasyczna <strong data-start=\"108\" data-end=\"143\">domowa koszulka Chivas USA 2005<\/strong> utrzymana jest w charakterystycznym <strong data-start=\"180\" data-end=\"207\">bia\u0142o-czerwonym pasiaku<\/strong>, odwo\u0142uj\u0105cym si\u0119 do tradycyjnych barw macierzystego klubu CD Guadalajara. Na piersi znajduje si\u0119 herb <strong data-start=\"310\" data-end=\"324\">Chivas USA<\/strong>, a ca\u0142o\u015b\u0107 uzupe\u0142nia logo producenta <strong data-start=\"361\" data-end=\"371\">Adidas<\/strong>, podkre\u015blaj\u0105ce autentyczno\u015b\u0107 stroju. Model wyr\u00f3\u017cnia si\u0119 klasycznym krojem, lekkim i przewiewnym materia\u0142em, typowym dla stroj\u00f3w z po\u0142owy pierwszej dekady XXI wieku, zapewniaj\u0105cym komfort i swobod\u0119 ruch\u00f3w podczas gry.<\/p>\n<p data-start=\"592\" data-end=\"971\"><strong data-start=\"592\" data-end=\"607\">Ciekawostka<\/strong>: Chivas USA by\u0142o jednym z pierwszych ameryka\u0144skich klub\u00f3w powi\u0105zanych bezpo\u015brednio z tradycyjnym klubem zagranicznym \u2013 CD Guadalajara \u2013 co czyni\u0142o go unikalnym projektem w MLS. Dru\u017cyna z siedzib\u0105 w Los Angeles istnia\u0142a od 2005 do 2014 roku i ju\u017c <strong data-start=\"854\" data-end=\"870\">nie istnieje<\/strong>, ale w kr\u00f3tkim czasie zyska\u0142a wielu fan\u00f3w dzi\u0119ki swojemu charakterystycznemu stylowi gry i barwom.<\/p>\n<p data-start=\"973\" data-end=\"1182\">To doskona\u0142a propozycja dla fan\u00f3w <strong data-start=\"1007\" data-end=\"1014\">MLS<\/strong>, kolekcjoner\u00f3w <strong data-start=\"1030\" data-end=\"1067\">oryginalnych koszulek pi\u0142karskich<\/strong> oraz os\u00f3b szukaj\u0105cych <strong data-start=\"1090\" data-end=\"1127\">retro modeli z unikalnym designem<\/strong> i histori\u0105 powi\u0105zan\u0105 z legendarnym klubem z Meksyku.<\/p>","protected":false},"featured_media":3472,"template":"","meta":{"_kad_blocks_custom_css":"","_kad_blocks_head_custom_js":"","_kad_blocks_body_custom_js":"","_kad_blocks_footer_custom_js":"","_kad_post_transparent":"","_kad_post_title":"","_kad_post_layout":"","_kad_post_sidebar_id":"","_kad_post_content_style":"","_kad_post_vertical_padding":"","_kad_post_feature":"","_kad_post_feature_position":"","_kad_post_header":false,"_kad_post_footer":false},"product_brand":[45],"product_cat":[37,36],"product_tag":[],"class_list":{"0":"post-1743","1":"product","2":"type-product","3":"status-publish","4":"has-post-thumbnail","6":"product_brand-adidas","7":"product_cat-ameryka-srodkowa-i-polnocna","8":"product_cat-kluby-reszty-swiata","9":"pa_location-filip","10":"pa_rozmiar-m","11":"pa_sezon-89","13":"first","14":"instock","15":"taxable","16":"shipping-taxable","17":"purchasable","18":"product-type-simple","19":"entry","20":"content-bg","21":"loop-entry"},"taxonomy_info":{"product_brand":[{"value":45,"label":"Adidas"}],"product_cat":[{"value":37,"label":"Ameryka \u015arodkowa i P\u00f3\u0142nocna"},{"value":36,"label":"Kluby Reszty \u015awiata"}],"pa_location":[{"value":18,"label":"FILIP"}],"pa_rozmiar":[{"value":28,"label":"M"}],"pa_sezon":[{"value":89,"label":"2005"}]},"featured_image_src_large":["https:\/\/fts.you2.pl\/wp-content\/uploads\/2025\/09\/12166-Chivas-USA-2005-Home-M-1024x1024.jpg",1024,1024,true],"author_info":[],"comment_info":"","_links":{"self":[{"href":"https:\/\/fts.you2.pl\/en\/wp-json\/wp\/v2\/product\/1743","targetHints":{"allow":["GET"]}}],"collection":[{"href":"https:\/\/fts.you2.pl\/en\/wp-json\/wp\/v2\/product"}],"about":[{"href":"https:\/\/fts.you2.pl\/en\/wp-json\/wp\/v2\/types\/product"}],"wp:featuredmedia":[{"embeddable":true,"href":"https:\/\/fts.you2.pl\/en\/wp-json\/wp\/v2\/media\/3472"}],"wp:attachment":[{"href":"https:\/\/fts.you2.pl\/en\/wp-json\/wp\/v2\/media?parent=1743"}],"wp:term":[{"taxonomy":"product_brand","embeddable":true,"href":"https:\/\/fts.you2.pl\/en\/wp-json\/wp\/v2\/product_brand?post=1743"},{"taxonomy":"product_cat","embeddable":true,"href":"https:\/\/fts.you2.pl\/en\/wp-json\/wp\/v2\/product_cat?post=1743"},{"taxonomy":"product_tag","embeddable":true,"href":"https:\/\/fts.you2.pl\/en\/wp-json\/wp\/v2\/product_tag?post=1743"}],"curies":[{"name":"wp","href":"https:\/\/api.w.org\/{rel}","templated":true}]}}