{"id":1745,"date":"2021-10-08T16:07:33","date_gmt":"2021-10-08T14:07:33","guid":{"rendered":"https:\/\/fts.you2.pl\/index.php\/produkt\/espanyol-1997-98-home-xl\/"},"modified":"2025-09-18T10:19:37","modified_gmt":"2025-09-18T08:19:37","slug":"espanyol-1997-98-home-xl","status":"publish","type":"product","link":"https:\/\/fts.you2.pl\/en\/espanyol-1997-98-home-xl\/","title":{"rendered":"Koszulka pi\u0142karska RCD Espanyol 1997\/98 Home [XL]"},"content":{"rendered":"<p><strong>Klub: <\/strong>RCD Espanyol<\/p>\n<p><strong>Sezon: <\/strong>1997\/98 Home<\/p>\n<p><strong>Rozmiar: <\/strong>XL<\/p>\n<p><strong>Wymiary (szeroko\u015b\u0107 pod pachami\/d\u0142ugo\u015b\u0107) w cm:\u00a0<\/strong>59\/71<\/p>\n<p><strong>Stan:<\/strong> Dobry &#8211; kilka mniejszych b\u0105d\u017a wi\u0119kszych zaci\u0105gni\u0119\u0107, niebieska plamka na froncie, delikatny ubytek litery &#8222;R&#8221; w napisie na karku.<\/p>","protected":false},"excerpt":{"rendered":"<p data-start=\"0\" data-end=\"94\">Oryginalna <strong data-start=\"11\" data-end=\"70\">domowa koszulka pi\u0142karska RCD Espanyol z sezonu 1997\/98<\/strong> \u2013 produkcji <strong data-start=\"83\" data-end=\"91\">Puma<\/strong>.<\/p>\n<p data-start=\"96\" data-end=\"556\">Ta klasyczna <strong data-start=\"109\" data-end=\"146\">domowa koszulka Espanyolu 1997\/98<\/strong> utrzymana jest w tradycyjnych <strong data-start=\"177\" data-end=\"216\">bia\u0142o-niebieskich barwach klubowych<\/strong>, kt\u00f3re od lat kojarz\u0105 si\u0119 z dru\u017cyn\u0105 z Barcelony. Na \u015brodku koszulki znajduje si\u0119 logo sponsora <strong data-start=\"312\" data-end=\"320\">DANI<\/strong>, a po lewej stronie piersi umieszczono herb <strong data-start=\"365\" data-end=\"381\">RCD Espanyol<\/strong>, podkre\u015blaj\u0105cy autentyczno\u015b\u0107 modelu. Koszulka wykonana jest z wysokiej jako\u015bci materia\u0142u, zapewniaj\u0105cego komfort i swobod\u0119 ruch\u00f3w, typowego dla projekt\u00f3w <strong data-start=\"536\" data-end=\"544\">Pumy<\/strong> z lat 90.<\/p>\n<p data-start=\"558\" data-end=\"853\">Espanyol swoje mecze rozgrywa na <strong data-start=\"591\" data-end=\"607\">RCDE Stadium<\/strong> (znanym w\u00f3wczas jako Estadi Ol\u00edmpic Llu\u00eds Companys w okresie poprzedzaj\u0105cym budow\u0119 nowego stadionu), jednym z najbardziej charakterystycznych obiekt\u00f3w w Barcelonie, kt\u00f3ry go\u015bci\u0142 zar\u00f3wno ligowe spotkania La Liga, jak i mi\u0119dzynarodowe rozgrywki.<\/p>\n<p data-start=\"855\" data-end=\"1038\">To doskona\u0142a propozycja dla fan\u00f3w <strong data-start=\"889\" data-end=\"905\">RCD Espanyol<\/strong>, kolekcjoner\u00f3w <strong data-start=\"921\" data-end=\"964\">oryginalnych koszulek pi\u0142karskich retro<\/strong> oraz os\u00f3b ceni\u0105cych <strong data-start=\"985\" data-end=\"1035\">klasyczny design i histori\u0119 hiszpa\u0144skiej pi\u0142ki<\/strong>.<\/p>","protected":false},"featured_media":3482,"template":"","meta":{"_kad_blocks_custom_css":"","_kad_blocks_head_custom_js":"","_kad_blocks_body_custom_js":"","_kad_blocks_footer_custom_js":"","_kad_post_transparent":"","_kad_post_title":"","_kad_post_layout":"","_kad_post_sidebar_id":"","_kad_post_content_style":"","_kad_post_vertical_padding":"","_kad_post_feature":"","_kad_post_feature_position":"","_kad_post_header":false,"_kad_post_footer":false},"product_brand":[86],"product_cat":[31,87,88],"product_tag":[],"class_list":{"0":"post-1745","1":"product","2":"type-product","3":"status-publish","4":"has-post-thumbnail","6":"product_brand-puma","7":"product_cat-kluby-europejskie","8":"product_cat-kluby-hiszpanskie","9":"product_cat-pozostale-kluby-hiszpanskie","10":"pa_location-filip","11":"pa_rozmiar-xl","12":"pa_sezon-1997-98","14":"first","15":"instock","16":"taxable","17":"shipping-taxable","18":"purchasable","19":"product-type-simple","20":"entry","21":"content-bg","22":"loop-entry"},"taxonomy_info":{"product_brand":[{"value":86,"label":"Puma"}],"product_cat":[{"value":31,"label":"Kluby Europejskie"},{"value":87,"label":"Kluby Hiszpa\u0144skie"},{"value":88,"label":"Pozosta\u0142e kluby hiszpa\u0144skie"}],"pa_location":[{"value":18,"label":"FILIP"}],"pa_rozmiar":[{"value":57,"label":"XL"}],"pa_sezon":[{"value":29,"label":"1997\/98"}]},"featured_image_src_large":["https:\/\/fts.you2.pl\/wp-content\/uploads\/2025\/09\/13821-RCD-Espanyol-199798-Home-XL-1024x1024.jpg",1024,1024,true],"author_info":[],"comment_info":"","_links":{"self":[{"href":"https:\/\/fts.you2.pl\/en\/wp-json\/wp\/v2\/product\/1745","targetHints":{"allow":["GET"]}}],"collection":[{"href":"https:\/\/fts.you2.pl\/en\/wp-json\/wp\/v2\/product"}],"about":[{"href":"https:\/\/fts.you2.pl\/en\/wp-json\/wp\/v2\/types\/product"}],"wp:featuredmedia":[{"embeddable":true,"href":"https:\/\/fts.you2.pl\/en\/wp-json\/wp\/v2\/media\/3482"}],"wp:attachment":[{"href":"https:\/\/fts.you2.pl\/en\/wp-json\/wp\/v2\/media?parent=1745"}],"wp:term":[{"taxonomy":"product_brand","embeddable":true,"href":"https:\/\/fts.you2.pl\/en\/wp-json\/wp\/v2\/product_brand?post=1745"},{"taxonomy":"product_cat","embeddable":true,"href":"https:\/\/fts.you2.pl\/en\/wp-json\/wp\/v2\/product_cat?post=1745"},{"taxonomy":"product_tag","embeddable":true,"href":"https:\/\/fts.you2.pl\/en\/wp-json\/wp\/v2\/product_tag?post=1745"}],"curies":[{"name":"wp","href":"https:\/\/api.w.org\/{rel}","templated":true}]}}