{"id":1749,"date":"2021-10-08T16:07:57","date_gmt":"2021-10-08T14:07:57","guid":{"rendered":"https:\/\/fts.you2.pl\/index.php\/produkt\/koszulka-bramkarska-fc-bayern-monachium-2003-04-1-kahn-s\/"},"modified":"2025-09-18T10:27:05","modified_gmt":"2025-09-18T08:27:05","slug":"koszulka-bramkarska-fc-bayern-monachium-2003-04-1-kahn-s","status":"publish","type":"product","link":"https:\/\/fts.you2.pl\/en\/koszulka-bramkarska-fc-bayern-monachium-2003-04-1-kahn-s\/","title":{"rendered":"Koszulka bramkarska FC Bayern Monachium 2003\/04 1 Kahn [S]"},"content":{"rendered":"<p><strong>Klub: <\/strong>FC Bayern Monachium<\/p>\n<p><strong>Zawodnik: <\/strong>1 Kahn<\/p>\n<p><strong>Sezon: <\/strong>2003\/04<\/p>\n<p><strong>Rozmiar: <\/strong>S<\/p>\n<p><strong>Wymiary (szeroko\u015b\u0107 pod pachami\/d\u0142ugo\u015b\u0107) w cm:\u00a0<\/strong>55\/72<\/p>\n<p><strong>Stan:<\/strong> Bardzo dobry &#8211; kilka drobnych zaci\u0105gni\u0119\u0107.<\/p>","protected":false},"excerpt":{"rendered":"<p>Koszulka bramkarska FC Bayern Monachium 2003\/04 1 Kahn [S]<\/p>","protected":false},"featured_media":3515,"template":"","meta":{"_kad_blocks_custom_css":"","_kad_blocks_head_custom_js":"","_kad_blocks_body_custom_js":"","_kad_blocks_footer_custom_js":"","_kad_post_transparent":"","_kad_post_title":"","_kad_post_layout":"","_kad_post_sidebar_id":"","_kad_post_content_style":"","_kad_post_vertical_padding":"","_kad_post_feature":"","_kad_post_feature_position":"","_kad_post_header":false,"_kad_post_footer":false},"product_brand":[45],"product_cat":[100,31,46],"product_tag":[],"class_list":{"0":"post-1749","1":"product","2":"type-product","3":"status-publish","4":"has-post-thumbnail","6":"product_brand-adidas","7":"product_cat-fc-bayern-monachium","8":"product_cat-kluby-europejskie","9":"product_cat-kluby-niemieckie","10":"pa_location-filip","11":"pa_napis-kahn","12":"pa_numer-98","13":"pa_rozmiar-s","14":"pa_sezon-2003-04","16":"first","17":"instock","18":"taxable","19":"shipping-taxable","20":"purchasable","21":"product-type-simple","22":"entry","23":"content-bg","24":"loop-entry"},"taxonomy_info":{"product_brand":[{"value":45,"label":"Adidas"}],"product_cat":[{"value":100,"label":"FC Bayern Monachium"},{"value":31,"label":"Kluby Europejskie"},{"value":46,"label":"Kluby Niemieckie"}],"pa_location":[{"value":18,"label":"FILIP"}],"pa_napis":[{"value":97,"label":"Kahn"}],"pa_numer":[{"value":98,"label":"1"}],"pa_rozmiar":[{"value":19,"label":"S"}],"pa_sezon":[{"value":99,"label":"2003\/04"}]},"featured_image_src_large":["https:\/\/fts.you2.pl\/wp-content\/uploads\/2025\/09\/9967-Koszulka-bramkarska-FC-Bayern-Monachium-200304-1-Kahn-S-1024x1024.jpg",1024,1024,true],"author_info":[],"comment_info":"","_links":{"self":[{"href":"https:\/\/fts.you2.pl\/en\/wp-json\/wp\/v2\/product\/1749","targetHints":{"allow":["GET"]}}],"collection":[{"href":"https:\/\/fts.you2.pl\/en\/wp-json\/wp\/v2\/product"}],"about":[{"href":"https:\/\/fts.you2.pl\/en\/wp-json\/wp\/v2\/types\/product"}],"wp:featuredmedia":[{"embeddable":true,"href":"https:\/\/fts.you2.pl\/en\/wp-json\/wp\/v2\/media\/3515"}],"wp:attachment":[{"href":"https:\/\/fts.you2.pl\/en\/wp-json\/wp\/v2\/media?parent=1749"}],"wp:term":[{"taxonomy":"product_brand","embeddable":true,"href":"https:\/\/fts.you2.pl\/en\/wp-json\/wp\/v2\/product_brand?post=1749"},{"taxonomy":"product_cat","embeddable":true,"href":"https:\/\/fts.you2.pl\/en\/wp-json\/wp\/v2\/product_cat?post=1749"},{"taxonomy":"product_tag","embeddable":true,"href":"https:\/\/fts.you2.pl\/en\/wp-json\/wp\/v2\/product_tag?post=1749"}],"curies":[{"name":"wp","href":"https:\/\/api.w.org\/{rel}","templated":true}]}}