{"id":1754,"date":"2021-10-08T16:08:17","date_gmt":"2021-10-08T14:08:17","guid":{"rendered":"https:\/\/fts.you2.pl\/index.php\/produkt\/koszulka-baseballowa-florida-marlins-l\/"},"modified":"2025-09-18T10:35:56","modified_gmt":"2025-09-18T08:35:56","slug":"koszulka-baseballowa-florida-marlins-l","status":"publish","type":"product","link":"https:\/\/fts.you2.pl\/en\/koszulka-baseballowa-florida-marlins-l\/","title":{"rendered":"BASEBALL Florida Marlins [L]"},"content":{"rendered":"<p><strong>Klub: <\/strong>Florida Marlins<\/p>\n<p><strong>Rozmiar: <\/strong>L<\/p>\n<p><strong>Wymiary (szeroko\u015b\u0107 pod pachami\/d\u0142ugo\u015b\u0107) w cm:\u00a0<\/strong>56\/79<\/p>\n<p><strong>Stan:<\/strong> Bardzo dobry &#8211; kilka drobnych zabrudze\u0144.<\/p>","protected":false},"excerpt":{"rendered":"<p>BASEBALL Florida Marlins [L]<\/p>","protected":false},"featured_media":3550,"template":"","meta":{"_kad_blocks_custom_css":"","_kad_blocks_head_custom_js":"","_kad_blocks_body_custom_js":"","_kad_blocks_footer_custom_js":"","_kad_post_transparent":"","_kad_post_title":"","_kad_post_layout":"","_kad_post_sidebar_id":"","_kad_post_content_style":"","_kad_post_vertical_padding":"","_kad_post_feature":"","_kad_post_feature_position":"","_kad_post_header":false,"_kad_post_footer":false},"product_brand":[109],"product_cat":[111,25,110],"product_tag":[],"class_list":{"0":"post-1754","1":"product","2":"type-product","3":"status-publish","4":"has-post-thumbnail","6":"product_brand-starter","7":"product_cat-baseball","8":"product_cat-inne","9":"product_cat-inne-sporty","10":"pa_location-filip","11":"pa_rozmiar-l","13":"first","14":"instock","15":"taxable","16":"shipping-taxable","17":"purchasable","18":"product-type-simple","19":"entry","20":"content-bg","21":"loop-entry"},"taxonomy_info":{"product_brand":[{"value":109,"label":"Starter"}],"product_cat":[{"value":111,"label":"Baseball"},{"value":25,"label":"Inne"},{"value":110,"label":"Inne sporty"}],"pa_location":[{"value":18,"label":"FILIP"}],"pa_rozmiar":[{"value":39,"label":"L"}]},"featured_image_src_large":["https:\/\/fts.you2.pl\/wp-content\/uploads\/2025\/09\/9993-Koszulka-Baseballowa-Florida-Marlins-L-1024x1024.jpg",1024,1024,true],"author_info":[],"comment_info":"","_links":{"self":[{"href":"https:\/\/fts.you2.pl\/en\/wp-json\/wp\/v2\/product\/1754","targetHints":{"allow":["GET"]}}],"collection":[{"href":"https:\/\/fts.you2.pl\/en\/wp-json\/wp\/v2\/product"}],"about":[{"href":"https:\/\/fts.you2.pl\/en\/wp-json\/wp\/v2\/types\/product"}],"wp:featuredmedia":[{"embeddable":true,"href":"https:\/\/fts.you2.pl\/en\/wp-json\/wp\/v2\/media\/3550"}],"wp:attachment":[{"href":"https:\/\/fts.you2.pl\/en\/wp-json\/wp\/v2\/media?parent=1754"}],"wp:term":[{"taxonomy":"product_brand","embeddable":true,"href":"https:\/\/fts.you2.pl\/en\/wp-json\/wp\/v2\/product_brand?post=1754"},{"taxonomy":"product_cat","embeddable":true,"href":"https:\/\/fts.you2.pl\/en\/wp-json\/wp\/v2\/product_cat?post=1754"},{"taxonomy":"product_tag","embeddable":true,"href":"https:\/\/fts.you2.pl\/en\/wp-json\/wp\/v2\/product_tag?post=1754"}],"curies":[{"name":"wp","href":"https:\/\/api.w.org\/{rel}","templated":true}]}}