{"id":1758,"date":"2021-10-08T16:08:29","date_gmt":"2021-10-08T14:08:29","guid":{"rendered":"https:\/\/fts.you2.pl\/index.php\/produkt\/grasshopper-club-zurych-1999-00-away-m\/"},"modified":"2025-09-18T10:43:29","modified_gmt":"2025-09-18T08:43:29","slug":"grasshopper-club-zurych-1999-00-away-m","status":"publish","type":"product","link":"https:\/\/fts.you2.pl\/en\/grasshopper-club-zurych-1999-00-away-m\/","title":{"rendered":"Grasshopper Club Zurych 1999\/00 Away [M]"},"content":{"rendered":"<p><strong>Klub: <\/strong>Grasshopper Club Zurych<\/p>\n<p><strong>Sezon: <\/strong>1999\/00 Away<\/p>\n<p><strong>Rozmiar: <\/strong>M<\/p>\n<p><strong>Wymiary (szeroko\u015b\u0107 pod pachami\/d\u0142ugo\u015b\u0107) w cm:\u00a0<\/strong>56\/71<\/p>\n<p><strong>Stan:<\/strong> Doskona\u0142y<\/p>","protected":false},"excerpt":{"rendered":"<p>Grasshopper Club Zurych 1999\/00 Away [M]<\/p>","protected":false},"featured_media":3582,"template":"","meta":{"_kad_blocks_custom_css":"","_kad_blocks_head_custom_js":"","_kad_blocks_body_custom_js":"","_kad_blocks_footer_custom_js":"","_kad_post_transparent":"","_kad_post_title":"","_kad_post_layout":"","_kad_post_sidebar_id":"","_kad_post_content_style":"","_kad_post_vertical_padding":"","_kad_post_feature":"","_kad_post_feature_position":"","_kad_post_header":false,"_kad_post_footer":false},"product_brand":[45],"product_cat":[104,50,31],"product_tag":[],"class_list":{"0":"post-1758","1":"product","2":"type-product","3":"status-publish","4":"has-post-thumbnail","6":"product_brand-adidas","7":"product_cat-austria-i-szwajcaria","8":"product_cat-kluby-europejskie-kluby-europejskie","9":"product_cat-kluby-europejskie","10":"pa_location-filip","11":"pa_rozmiar-m","12":"pa_sezon-1999-00","14":"first","15":"instock","16":"taxable","17":"shipping-taxable","18":"purchasable","19":"product-type-simple","20":"entry","21":"content-bg","22":"loop-entry"},"taxonomy_info":{"product_brand":[{"value":45,"label":"Adidas"}],"product_cat":[{"value":104,"label":"Austria i Szwajcaria"},{"value":50,"label":"Kluby Europejskie"},{"value":31,"label":"Kluby Europejskie"}],"pa_location":[{"value":18,"label":"FILIP"}],"pa_rozmiar":[{"value":28,"label":"M"}],"pa_sezon":[{"value":85,"label":"1999\/00"}]},"featured_image_src_large":["https:\/\/fts.you2.pl\/wp-content\/uploads\/2025\/09\/13765-Grasshopper-Club-Zurych-199900-Away-M-1024x1024.jpg",1024,1024,true],"author_info":[],"comment_info":"","_links":{"self":[{"href":"https:\/\/fts.you2.pl\/en\/wp-json\/wp\/v2\/product\/1758","targetHints":{"allow":["GET"]}}],"collection":[{"href":"https:\/\/fts.you2.pl\/en\/wp-json\/wp\/v2\/product"}],"about":[{"href":"https:\/\/fts.you2.pl\/en\/wp-json\/wp\/v2\/types\/product"}],"wp:featuredmedia":[{"embeddable":true,"href":"https:\/\/fts.you2.pl\/en\/wp-json\/wp\/v2\/media\/3582"}],"wp:attachment":[{"href":"https:\/\/fts.you2.pl\/en\/wp-json\/wp\/v2\/media?parent=1758"}],"wp:term":[{"taxonomy":"product_brand","embeddable":true,"href":"https:\/\/fts.you2.pl\/en\/wp-json\/wp\/v2\/product_brand?post=1758"},{"taxonomy":"product_cat","embeddable":true,"href":"https:\/\/fts.you2.pl\/en\/wp-json\/wp\/v2\/product_cat?post=1758"},{"taxonomy":"product_tag","embeddable":true,"href":"https:\/\/fts.you2.pl\/en\/wp-json\/wp\/v2\/product_tag?post=1758"}],"curies":[{"name":"wp","href":"https:\/\/api.w.org\/{rel}","templated":true}]}}