{"id":1770,"date":"2021-10-08T16:09:51","date_gmt":"2021-10-08T14:09:51","guid":{"rendered":"https:\/\/fts.you2.pl\/index.php\/produkt\/koszulka-okolicznosciowa-mundial-1998-xl\/"},"modified":"2025-09-18T11:03:32","modified_gmt":"2025-09-18T09:03:32","slug":"koszulka-okolicznosciowa-mundial-1998-xl","status":"publish","type":"product","link":"https:\/\/fts.you2.pl\/en\/koszulka-okolicznosciowa-mundial-1998-xl\/","title":{"rendered":"Koszulka okoliczno\u015bciowa Mundial 1998 [XL]"},"content":{"rendered":"<p><strong>Sezon: <\/strong>1998 <\/p>\n<p><strong>Rozmiar: <\/strong>XL<\/p>\n<p><strong>Wymiary (szeroko\u015b\u0107 pod pachami\/d\u0142ugo\u015b\u0107) w cm:\u00a0<\/strong>57\/76<\/p>\n<p><strong>Stan:<\/strong> Bardzo dobry &#8211; jedno bia\u0142e zabrudzenie z ty\u0142u koszulki.<\/p>\n<p><strong>Dodatkowe informacje:<\/strong> Bawe\u0142niana koszulka okoliczno\u015bciowa wydana z okazji Mistrzostw \u015awiata we Francji w 1998 roku.<\/p>","protected":false},"excerpt":{"rendered":"<p>Koszulka okoliczno\u015bciowa Mundial 1998 [XL]<\/p>","protected":false},"featured_media":3661,"template":"","meta":{"_kad_blocks_custom_css":"","_kad_blocks_head_custom_js":"","_kad_blocks_body_custom_js":"","_kad_blocks_footer_custom_js":"","_kad_post_transparent":"","_kad_post_title":"","_kad_post_layout":"","_kad_post_sidebar_id":"","_kad_post_content_style":"","_kad_post_vertical_padding":"","_kad_post_feature":"","_kad_post_feature_position":"","_kad_post_header":false,"_kad_post_footer":false},"product_brand":[45],"product_cat":[137,77,138,139,140,23,22],"product_tag":[],"class_list":{"0":"post-1770","1":"product","2":"type-product","3":"status-publish","4":"has-post-thumbnail","6":"product_brand-adidas","7":"product_cat-reprezentacje-afryka","8":"product_cat-ameryka-poludniowa-reprezentacje","9":"product_cat-ameryka-srodkowa-i-polnocna-reprezentacje","10":"product_cat-australia-i-oceania","11":"product_cat-azja","12":"product_cat-europa","13":"product_cat-reprezentacje","14":"pa_location-filip","15":"pa_rozmiar-xl","16":"pa_sezon-136","18":"first","19":"instock","20":"taxable","21":"shipping-taxable","22":"purchasable","23":"product-type-simple","24":"entry","25":"content-bg","26":"loop-entry"},"taxonomy_info":{"product_brand":[{"value":45,"label":"Adidas"}],"product_cat":[{"value":137,"label":"Afryka"},{"value":77,"label":"Ameryka Po\u0142udniowa"},{"value":138,"label":"Ameryka \u015arodkowa i P\u00f3\u0142nocna"},{"value":139,"label":"Australia i Oceania"},{"value":140,"label":"Azja"},{"value":23,"label":"Europa"},{"value":22,"label":"REPREZENTACJE"}],"pa_location":[{"value":18,"label":"FILIP"}],"pa_rozmiar":[{"value":57,"label":"XL"}],"pa_sezon":[{"value":136,"label":"1998"}]},"featured_image_src_large":["https:\/\/fts.you2.pl\/wp-content\/uploads\/2025\/09\/16695-Koszulka-okolicznosciowa-Mundial-1998-XL-1-1024x1024.jpg",1024,1024,true],"author_info":[],"comment_info":"","_links":{"self":[{"href":"https:\/\/fts.you2.pl\/en\/wp-json\/wp\/v2\/product\/1770","targetHints":{"allow":["GET"]}}],"collection":[{"href":"https:\/\/fts.you2.pl\/en\/wp-json\/wp\/v2\/product"}],"about":[{"href":"https:\/\/fts.you2.pl\/en\/wp-json\/wp\/v2\/types\/product"}],"wp:featuredmedia":[{"embeddable":true,"href":"https:\/\/fts.you2.pl\/en\/wp-json\/wp\/v2\/media\/3661"}],"wp:attachment":[{"href":"https:\/\/fts.you2.pl\/en\/wp-json\/wp\/v2\/media?parent=1770"}],"wp:term":[{"taxonomy":"product_brand","embeddable":true,"href":"https:\/\/fts.you2.pl\/en\/wp-json\/wp\/v2\/product_brand?post=1770"},{"taxonomy":"product_cat","embeddable":true,"href":"https:\/\/fts.you2.pl\/en\/wp-json\/wp\/v2\/product_cat?post=1770"},{"taxonomy":"product_tag","embeddable":true,"href":"https:\/\/fts.you2.pl\/en\/wp-json\/wp\/v2\/product_tag?post=1770"}],"curies":[{"name":"wp","href":"https:\/\/api.w.org\/{rel}","templated":true}]}}