{"id":1772,"date":"2021-10-08T16:10:04","date_gmt":"2021-10-08T14:10:04","guid":{"rendered":"https:\/\/fts.you2.pl\/index.php\/produkt\/niemcy-1996-98-home-xl\/"},"modified":"2025-09-19T14:11:50","modified_gmt":"2025-09-19T12:11:50","slug":"niemcy-1996-98-home-xl","status":"publish","type":"product","link":"https:\/\/fts.you2.pl\/en\/niemcy-1996-98-home-xl\/","title":{"rendered":"Niemcy 1996\/98 Home [XL]"},"content":{"rendered":"<p><strong>Klub: <\/strong>Niemcy<\/p>\n<p><strong>Sezon: <\/strong>1996\/98 Home<\/p>\n<p><strong>Rozmiar: <\/strong>XL<\/p>\n<p><strong>Wymiary (szeroko\u015b\u0107 pod pachami\/d\u0142ugo\u015b\u0107) w cm:\u00a0<\/strong>61\/75<\/p>\n<p><strong>Stan:<\/strong> Doskona\u0142y<\/p>\n<p><strong>Dodatkowe informacje:<\/strong> Koszulka posiada charakterystyczny emblemat, dodawany do tych koszulek z okazji przyznania Niemcom organizacji Mistrzostw \u015awiata w 2006 roku.<\/p>\n<p><strong>Oryginalna, domowa koszulka reprezentacji Niemiec<\/strong> z lat <strong>1996-98<\/strong> produkcji Adidasa, charakteryzuj\u0105ca si\u0119 g\u0142\u0119bok\u0105 biel\u0105, du\u017cym logiem federacji oraz czarno \u017c\u00f3\u0142tymi wstawkami. Jest to podstawowy komplet<strong> Die Mannschaft<\/strong>, w kt\u00f3rym wyst\u0119powali na<strong> Euro 1996<\/strong>, w kt\u00f3rym finalnie zaj\u0119li pierwsze miejsce.<\/p>","protected":false},"excerpt":{"rendered":"<p>Niemcy 1996\/98 Home [XL]<\/p>","protected":false},"featured_media":12576,"template":"","meta":{"_kad_blocks_custom_css":"","_kad_blocks_head_custom_js":"","_kad_blocks_body_custom_js":"","_kad_blocks_footer_custom_js":"","_kad_post_transparent":"","_kad_post_title":"","_kad_post_layout":"","_kad_post_sidebar_id":"","_kad_post_content_style":"","_kad_post_vertical_padding":"","_kad_post_feature":"","_kad_post_feature_position":"","_kad_post_header":false,"_kad_post_footer":false},"product_brand":[45],"product_cat":[23,143,22],"product_tag":[],"class_list":{"0":"post-1772","1":"product","2":"type-product","3":"status-publish","4":"has-post-thumbnail","6":"product_brand-adidas","7":"product_cat-europa","8":"product_cat-niemcy","9":"product_cat-reprezentacje","10":"pa_location-filip","11":"pa_rozmiar-xl","12":"pa_sezon-1996-98","14":"first","15":"instock","16":"taxable","17":"shipping-taxable","18":"purchasable","19":"product-type-simple","20":"entry","21":"content-bg","22":"loop-entry"},"taxonomy_info":{"product_brand":[{"value":45,"label":"Adidas"}],"product_cat":[{"value":23,"label":"Europa"},{"value":143,"label":"Niemcy"},{"value":22,"label":"REPREZENTACJE"}],"pa_location":[{"value":18,"label":"FILIP"}],"pa_rozmiar":[{"value":57,"label":"XL"}],"pa_sezon":[{"value":52,"label":"1996\/98"}]},"featured_image_src_large":["https:\/\/fts.you2.pl\/wp-content\/uploads\/2025\/09\/Photoroom_074_20250322_192504-1024x1024.png",1024,1024,true],"author_info":[],"comment_info":"","_links":{"self":[{"href":"https:\/\/fts.you2.pl\/en\/wp-json\/wp\/v2\/product\/1772","targetHints":{"allow":["GET"]}}],"collection":[{"href":"https:\/\/fts.you2.pl\/en\/wp-json\/wp\/v2\/product"}],"about":[{"href":"https:\/\/fts.you2.pl\/en\/wp-json\/wp\/v2\/types\/product"}],"wp:featuredmedia":[{"embeddable":true,"href":"https:\/\/fts.you2.pl\/en\/wp-json\/wp\/v2\/media\/12576"}],"wp:attachment":[{"href":"https:\/\/fts.you2.pl\/en\/wp-json\/wp\/v2\/media?parent=1772"}],"wp:term":[{"taxonomy":"product_brand","embeddable":true,"href":"https:\/\/fts.you2.pl\/en\/wp-json\/wp\/v2\/product_brand?post=1772"},{"taxonomy":"product_cat","embeddable":true,"href":"https:\/\/fts.you2.pl\/en\/wp-json\/wp\/v2\/product_cat?post=1772"},{"taxonomy":"product_tag","embeddable":true,"href":"https:\/\/fts.you2.pl\/en\/wp-json\/wp\/v2\/product_tag?post=1772"}],"curies":[{"name":"wp","href":"https:\/\/api.w.org\/{rel}","templated":true}]}}